{"id":86,"date":"2022-04-08T11:31:25","date_gmt":"2022-04-08T14:31:25","guid":{"rendered":"https:\/\/efece.com.ar\/retamoza\/?post_type=product&#038;p=86"},"modified":"2022-04-13T01:24:04","modified_gmt":"2022-04-13T04:24:04","slug":"el-tango-desde-el-saxo","status":"publish","type":"product","link":"https:\/\/www.retamoza.com.ar\/fr\/producciones\/el-tango-desde-el-saxo\/","title":{"rendered":"Tango du saxophone"},"content":{"rendered":"<p>Jorge Retamoza est un saxophoniste, musicien et professeur absolument personnel. Sa recherche continue est aujourd'hui une signature d\u00e9pos\u00e9e dans le monde du tango et du saxophone. Son d\u00e9veloppement stylistique, sa facette en tant que compositeur et sa contribution au genre non seulement du r\u00e9pertoire mais aussi de son instrument, ont r\u00e9ussi \u00e0 revitaliser le saxophone en Argentine et dans le monde, avec des phrases, des tubes et des dessins de tous degr\u00e9s de difficult\u00e9, qui ne peut \u00eatre ni appliqu\u00e9e ni connue jusqu'\u00e0 l'insertion de Retamoza dans le panorama musical actuel. Tout cela cr\u00e9e un livre unique. Dans cet ouvrage, vous trouverez tous les \u00e9l\u00e9ments n\u00e9cessaires (avec des explications th\u00e9oriques et pratiques, y compris un glossaire complet des audios jou\u00e9s par le m\u00eame auteur) qui vous permettront non seulement d'acqu\u00e9rir la ductilit\u00e9 et la technique pour jouer de l'instrument avec plaisir. Aussi et pour la premi\u00e8re fois, vous appliquerez du saxo les gestes du tango avec la pr\u00e9cision du style de Salg\u00e1n, Federico, Troilo, Grela, Marconi, Piazzolla ou l'auteur lui-m\u00eame. Bend, glissandos, portamentos, slaps, frullatos, arrangements et transcriptions des auteurs pr\u00e9cit\u00e9s sont un outil d\u00e9ploy\u00e9 \u00e9galement dans ces pages de ce livre, et dans les audios, permettant d'aborder toutes ces notions avec dynamisme et ressources. Il convient de noter que l'ouvrage de Jorge Retamoza s'adresse aux quatre saxophones couramment utilis\u00e9s, mais le d\u00e9veloppement des chapitres sera tout aussi attrayant et utile pour d'autres instruments \u00e0 vent tels que la fl\u00fbte, la clarinette, le hautbois, etc. Melos est heureux d'accueillir Jorge et de vous apporter ce nouvel outil qui, selon nous, sera de consultation, d'int\u00e9r\u00eat et de plaisir permanent.<\/p>\n<p><center><iframe loading=\"lazy\" title=\"YouTube video player\" src=\"https:\/\/www.youtube.com\/embed\/OcKqRjTDZUc\" width=\"560\" height=\"315\" frameborder=\"0\" allowfullscreen=\"allowfullscreen\"><\/iframe><\/center><\/p>","protected":false},"excerpt":{"rendered":"<p>Jorge Retamoza es un saxofonista, m\u00fasico y docente absolutamente personal. Su b\u00fasqueda continua es hoy firma registrada en el mundo del tango y el saxo. Su desarrollo estil\u00edstico, su faceta como compositor y su aporte al g\u00e9nero no solo desde el repertorio sino tambi\u00e9n desde su instrumento, ha logrado revitalizar al saxo en Argentina y&#8230;<\/p>","protected":false},"featured_media":87,"template":"","meta":[],"product_brand":[],"product_cat":[18],"product_tag":[20],"class_list":{"0":"post-86","1":"product","2":"type-product","3":"status-publish","4":"has-post-thumbnail","6":"product_cat-libros","7":"product_tag-edicion-impresa","9":"first","10":"instock","11":"sold-individually","12":"shipping-taxable","13":"product-type-external"},"yoast_head":"<!-- This site is optimized with the Yoast SEO plugin v23.0 - https:\/\/yoast.com\/wordpress\/plugins\/seo\/ -->\n<title>El Tango desde el saxo - Jorge Retamoza<\/title>\n<meta name=\"robots\" content=\"index, follow, max-snippet:-1, max-image-preview:large, max-video-preview:-1\" \/>\n<link rel=\"canonical\" href=\"https:\/\/www.retamoza.com.ar\/fr\/producciones\/el-tango-desde-el-saxo\/\" \/>\n<meta property=\"og:locale\" content=\"fr_FR\" \/>\n<meta property=\"og:type\" content=\"article\" \/>\n<meta property=\"og:title\" content=\"El Tango desde el saxo - Jorge Retamoza\" \/>\n<meta property=\"og:description\" content=\"Jorge Retamoza es un saxofonista, m\u00fasico y docente absolutamente personal. Su b\u00fasqueda continua es hoy firma registrada en el mundo del tango y el saxo. Su desarrollo estil\u00edstico, su faceta como compositor y su aporte al g\u00e9nero no solo desde el repertorio sino tambi\u00e9n desde su instrumento, ha logrado revitalizar al saxo en Argentina y...\" \/>\n<meta property=\"og:url\" content=\"https:\/\/www.retamoza.com.ar\/fr\/producciones\/el-tango-desde-el-saxo\/\" \/>\n<meta property=\"og:site_name\" content=\"Jorge Retamoza\" \/>\n<meta property=\"article:modified_time\" content=\"2022-04-13T04:24:04+00:00\" \/>\n<meta property=\"og:image\" content=\"https:\/\/www.retamoza.com.ar\/wp-content\/uploads\/tapa-libro-ok-51-e1651842449654.jpg\" \/>\n\t<meta property=\"og:image:width\" content=\"2273\" \/>\n\t<meta property=\"og:image:height\" content=\"1588\" \/>\n\t<meta property=\"og:image:type\" content=\"image\/jpeg\" \/>\n<meta name=\"twitter:card\" content=\"summary_large_image\" \/>\n<meta name=\"twitter:label1\" content=\"Est. reading time\" \/>\n\t<meta name=\"twitter:data1\" content=\"1 minute\" \/>\n<script type=\"application\/ld+json\" class=\"yoast-schema-graph\">{\"@context\":\"https:\/\/schema.org\",\"@graph\":[{\"@type\":\"WebPage\",\"@id\":\"https:\/\/www.retamoza.com.ar\/producciones\/el-tango-desde-el-saxo\/\",\"url\":\"https:\/\/www.retamoza.com.ar\/producciones\/el-tango-desde-el-saxo\/\",\"name\":\"El Tango desde el saxo - Jorge Retamoza\",\"isPartOf\":{\"@id\":\"https:\/\/www.retamoza.com.ar\/#website\"},\"primaryImageOfPage\":{\"@id\":\"https:\/\/www.retamoza.com.ar\/producciones\/el-tango-desde-el-saxo\/#primaryimage\"},\"image\":{\"@id\":\"https:\/\/www.retamoza.com.ar\/producciones\/el-tango-desde-el-saxo\/#primaryimage\"},\"thumbnailUrl\":\"https:\/\/www.retamoza.com.ar\/wp-content\/uploads\/tapa-libro-ok-51-e1651842449654.jpg\",\"datePublished\":\"2022-04-08T14:31:25+00:00\",\"dateModified\":\"2022-04-13T04:24:04+00:00\",\"breadcrumb\":{\"@id\":\"https:\/\/www.retamoza.com.ar\/producciones\/el-tango-desde-el-saxo\/#breadcrumb\"},\"inLanguage\":\"fr-FR\",\"potentialAction\":[{\"@type\":\"ReadAction\",\"target\":[\"https:\/\/www.retamoza.com.ar\/producciones\/el-tango-desde-el-saxo\/\"]}]},{\"@type\":\"ImageObject\",\"inLanguage\":\"fr-FR\",\"@id\":\"https:\/\/www.retamoza.com.ar\/producciones\/el-tango-desde-el-saxo\/#primaryimage\",\"url\":\"https:\/\/www.retamoza.com.ar\/wp-content\/uploads\/tapa-libro-ok-51-e1651842449654.jpg\",\"contentUrl\":\"https:\/\/www.retamoza.com.ar\/wp-content\/uploads\/tapa-libro-ok-51-e1651842449654.jpg\",\"width\":2273,\"height\":1588},{\"@type\":\"BreadcrumbList\",\"@id\":\"https:\/\/www.retamoza.com.ar\/producciones\/el-tango-desde-el-saxo\/#breadcrumb\",\"itemListElement\":[{\"@type\":\"ListItem\",\"position\":1,\"name\":\"Inicio\",\"item\":\"https:\/\/www.retamoza.com.ar\/\"},{\"@type\":\"ListItem\",\"position\":2,\"name\":\"Tienda\",\"item\":\"https:\/\/www.retamoza.com.ar\/tienda\/\"},{\"@type\":\"ListItem\",\"position\":3,\"name\":\"El Tango desde el saxo\"}]},{\"@type\":\"WebSite\",\"@id\":\"https:\/\/www.retamoza.com.ar\/#website\",\"url\":\"https:\/\/www.retamoza.com.ar\/\",\"name\":\"Jorge Retamoza\",\"description\":\"Saxofonista Compositor\",\"publisher\":{\"@id\":\"https:\/\/www.retamoza.com.ar\/#organization\"},\"potentialAction\":[{\"@type\":\"SearchAction\",\"target\":{\"@type\":\"EntryPoint\",\"urlTemplate\":\"https:\/\/www.retamoza.com.ar\/?s={search_term_string}\"},\"query-input\":\"required name=search_term_string\"}],\"inLanguage\":\"fr-FR\"},{\"@type\":\"Organization\",\"@id\":\"https:\/\/www.retamoza.com.ar\/#organization\",\"name\":\"Jorge Retamoza\",\"url\":\"https:\/\/www.retamoza.com.ar\/\",\"logo\":{\"@type\":\"ImageObject\",\"inLanguage\":\"fr-FR\",\"@id\":\"https:\/\/www.retamoza.com.ar\/#\/schema\/logo\/image\/\",\"url\":\"https:\/\/www.retamoza.com.ar\/wp-content\/uploads\/Saxo_tenor_cpk_nikel1-e1651888892642.png\",\"contentUrl\":\"https:\/\/www.retamoza.com.ar\/wp-content\/uploads\/Saxo_tenor_cpk_nikel1-e1651888892642.png\",\"width\":1000,\"height\":1000,\"caption\":\"Jorge Retamoza\"},\"image\":{\"@id\":\"https:\/\/www.retamoza.com.ar\/#\/schema\/logo\/image\/\"}}]}<\/script>\n<!-- \/ Yoast SEO plugin. -->","yoast_head_json":{"title":"El Tango desde el saxo - Jorge Retamoza","robots":{"index":"index","follow":"follow","max-snippet":"max-snippet:-1","max-image-preview":"max-image-preview:large","max-video-preview":"max-video-preview:-1"},"canonical":"https:\/\/www.retamoza.com.ar\/fr\/producciones\/el-tango-desde-el-saxo\/","og_locale":"fr_FR","og_type":"article","og_title":"El Tango desde el saxo - Jorge Retamoza","og_description":"Jorge Retamoza es un saxofonista, m\u00fasico y docente absolutamente personal. Su b\u00fasqueda continua es hoy firma registrada en el mundo del tango y el saxo. Su desarrollo estil\u00edstico, su faceta como compositor y su aporte al g\u00e9nero no solo desde el repertorio sino tambi\u00e9n desde su instrumento, ha logrado revitalizar al saxo en Argentina y...","og_url":"https:\/\/www.retamoza.com.ar\/fr\/producciones\/el-tango-desde-el-saxo\/","og_site_name":"Jorge Retamoza","article_modified_time":"2022-04-13T04:24:04+00:00","og_image":[{"width":2273,"height":1588,"url":"https:\/\/www.retamoza.com.ar\/wp-content\/uploads\/tapa-libro-ok-51-e1651842449654.jpg","type":"image\/jpeg"}],"twitter_card":"summary_large_image","twitter_misc":{"Est. reading time":"1 minute"},"schema":{"@context":"https:\/\/schema.org","@graph":[{"@type":"WebPage","@id":"https:\/\/www.retamoza.com.ar\/producciones\/el-tango-desde-el-saxo\/","url":"https:\/\/www.retamoza.com.ar\/producciones\/el-tango-desde-el-saxo\/","name":"El Tango desde el saxo - Jorge Retamoza","isPartOf":{"@id":"https:\/\/www.retamoza.com.ar\/#website"},"primaryImageOfPage":{"@id":"https:\/\/www.retamoza.com.ar\/producciones\/el-tango-desde-el-saxo\/#primaryimage"},"image":{"@id":"https:\/\/www.retamoza.com.ar\/producciones\/el-tango-desde-el-saxo\/#primaryimage"},"thumbnailUrl":"https:\/\/www.retamoza.com.ar\/wp-content\/uploads\/tapa-libro-ok-51-e1651842449654.jpg","datePublished":"2022-04-08T14:31:25+00:00","dateModified":"2022-04-13T04:24:04+00:00","breadcrumb":{"@id":"https:\/\/www.retamoza.com.ar\/producciones\/el-tango-desde-el-saxo\/#breadcrumb"},"inLanguage":"fr-FR","potentialAction":[{"@type":"ReadAction","target":["https:\/\/www.retamoza.com.ar\/producciones\/el-tango-desde-el-saxo\/"]}]},{"@type":"ImageObject","inLanguage":"fr-FR","@id":"https:\/\/www.retamoza.com.ar\/producciones\/el-tango-desde-el-saxo\/#primaryimage","url":"https:\/\/www.retamoza.com.ar\/wp-content\/uploads\/tapa-libro-ok-51-e1651842449654.jpg","contentUrl":"https:\/\/www.retamoza.com.ar\/wp-content\/uploads\/tapa-libro-ok-51-e1651842449654.jpg","width":2273,"height":1588},{"@type":"BreadcrumbList","@id":"https:\/\/www.retamoza.com.ar\/producciones\/el-tango-desde-el-saxo\/#breadcrumb","itemListElement":[{"@type":"ListItem","position":1,"name":"Inicio","item":"https:\/\/www.retamoza.com.ar\/"},{"@type":"ListItem","position":2,"name":"Tienda","item":"https:\/\/www.retamoza.com.ar\/tienda\/"},{"@type":"ListItem","position":3,"name":"El Tango desde el saxo"}]},{"@type":"WebSite","@id":"https:\/\/www.retamoza.com.ar\/#website","url":"https:\/\/www.retamoza.com.ar\/","name":"Jorge Retamoza","description":"Saxofonista Compositor","publisher":{"@id":"https:\/\/www.retamoza.com.ar\/#organization"},"potentialAction":[{"@type":"SearchAction","target":{"@type":"EntryPoint","urlTemplate":"https:\/\/www.retamoza.com.ar\/?s={search_term_string}"},"query-input":"required name=search_term_string"}],"inLanguage":"fr-FR"},{"@type":"Organization","@id":"https:\/\/www.retamoza.com.ar\/#organization","name":"Jorge Retamoza","url":"https:\/\/www.retamoza.com.ar\/","logo":{"@type":"ImageObject","inLanguage":"fr-FR","@id":"https:\/\/www.retamoza.com.ar\/#\/schema\/logo\/image\/","url":"https:\/\/www.retamoza.com.ar\/wp-content\/uploads\/Saxo_tenor_cpk_nikel1-e1651888892642.png","contentUrl":"https:\/\/www.retamoza.com.ar\/wp-content\/uploads\/Saxo_tenor_cpk_nikel1-e1651888892642.png","width":1000,"height":1000,"caption":"Jorge Retamoza"},"image":{"@id":"https:\/\/www.retamoza.com.ar\/#\/schema\/logo\/image\/"}}]}},"_links":{"self":[{"href":"https:\/\/www.retamoza.com.ar\/fr\/wp-json\/wp\/v2\/product\/86","targetHints":{"allow":["GET"]}}],"collection":[{"href":"https:\/\/www.retamoza.com.ar\/fr\/wp-json\/wp\/v2\/product"}],"about":[{"href":"https:\/\/www.retamoza.com.ar\/fr\/wp-json\/wp\/v2\/types\/product"}],"wp:featuredmedia":[{"embeddable":true,"href":"https:\/\/www.retamoza.com.ar\/fr\/wp-json\/wp\/v2\/media\/87"}],"wp:attachment":[{"href":"https:\/\/www.retamoza.com.ar\/fr\/wp-json\/wp\/v2\/media?parent=86"}],"wp:term":[{"taxonomy":"product_brand","embeddable":true,"href":"https:\/\/www.retamoza.com.ar\/fr\/wp-json\/wp\/v2\/product_brand?post=86"},{"taxonomy":"product_cat","embeddable":true,"href":"https:\/\/www.retamoza.com.ar\/fr\/wp-json\/wp\/v2\/product_cat?post=86"},{"taxonomy":"product_tag","embeddable":true,"href":"https:\/\/www.retamoza.com.ar\/fr\/wp-json\/wp\/v2\/product_tag?post=86"}],"curies":[{"name":"wp","href":"https:\/\/api.w.org\/{rel}","templated":true}]}}