{"id":373,"date":"1999-01-01T00:00:25","date_gmt":"1999-01-01T03:00:25","guid":{"rendered":"https:\/\/retamoza.efece.ar\/?post_type=product&#038;p=373"},"modified":"2025-06-19T11:27:50","modified_gmt":"2025-06-19T14:27:50","slug":"policial-argentino","status":"publish","type":"product","link":"https:\/\/www.retamoza.com.ar\/fr\/producciones\/policial-argentino\/","title":{"rendered":"Policial Argentino"},"content":{"rendered":"<p><iframe title=\"Spotify Embed: Policial Argentino\" style=\"border-radius: 12px\" width=\"100%\" height=\"352\" frameborder=\"0\" allowfullscreen allow=\"autoplay; clipboard-write; encrypted-media; fullscreen; picture-in-picture\" loading=\"lazy\" src=\"https:\/\/open.spotify.com\/embed\/album\/53wuYO9tMZcTeIJN40P7h6?si=Wl7dyILoSTe-s5mrijYSVw&#038;utm_source=oembed\"><\/iframe><\/p>\n<ol>\n<li>Policial argentino (Jorge Retamoza)<\/li>\n<li>Escualo (Piazzolla)<\/li>\n<li>Los mareados (Cobi\u00e1n-Cad\u00edcamo)<\/li>\n<li>De alg\u00fan modo (Jorge Retamoza)<\/li>\n<li>Sobre el puente (Jorge Retamoza)<\/li>\n<li>La \u00faltima vez siempre (Jorge Retamoza)<\/li>\n<li>Reuni\u00f3n cumbre (Piazzolla)<\/li>\n<li>S\u00f3nico (Rovira)<\/li>\n<li>De menor a mayor (Bazzola)<\/li>\n<\/ol>\n<p>Jorge Retamoza: saxo alto, saxo tenor, arreglos<br \/>\nAlejandro Szabo: bandone\u00f3n<br \/>\nFernando Pugliese: piano<br \/>\nLisandro Fiks: contrabajo<br \/>\nDaniel M\u00edguez: bater\u00eda<br \/>\nOscar D\u2019El\u00eda: piano en 3 y 9<\/p>","protected":false},"excerpt":{"rendered":"<p>Policial argentino (Jorge Retamoza) Escualo (Piazzolla) Los mareados (Cobi\u00e1n-Cad\u00edcamo) De alg\u00fan modo (Jorge Retamoza) Sobre el puente (Jorge Retamoza) La \u00faltima vez siempre (Jorge Retamoza) Reuni\u00f3n cumbre (Piazzolla) S\u00f3nico (Rovira) De menor a mayor (Bazzola) Jorge Retamoza: saxo alto, saxo tenor, arreglos Alejandro Szabo: bandone\u00f3n Fernando Pugliese: piano Lisandro Fiks: contrabajo Daniel M\u00edguez: bater\u00eda Oscar&#8230;<\/p>","protected":false},"featured_media":374,"template":"","meta":[],"product_brand":[],"product_cat":[49],"product_tag":[19,51],"class_list":{"0":"post-373","1":"product","2":"type-product","3":"status-publish","4":"has-post-thumbnail","6":"product_cat-discos","7":"product_tag-edicion-digital","8":"product_tag-edicion-fisica","10":"first","11":"instock","12":"virtual","13":"product-type-simple"},"yoast_head":"<!-- This site is optimized with the Yoast SEO plugin v23.0 - https:\/\/yoast.com\/wordpress\/plugins\/seo\/ -->\n<title>Policial Argentino - Jorge Retamoza<\/title>\n<meta name=\"robots\" content=\"index, follow, max-snippet:-1, max-image-preview:large, max-video-preview:-1\" \/>\n<link rel=\"canonical\" href=\"https:\/\/www.retamoza.com.ar\/fr\/producciones\/policial-argentino\/\" \/>\n<meta property=\"og:locale\" content=\"fr_FR\" \/>\n<meta property=\"og:type\" content=\"article\" \/>\n<meta property=\"og:title\" content=\"Policial Argentino - Jorge Retamoza\" \/>\n<meta property=\"og:description\" content=\"Policial argentino (Jorge Retamoza) Escualo (Piazzolla) Los mareados (Cobi\u00e1n-Cad\u00edcamo) De alg\u00fan modo (Jorge Retamoza) Sobre el puente (Jorge Retamoza) La \u00faltima vez siempre (Jorge Retamoza) Reuni\u00f3n cumbre (Piazzolla) S\u00f3nico (Rovira) De menor a mayor (Bazzola) Jorge Retamoza: saxo alto, saxo tenor, arreglos Alejandro Szabo: bandone\u00f3n Fernando Pugliese: piano Lisandro Fiks: contrabajo Daniel M\u00edguez: bater\u00eda Oscar...\" \/>\n<meta property=\"og:url\" content=\"https:\/\/www.retamoza.com.ar\/fr\/producciones\/policial-argentino\/\" \/>\n<meta property=\"og:site_name\" content=\"Jorge Retamoza\" \/>\n<meta property=\"article:modified_time\" content=\"2025-06-19T14:27:50+00:00\" \/>\n<meta property=\"og:image\" content=\"https:\/\/www.retamoza.com.ar\/wp-content\/uploads\/tapa-policial1-e1650589877558.jpg\" \/>\n\t<meta property=\"og:image:width\" content=\"1386\" \/>\n\t<meta property=\"og:image:height\" content=\"1400\" \/>\n\t<meta property=\"og:image:type\" content=\"image\/jpeg\" \/>\n<meta name=\"twitter:card\" content=\"summary_large_image\" \/>\n<script type=\"application\/ld+json\" class=\"yoast-schema-graph\">{\"@context\":\"https:\/\/schema.org\",\"@graph\":[{\"@type\":\"WebPage\",\"@id\":\"https:\/\/www.retamoza.com.ar\/producciones\/policial-argentino\/\",\"url\":\"https:\/\/www.retamoza.com.ar\/producciones\/policial-argentino\/\",\"name\":\"Policial Argentino - Jorge Retamoza\",\"isPartOf\":{\"@id\":\"https:\/\/www.retamoza.com.ar\/#website\"},\"primaryImageOfPage\":{\"@id\":\"https:\/\/www.retamoza.com.ar\/producciones\/policial-argentino\/#primaryimage\"},\"image\":{\"@id\":\"https:\/\/www.retamoza.com.ar\/producciones\/policial-argentino\/#primaryimage\"},\"thumbnailUrl\":\"https:\/\/www.retamoza.com.ar\/wp-content\/uploads\/tapa-policial1-e1650589877558.jpg\",\"datePublished\":\"1999-01-01T03:00:25+00:00\",\"dateModified\":\"2025-06-19T14:27:50+00:00\",\"breadcrumb\":{\"@id\":\"https:\/\/www.retamoza.com.ar\/producciones\/policial-argentino\/#breadcrumb\"},\"inLanguage\":\"fr-FR\",\"potentialAction\":[{\"@type\":\"ReadAction\",\"target\":[\"https:\/\/www.retamoza.com.ar\/producciones\/policial-argentino\/\"]}]},{\"@type\":\"ImageObject\",\"inLanguage\":\"fr-FR\",\"@id\":\"https:\/\/www.retamoza.com.ar\/producciones\/policial-argentino\/#primaryimage\",\"url\":\"https:\/\/www.retamoza.com.ar\/wp-content\/uploads\/tapa-policial1-e1650589877558.jpg\",\"contentUrl\":\"https:\/\/www.retamoza.com.ar\/wp-content\/uploads\/tapa-policial1-e1650589877558.jpg\",\"width\":1386,\"height\":1400},{\"@type\":\"BreadcrumbList\",\"@id\":\"https:\/\/www.retamoza.com.ar\/producciones\/policial-argentino\/#breadcrumb\",\"itemListElement\":[{\"@type\":\"ListItem\",\"position\":1,\"name\":\"Inicio\",\"item\":\"https:\/\/www.retamoza.com.ar\/\"},{\"@type\":\"ListItem\",\"position\":2,\"name\":\"Tienda\",\"item\":\"https:\/\/www.retamoza.com.ar\/tienda\/\"},{\"@type\":\"ListItem\",\"position\":3,\"name\":\"Policial Argentino\"}]},{\"@type\":\"WebSite\",\"@id\":\"https:\/\/www.retamoza.com.ar\/#website\",\"url\":\"https:\/\/www.retamoza.com.ar\/\",\"name\":\"Jorge Retamoza\",\"description\":\"Saxofonista Compositor\",\"publisher\":{\"@id\":\"https:\/\/www.retamoza.com.ar\/#organization\"},\"potentialAction\":[{\"@type\":\"SearchAction\",\"target\":{\"@type\":\"EntryPoint\",\"urlTemplate\":\"https:\/\/www.retamoza.com.ar\/?s={search_term_string}\"},\"query-input\":\"required name=search_term_string\"}],\"inLanguage\":\"fr-FR\"},{\"@type\":\"Organization\",\"@id\":\"https:\/\/www.retamoza.com.ar\/#organization\",\"name\":\"Jorge Retamoza\",\"url\":\"https:\/\/www.retamoza.com.ar\/\",\"logo\":{\"@type\":\"ImageObject\",\"inLanguage\":\"fr-FR\",\"@id\":\"https:\/\/www.retamoza.com.ar\/#\/schema\/logo\/image\/\",\"url\":\"https:\/\/www.retamoza.com.ar\/wp-content\/uploads\/Saxo_tenor_cpk_nikel1-e1651888892642.png\",\"contentUrl\":\"https:\/\/www.retamoza.com.ar\/wp-content\/uploads\/Saxo_tenor_cpk_nikel1-e1651888892642.png\",\"width\":1000,\"height\":1000,\"caption\":\"Jorge Retamoza\"},\"image\":{\"@id\":\"https:\/\/www.retamoza.com.ar\/#\/schema\/logo\/image\/\"}}]}<\/script>\n<!-- \/ Yoast SEO plugin. -->","yoast_head_json":{"title":"Policial Argentino - Jorge Retamoza","robots":{"index":"index","follow":"follow","max-snippet":"max-snippet:-1","max-image-preview":"max-image-preview:large","max-video-preview":"max-video-preview:-1"},"canonical":"https:\/\/www.retamoza.com.ar\/fr\/producciones\/policial-argentino\/","og_locale":"fr_FR","og_type":"article","og_title":"Policial Argentino - Jorge Retamoza","og_description":"Policial argentino (Jorge Retamoza) Escualo (Piazzolla) Los mareados (Cobi\u00e1n-Cad\u00edcamo) De alg\u00fan modo (Jorge Retamoza) Sobre el puente (Jorge Retamoza) La \u00faltima vez siempre (Jorge Retamoza) Reuni\u00f3n cumbre (Piazzolla) S\u00f3nico (Rovira) De menor a mayor (Bazzola) Jorge Retamoza: saxo alto, saxo tenor, arreglos Alejandro Szabo: bandone\u00f3n Fernando Pugliese: piano Lisandro Fiks: contrabajo Daniel M\u00edguez: bater\u00eda Oscar...","og_url":"https:\/\/www.retamoza.com.ar\/fr\/producciones\/policial-argentino\/","og_site_name":"Jorge Retamoza","article_modified_time":"2025-06-19T14:27:50+00:00","og_image":[{"width":1386,"height":1400,"url":"https:\/\/www.retamoza.com.ar\/wp-content\/uploads\/tapa-policial1-e1650589877558.jpg","type":"image\/jpeg"}],"twitter_card":"summary_large_image","schema":{"@context":"https:\/\/schema.org","@graph":[{"@type":"WebPage","@id":"https:\/\/www.retamoza.com.ar\/producciones\/policial-argentino\/","url":"https:\/\/www.retamoza.com.ar\/producciones\/policial-argentino\/","name":"Policial Argentino - Jorge Retamoza","isPartOf":{"@id":"https:\/\/www.retamoza.com.ar\/#website"},"primaryImageOfPage":{"@id":"https:\/\/www.retamoza.com.ar\/producciones\/policial-argentino\/#primaryimage"},"image":{"@id":"https:\/\/www.retamoza.com.ar\/producciones\/policial-argentino\/#primaryimage"},"thumbnailUrl":"https:\/\/www.retamoza.com.ar\/wp-content\/uploads\/tapa-policial1-e1650589877558.jpg","datePublished":"1999-01-01T03:00:25+00:00","dateModified":"2025-06-19T14:27:50+00:00","breadcrumb":{"@id":"https:\/\/www.retamoza.com.ar\/producciones\/policial-argentino\/#breadcrumb"},"inLanguage":"fr-FR","potentialAction":[{"@type":"ReadAction","target":["https:\/\/www.retamoza.com.ar\/producciones\/policial-argentino\/"]}]},{"@type":"ImageObject","inLanguage":"fr-FR","@id":"https:\/\/www.retamoza.com.ar\/producciones\/policial-argentino\/#primaryimage","url":"https:\/\/www.retamoza.com.ar\/wp-content\/uploads\/tapa-policial1-e1650589877558.jpg","contentUrl":"https:\/\/www.retamoza.com.ar\/wp-content\/uploads\/tapa-policial1-e1650589877558.jpg","width":1386,"height":1400},{"@type":"BreadcrumbList","@id":"https:\/\/www.retamoza.com.ar\/producciones\/policial-argentino\/#breadcrumb","itemListElement":[{"@type":"ListItem","position":1,"name":"Inicio","item":"https:\/\/www.retamoza.com.ar\/"},{"@type":"ListItem","position":2,"name":"Tienda","item":"https:\/\/www.retamoza.com.ar\/tienda\/"},{"@type":"ListItem","position":3,"name":"Policial Argentino"}]},{"@type":"WebSite","@id":"https:\/\/www.retamoza.com.ar\/#website","url":"https:\/\/www.retamoza.com.ar\/","name":"Jorge Retamoza","description":"Saxofonista Compositor","publisher":{"@id":"https:\/\/www.retamoza.com.ar\/#organization"},"potentialAction":[{"@type":"SearchAction","target":{"@type":"EntryPoint","urlTemplate":"https:\/\/www.retamoza.com.ar\/?s={search_term_string}"},"query-input":"required name=search_term_string"}],"inLanguage":"fr-FR"},{"@type":"Organization","@id":"https:\/\/www.retamoza.com.ar\/#organization","name":"Jorge Retamoza","url":"https:\/\/www.retamoza.com.ar\/","logo":{"@type":"ImageObject","inLanguage":"fr-FR","@id":"https:\/\/www.retamoza.com.ar\/#\/schema\/logo\/image\/","url":"https:\/\/www.retamoza.com.ar\/wp-content\/uploads\/Saxo_tenor_cpk_nikel1-e1651888892642.png","contentUrl":"https:\/\/www.retamoza.com.ar\/wp-content\/uploads\/Saxo_tenor_cpk_nikel1-e1651888892642.png","width":1000,"height":1000,"caption":"Jorge Retamoza"},"image":{"@id":"https:\/\/www.retamoza.com.ar\/#\/schema\/logo\/image\/"}}]}},"_links":{"self":[{"href":"https:\/\/www.retamoza.com.ar\/fr\/wp-json\/wp\/v2\/product\/373","targetHints":{"allow":["GET"]}}],"collection":[{"href":"https:\/\/www.retamoza.com.ar\/fr\/wp-json\/wp\/v2\/product"}],"about":[{"href":"https:\/\/www.retamoza.com.ar\/fr\/wp-json\/wp\/v2\/types\/product"}],"wp:featuredmedia":[{"embeddable":true,"href":"https:\/\/www.retamoza.com.ar\/fr\/wp-json\/wp\/v2\/media\/374"}],"wp:attachment":[{"href":"https:\/\/www.retamoza.com.ar\/fr\/wp-json\/wp\/v2\/media?parent=373"}],"wp:term":[{"taxonomy":"product_brand","embeddable":true,"href":"https:\/\/www.retamoza.com.ar\/fr\/wp-json\/wp\/v2\/product_brand?post=373"},{"taxonomy":"product_cat","embeddable":true,"href":"https:\/\/www.retamoza.com.ar\/fr\/wp-json\/wp\/v2\/product_cat?post=373"},{"taxonomy":"product_tag","embeddable":true,"href":"https:\/\/www.retamoza.com.ar\/fr\/wp-json\/wp\/v2\/product_tag?post=373"}],"curies":[{"name":"wp","href":"https:\/\/api.w.org\/{rel}","templated":true}]}}