{"id":344,"date":"2002-01-01T00:00:38","date_gmt":"2002-01-01T03:00:38","guid":{"rendered":"https:\/\/retamoza.efece.ar\/?post_type=product&#038;p=344"},"modified":"2022-04-21T23:49:25","modified_gmt":"2022-04-22T02:49:25","slug":"balvanera","status":"publish","type":"product","link":"https:\/\/www.retamoza.com.ar\/fr\/producciones\/balvanera\/","title":{"rendered":"Balvanera"},"content":{"rendered":"<ol>\n<li>S\u00edntesis I (Jorge Retamoza)<\/li>\n<li>Catamarca (Arolas)<\/li>\n<li>Balvanera (Jorge Retamoza)<\/li>\n<li>La salida (Jorge Retamoza)<\/li>\n<li>Sintesis II (Jorge Retamoza)<\/li>\n<li>La Ultima Curda (Troilo-Castillo)<\/li>\n<li>Policrom\u00edas (Rovira)<\/li>\n<li>Kicho (A.Piazzolla)<\/li>\n<li>Saxone\u00f3n (Lerman)<\/li>\n<\/ol>\n<p>Jorge Retamoza:saxo alto, saxo tenor, arreglos, Rom\u00e1n Rosso: bandone\u00f3n, Germ\u00e1n Mart\u00ednez: piano, Lisandro Fiks: contrabajo, Daniel M\u00edguez: bater\u00eda<\/p>","protected":false},"excerpt":{"rendered":"<p>S\u00edntesis I (Jorge Retamoza) Catamarca (Arolas) Balvanera (Jorge Retamoza) La salida (Jorge Retamoza) Sintesis II (Jorge Retamoza) La Ultima Curda (Troilo-Castillo) Policrom\u00edas (Rovira) Kicho (A.Piazzolla) Saxone\u00f3n (Lerman) Jorge Retamoza:saxo alto, saxo tenor, arreglos, Rom\u00e1n Rosso: bandone\u00f3n, Germ\u00e1n Mart\u00ednez: piano, Lisandro Fiks: contrabajo, Daniel M\u00edguez: bater\u00eda<\/p>","protected":false},"featured_media":345,"template":"","meta":[],"product_brand":[],"product_cat":[49],"product_tag":[19,51],"class_list":{"0":"post-344","1":"product","2":"type-product","3":"status-publish","4":"has-post-thumbnail","6":"product_cat-discos","7":"product_tag-edicion-digital","8":"product_tag-edicion-fisica","10":"first","11":"instock","12":"shipping-taxable","13":"product-type-simple"},"yoast_head":"<!-- This site is optimized with the Yoast SEO plugin v23.0 - https:\/\/yoast.com\/wordpress\/plugins\/seo\/ -->\n<title>Balvanera - Jorge Retamoza<\/title>\n<meta name=\"robots\" content=\"index, follow, max-snippet:-1, max-image-preview:large, max-video-preview:-1\" \/>\n<link rel=\"canonical\" href=\"https:\/\/www.retamoza.com.ar\/fr\/producciones\/balvanera\/\" \/>\n<meta property=\"og:locale\" content=\"fr_FR\" \/>\n<meta property=\"og:type\" content=\"article\" \/>\n<meta property=\"og:title\" content=\"Balvanera - Jorge Retamoza\" \/>\n<meta property=\"og:description\" content=\"S\u00edntesis I (Jorge Retamoza) Catamarca (Arolas) Balvanera (Jorge Retamoza) La salida (Jorge Retamoza) Sintesis II (Jorge Retamoza) La Ultima Curda (Troilo-Castillo) Policrom\u00edas (Rovira) Kicho (A.Piazzolla) Saxone\u00f3n (Lerman) Jorge Retamoza:saxo alto, saxo tenor, arreglos, Rom\u00e1n Rosso: bandone\u00f3n, Germ\u00e1n Mart\u00ednez: piano, Lisandro Fiks: contrabajo, Daniel M\u00edguez: bater\u00eda\" \/>\n<meta property=\"og:url\" content=\"https:\/\/www.retamoza.com.ar\/fr\/producciones\/balvanera\/\" \/>\n<meta property=\"og:site_name\" content=\"Jorge Retamoza\" \/>\n<meta property=\"article:modified_time\" content=\"2022-04-22T02:49:25+00:00\" \/>\n<meta property=\"og:image\" content=\"https:\/\/www.retamoza.com.ar\/wp-content\/uploads\/tapa-balvanera1.jpg\" \/>\n\t<meta property=\"og:image:width\" content=\"1418\" \/>\n\t<meta property=\"og:image:height\" content=\"1418\" \/>\n\t<meta property=\"og:image:type\" content=\"image\/jpeg\" \/>\n<meta name=\"twitter:card\" content=\"summary_large_image\" \/>\n<script type=\"application\/ld+json\" class=\"yoast-schema-graph\">{\"@context\":\"https:\/\/schema.org\",\"@graph\":[{\"@type\":\"WebPage\",\"@id\":\"https:\/\/www.retamoza.com.ar\/producciones\/balvanera\/\",\"url\":\"https:\/\/www.retamoza.com.ar\/producciones\/balvanera\/\",\"name\":\"Balvanera - Jorge Retamoza\",\"isPartOf\":{\"@id\":\"https:\/\/www.retamoza.com.ar\/#website\"},\"primaryImageOfPage\":{\"@id\":\"https:\/\/www.retamoza.com.ar\/producciones\/balvanera\/#primaryimage\"},\"image\":{\"@id\":\"https:\/\/www.retamoza.com.ar\/producciones\/balvanera\/#primaryimage\"},\"thumbnailUrl\":\"https:\/\/www.retamoza.com.ar\/wp-content\/uploads\/tapa-balvanera1.jpg\",\"datePublished\":\"2002-01-01T03:00:38+00:00\",\"dateModified\":\"2022-04-22T02:49:25+00:00\",\"breadcrumb\":{\"@id\":\"https:\/\/www.retamoza.com.ar\/producciones\/balvanera\/#breadcrumb\"},\"inLanguage\":\"fr-FR\",\"potentialAction\":[{\"@type\":\"ReadAction\",\"target\":[\"https:\/\/www.retamoza.com.ar\/producciones\/balvanera\/\"]}]},{\"@type\":\"ImageObject\",\"inLanguage\":\"fr-FR\",\"@id\":\"https:\/\/www.retamoza.com.ar\/producciones\/balvanera\/#primaryimage\",\"url\":\"https:\/\/www.retamoza.com.ar\/wp-content\/uploads\/tapa-balvanera1.jpg\",\"contentUrl\":\"https:\/\/www.retamoza.com.ar\/wp-content\/uploads\/tapa-balvanera1.jpg\",\"width\":1418,\"height\":1418},{\"@type\":\"BreadcrumbList\",\"@id\":\"https:\/\/www.retamoza.com.ar\/producciones\/balvanera\/#breadcrumb\",\"itemListElement\":[{\"@type\":\"ListItem\",\"position\":1,\"name\":\"Inicio\",\"item\":\"https:\/\/www.retamoza.com.ar\/\"},{\"@type\":\"ListItem\",\"position\":2,\"name\":\"Tienda\",\"item\":\"https:\/\/www.retamoza.com.ar\/tienda\/\"},{\"@type\":\"ListItem\",\"position\":3,\"name\":\"Balvanera\"}]},{\"@type\":\"WebSite\",\"@id\":\"https:\/\/www.retamoza.com.ar\/#website\",\"url\":\"https:\/\/www.retamoza.com.ar\/\",\"name\":\"Jorge Retamoza\",\"description\":\"Saxofonista Compositor\",\"publisher\":{\"@id\":\"https:\/\/www.retamoza.com.ar\/#organization\"},\"potentialAction\":[{\"@type\":\"SearchAction\",\"target\":{\"@type\":\"EntryPoint\",\"urlTemplate\":\"https:\/\/www.retamoza.com.ar\/?s={search_term_string}\"},\"query-input\":\"required name=search_term_string\"}],\"inLanguage\":\"fr-FR\"},{\"@type\":\"Organization\",\"@id\":\"https:\/\/www.retamoza.com.ar\/#organization\",\"name\":\"Jorge Retamoza\",\"url\":\"https:\/\/www.retamoza.com.ar\/\",\"logo\":{\"@type\":\"ImageObject\",\"inLanguage\":\"fr-FR\",\"@id\":\"https:\/\/www.retamoza.com.ar\/#\/schema\/logo\/image\/\",\"url\":\"https:\/\/www.retamoza.com.ar\/wp-content\/uploads\/Saxo_tenor_cpk_nikel1-e1651888892642.png\",\"contentUrl\":\"https:\/\/www.retamoza.com.ar\/wp-content\/uploads\/Saxo_tenor_cpk_nikel1-e1651888892642.png\",\"width\":1000,\"height\":1000,\"caption\":\"Jorge Retamoza\"},\"image\":{\"@id\":\"https:\/\/www.retamoza.com.ar\/#\/schema\/logo\/image\/\"}}]}<\/script>\n<!-- \/ Yoast SEO plugin. -->","yoast_head_json":{"title":"Balvanera - Jorge Retamoza","robots":{"index":"index","follow":"follow","max-snippet":"max-snippet:-1","max-image-preview":"max-image-preview:large","max-video-preview":"max-video-preview:-1"},"canonical":"https:\/\/www.retamoza.com.ar\/fr\/producciones\/balvanera\/","og_locale":"fr_FR","og_type":"article","og_title":"Balvanera - Jorge Retamoza","og_description":"S\u00edntesis I (Jorge Retamoza) Catamarca (Arolas) Balvanera (Jorge Retamoza) La salida (Jorge Retamoza) Sintesis II (Jorge Retamoza) La Ultima Curda (Troilo-Castillo) Policrom\u00edas (Rovira) Kicho (A.Piazzolla) Saxone\u00f3n (Lerman) Jorge Retamoza:saxo alto, saxo tenor, arreglos, Rom\u00e1n Rosso: bandone\u00f3n, Germ\u00e1n Mart\u00ednez: piano, Lisandro Fiks: contrabajo, Daniel M\u00edguez: bater\u00eda","og_url":"https:\/\/www.retamoza.com.ar\/fr\/producciones\/balvanera\/","og_site_name":"Jorge Retamoza","article_modified_time":"2022-04-22T02:49:25+00:00","og_image":[{"width":1418,"height":1418,"url":"https:\/\/www.retamoza.com.ar\/wp-content\/uploads\/tapa-balvanera1.jpg","type":"image\/jpeg"}],"twitter_card":"summary_large_image","schema":{"@context":"https:\/\/schema.org","@graph":[{"@type":"WebPage","@id":"https:\/\/www.retamoza.com.ar\/producciones\/balvanera\/","url":"https:\/\/www.retamoza.com.ar\/producciones\/balvanera\/","name":"Balvanera - Jorge Retamoza","isPartOf":{"@id":"https:\/\/www.retamoza.com.ar\/#website"},"primaryImageOfPage":{"@id":"https:\/\/www.retamoza.com.ar\/producciones\/balvanera\/#primaryimage"},"image":{"@id":"https:\/\/www.retamoza.com.ar\/producciones\/balvanera\/#primaryimage"},"thumbnailUrl":"https:\/\/www.retamoza.com.ar\/wp-content\/uploads\/tapa-balvanera1.jpg","datePublished":"2002-01-01T03:00:38+00:00","dateModified":"2022-04-22T02:49:25+00:00","breadcrumb":{"@id":"https:\/\/www.retamoza.com.ar\/producciones\/balvanera\/#breadcrumb"},"inLanguage":"fr-FR","potentialAction":[{"@type":"ReadAction","target":["https:\/\/www.retamoza.com.ar\/producciones\/balvanera\/"]}]},{"@type":"ImageObject","inLanguage":"fr-FR","@id":"https:\/\/www.retamoza.com.ar\/producciones\/balvanera\/#primaryimage","url":"https:\/\/www.retamoza.com.ar\/wp-content\/uploads\/tapa-balvanera1.jpg","contentUrl":"https:\/\/www.retamoza.com.ar\/wp-content\/uploads\/tapa-balvanera1.jpg","width":1418,"height":1418},{"@type":"BreadcrumbList","@id":"https:\/\/www.retamoza.com.ar\/producciones\/balvanera\/#breadcrumb","itemListElement":[{"@type":"ListItem","position":1,"name":"Inicio","item":"https:\/\/www.retamoza.com.ar\/"},{"@type":"ListItem","position":2,"name":"Tienda","item":"https:\/\/www.retamoza.com.ar\/tienda\/"},{"@type":"ListItem","position":3,"name":"Balvanera"}]},{"@type":"WebSite","@id":"https:\/\/www.retamoza.com.ar\/#website","url":"https:\/\/www.retamoza.com.ar\/","name":"Jorge Retamoza","description":"Saxofonista Compositor","publisher":{"@id":"https:\/\/www.retamoza.com.ar\/#organization"},"potentialAction":[{"@type":"SearchAction","target":{"@type":"EntryPoint","urlTemplate":"https:\/\/www.retamoza.com.ar\/?s={search_term_string}"},"query-input":"required name=search_term_string"}],"inLanguage":"fr-FR"},{"@type":"Organization","@id":"https:\/\/www.retamoza.com.ar\/#organization","name":"Jorge Retamoza","url":"https:\/\/www.retamoza.com.ar\/","logo":{"@type":"ImageObject","inLanguage":"fr-FR","@id":"https:\/\/www.retamoza.com.ar\/#\/schema\/logo\/image\/","url":"https:\/\/www.retamoza.com.ar\/wp-content\/uploads\/Saxo_tenor_cpk_nikel1-e1651888892642.png","contentUrl":"https:\/\/www.retamoza.com.ar\/wp-content\/uploads\/Saxo_tenor_cpk_nikel1-e1651888892642.png","width":1000,"height":1000,"caption":"Jorge Retamoza"},"image":{"@id":"https:\/\/www.retamoza.com.ar\/#\/schema\/logo\/image\/"}}]}},"_links":{"self":[{"href":"https:\/\/www.retamoza.com.ar\/fr\/wp-json\/wp\/v2\/product\/344","targetHints":{"allow":["GET"]}}],"collection":[{"href":"https:\/\/www.retamoza.com.ar\/fr\/wp-json\/wp\/v2\/product"}],"about":[{"href":"https:\/\/www.retamoza.com.ar\/fr\/wp-json\/wp\/v2\/types\/product"}],"wp:featuredmedia":[{"embeddable":true,"href":"https:\/\/www.retamoza.com.ar\/fr\/wp-json\/wp\/v2\/media\/345"}],"wp:attachment":[{"href":"https:\/\/www.retamoza.com.ar\/fr\/wp-json\/wp\/v2\/media?parent=344"}],"wp:term":[{"taxonomy":"product_brand","embeddable":true,"href":"https:\/\/www.retamoza.com.ar\/fr\/wp-json\/wp\/v2\/product_brand?post=344"},{"taxonomy":"product_cat","embeddable":true,"href":"https:\/\/www.retamoza.com.ar\/fr\/wp-json\/wp\/v2\/product_cat?post=344"},{"taxonomy":"product_tag","embeddable":true,"href":"https:\/\/www.retamoza.com.ar\/fr\/wp-json\/wp\/v2\/product_tag?post=344"}],"curies":[{"name":"wp","href":"https:\/\/api.w.org\/{rel}","templated":true}]}}