{"id":341,"date":"2006-01-01T00:00:36","date_gmt":"2006-01-01T03:00:36","guid":{"rendered":"https:\/\/retamoza.efece.ar\/?post_type=product&#038;p=341"},"modified":"2022-04-21T23:49:29","modified_gmt":"2022-04-22T02:49:29","slug":"impresionismo-porteno","status":"publish","type":"product","link":"https:\/\/www.retamoza.com.ar\/fr\/producciones\/impresionismo-porteno\/","title":{"rendered":"Impresionismo Porte\u00f1o"},"content":{"rendered":"<ol>\n<li>Impresionismo porteno ( J. Retamoza)<\/li>\n<li>A\u00f1os de soledad (A. Piazzolla)<\/li>\n<li>Malena(Demare-Manzi)<\/li>\n<li>La pizarra (J. Retamoza)<\/li>\n<li>Quedemonos aqu\u00ed (Stamponi-Exposito)<\/li>\n<li>Estaci\u00f3n Per\u00fa (J. Retamoza)<\/li>\n<li>El choclo (A. Villoldo)<\/li>\n<li>Encuentro \u2013 Encuentro en Buenos Aires (J. Retamoza)<\/li>\n<li>Nocturna (J. Plaza)<\/li>\n<\/ol>\n<p>Todos los temas arreglados por Jorge Retamoza<\/p>\n<p>Jorge Retamoza: saxo bar\u00edtono en 1,5 \/ saxo tenor en 2,3,4,8,9 \/ saxo alto en 6,7<br \/>\nNicol\u00e1s Ledesma: piano en 3<br \/>\nAlejandro Kalinoski: piano en 1,2,4,6,7,8,9<br \/>\nEnrique Entenza: bandone\u00f3n en 1,4,7,8,9<br \/>\nFederico V\u00e1zquez: bandone\u00f3n en 2,5,6,7<br \/>\nGerardo De M\u00f3naco: contrabajo<br \/>\nDaniel Miguez: bater\u00eda<\/p>\n<p>Invitados en los temas 1 y 5<br \/>\nAlejandro Elijovich (viol\u00edn solista), Fabi\u00e1n Bertero, Quique Condom\u00ed, Anette Rued, Irene Cadario (violines), Miguel Bru (viola), Agust\u00edn Bru (cello), Horacio Lar\u00eda (oboe), Luis Martino [h] (corno)<\/p>","protected":false},"excerpt":{"rendered":"<p>Impresionismo porteno ( J. Retamoza) A\u00f1os de soledad (A. Piazzolla) Malena(Demare-Manzi) La pizarra (J. Retamoza) Quedemonos aqu\u00ed (Stamponi-Exposito) Estaci\u00f3n Per\u00fa (J. Retamoza) El choclo (A. Villoldo) Encuentro \u2013 Encuentro en Buenos Aires (J. Retamoza) Nocturna (J. Plaza) Todos los temas arreglados por Jorge Retamoza Jorge Retamoza: saxo bar\u00edtono en 1,5 \/ saxo tenor en 2,3,4,8,9&#8230;<\/p>","protected":false},"featured_media":342,"template":"","meta":[],"product_brand":[],"product_cat":[49],"product_tag":[19,51],"class_list":{"0":"post-341","1":"product","2":"type-product","3":"status-publish","4":"has-post-thumbnail","6":"product_cat-discos","7":"product_tag-edicion-digital","8":"product_tag-edicion-fisica","10":"first","11":"instock","12":"shipping-taxable","13":"product-type-simple"},"yoast_head":"<!-- This site is optimized with the Yoast SEO plugin v23.0 - https:\/\/yoast.com\/wordpress\/plugins\/seo\/ -->\n<title>Impresionismo Porte\u00f1o - Jorge Retamoza<\/title>\n<meta name=\"robots\" content=\"index, follow, max-snippet:-1, max-image-preview:large, max-video-preview:-1\" \/>\n<link rel=\"canonical\" href=\"https:\/\/www.retamoza.com.ar\/fr\/producciones\/impresionismo-porteno\/\" \/>\n<meta property=\"og:locale\" content=\"fr_FR\" \/>\n<meta property=\"og:type\" content=\"article\" \/>\n<meta property=\"og:title\" content=\"Impresionismo Porte\u00f1o - Jorge Retamoza\" \/>\n<meta property=\"og:description\" content=\"Impresionismo porteno ( J. Retamoza) A\u00f1os de soledad (A. Piazzolla) Malena(Demare-Manzi) La pizarra (J. Retamoza) Quedemonos aqu\u00ed (Stamponi-Exposito) Estaci\u00f3n Per\u00fa (J. Retamoza) El choclo (A. Villoldo) Encuentro \u2013 Encuentro en Buenos Aires (J. Retamoza) Nocturna (J. Plaza) Todos los temas arreglados por Jorge Retamoza Jorge Retamoza: saxo bar\u00edtono en 1,5 \/ saxo tenor en 2,3,4,8,9...\" \/>\n<meta property=\"og:url\" content=\"https:\/\/www.retamoza.com.ar\/fr\/producciones\/impresionismo-porteno\/\" \/>\n<meta property=\"og:site_name\" content=\"Jorge Retamoza\" \/>\n<meta property=\"article:modified_time\" content=\"2022-04-22T02:49:29+00:00\" \/>\n<meta property=\"og:image\" content=\"https:\/\/www.retamoza.com.ar\/wp-content\/uploads\/tapa-impre1.jpg\" \/>\n\t<meta property=\"og:image:width\" content=\"1415\" \/>\n\t<meta property=\"og:image:height\" content=\"1427\" \/>\n\t<meta property=\"og:image:type\" content=\"image\/jpeg\" \/>\n<meta name=\"twitter:card\" content=\"summary_large_image\" \/>\n<meta name=\"twitter:label1\" content=\"Est. reading time\" \/>\n\t<meta name=\"twitter:data1\" content=\"1 minute\" \/>\n<script type=\"application\/ld+json\" class=\"yoast-schema-graph\">{\"@context\":\"https:\/\/schema.org\",\"@graph\":[{\"@type\":\"WebPage\",\"@id\":\"https:\/\/www.retamoza.com.ar\/producciones\/impresionismo-porteno\/\",\"url\":\"https:\/\/www.retamoza.com.ar\/producciones\/impresionismo-porteno\/\",\"name\":\"Impresionismo Porte\u00f1o - Jorge Retamoza\",\"isPartOf\":{\"@id\":\"https:\/\/www.retamoza.com.ar\/#website\"},\"primaryImageOfPage\":{\"@id\":\"https:\/\/www.retamoza.com.ar\/producciones\/impresionismo-porteno\/#primaryimage\"},\"image\":{\"@id\":\"https:\/\/www.retamoza.com.ar\/producciones\/impresionismo-porteno\/#primaryimage\"},\"thumbnailUrl\":\"https:\/\/www.retamoza.com.ar\/wp-content\/uploads\/tapa-impre1.jpg\",\"datePublished\":\"2006-01-01T03:00:36+00:00\",\"dateModified\":\"2022-04-22T02:49:29+00:00\",\"breadcrumb\":{\"@id\":\"https:\/\/www.retamoza.com.ar\/producciones\/impresionismo-porteno\/#breadcrumb\"},\"inLanguage\":\"fr-FR\",\"potentialAction\":[{\"@type\":\"ReadAction\",\"target\":[\"https:\/\/www.retamoza.com.ar\/producciones\/impresionismo-porteno\/\"]}]},{\"@type\":\"ImageObject\",\"inLanguage\":\"fr-FR\",\"@id\":\"https:\/\/www.retamoza.com.ar\/producciones\/impresionismo-porteno\/#primaryimage\",\"url\":\"https:\/\/www.retamoza.com.ar\/wp-content\/uploads\/tapa-impre1.jpg\",\"contentUrl\":\"https:\/\/www.retamoza.com.ar\/wp-content\/uploads\/tapa-impre1.jpg\",\"width\":1415,\"height\":1427},{\"@type\":\"BreadcrumbList\",\"@id\":\"https:\/\/www.retamoza.com.ar\/producciones\/impresionismo-porteno\/#breadcrumb\",\"itemListElement\":[{\"@type\":\"ListItem\",\"position\":1,\"name\":\"Inicio\",\"item\":\"https:\/\/www.retamoza.com.ar\/\"},{\"@type\":\"ListItem\",\"position\":2,\"name\":\"Tienda\",\"item\":\"https:\/\/www.retamoza.com.ar\/tienda\/\"},{\"@type\":\"ListItem\",\"position\":3,\"name\":\"Impresionismo Porte\u00f1o\"}]},{\"@type\":\"WebSite\",\"@id\":\"https:\/\/www.retamoza.com.ar\/#website\",\"url\":\"https:\/\/www.retamoza.com.ar\/\",\"name\":\"Jorge Retamoza\",\"description\":\"Saxofonista Compositor\",\"publisher\":{\"@id\":\"https:\/\/www.retamoza.com.ar\/#organization\"},\"potentialAction\":[{\"@type\":\"SearchAction\",\"target\":{\"@type\":\"EntryPoint\",\"urlTemplate\":\"https:\/\/www.retamoza.com.ar\/?s={search_term_string}\"},\"query-input\":\"required name=search_term_string\"}],\"inLanguage\":\"fr-FR\"},{\"@type\":\"Organization\",\"@id\":\"https:\/\/www.retamoza.com.ar\/#organization\",\"name\":\"Jorge Retamoza\",\"url\":\"https:\/\/www.retamoza.com.ar\/\",\"logo\":{\"@type\":\"ImageObject\",\"inLanguage\":\"fr-FR\",\"@id\":\"https:\/\/www.retamoza.com.ar\/#\/schema\/logo\/image\/\",\"url\":\"https:\/\/www.retamoza.com.ar\/wp-content\/uploads\/Saxo_tenor_cpk_nikel1-e1651888892642.png\",\"contentUrl\":\"https:\/\/www.retamoza.com.ar\/wp-content\/uploads\/Saxo_tenor_cpk_nikel1-e1651888892642.png\",\"width\":1000,\"height\":1000,\"caption\":\"Jorge Retamoza\"},\"image\":{\"@id\":\"https:\/\/www.retamoza.com.ar\/#\/schema\/logo\/image\/\"}}]}<\/script>\n<!-- \/ Yoast SEO plugin. -->","yoast_head_json":{"title":"Impresionismo Porte\u00f1o - Jorge Retamoza","robots":{"index":"index","follow":"follow","max-snippet":"max-snippet:-1","max-image-preview":"max-image-preview:large","max-video-preview":"max-video-preview:-1"},"canonical":"https:\/\/www.retamoza.com.ar\/fr\/producciones\/impresionismo-porteno\/","og_locale":"fr_FR","og_type":"article","og_title":"Impresionismo Porte\u00f1o - Jorge Retamoza","og_description":"Impresionismo porteno ( J. Retamoza) A\u00f1os de soledad (A. Piazzolla) Malena(Demare-Manzi) La pizarra (J. Retamoza) Quedemonos aqu\u00ed (Stamponi-Exposito) Estaci\u00f3n Per\u00fa (J. Retamoza) El choclo (A. Villoldo) Encuentro \u2013 Encuentro en Buenos Aires (J. Retamoza) Nocturna (J. Plaza) Todos los temas arreglados por Jorge Retamoza Jorge Retamoza: saxo bar\u00edtono en 1,5 \/ saxo tenor en 2,3,4,8,9...","og_url":"https:\/\/www.retamoza.com.ar\/fr\/producciones\/impresionismo-porteno\/","og_site_name":"Jorge Retamoza","article_modified_time":"2022-04-22T02:49:29+00:00","og_image":[{"width":1415,"height":1427,"url":"https:\/\/www.retamoza.com.ar\/wp-content\/uploads\/tapa-impre1.jpg","type":"image\/jpeg"}],"twitter_card":"summary_large_image","twitter_misc":{"Est. reading time":"1 minute"},"schema":{"@context":"https:\/\/schema.org","@graph":[{"@type":"WebPage","@id":"https:\/\/www.retamoza.com.ar\/producciones\/impresionismo-porteno\/","url":"https:\/\/www.retamoza.com.ar\/producciones\/impresionismo-porteno\/","name":"Impresionismo Porte\u00f1o - Jorge Retamoza","isPartOf":{"@id":"https:\/\/www.retamoza.com.ar\/#website"},"primaryImageOfPage":{"@id":"https:\/\/www.retamoza.com.ar\/producciones\/impresionismo-porteno\/#primaryimage"},"image":{"@id":"https:\/\/www.retamoza.com.ar\/producciones\/impresionismo-porteno\/#primaryimage"},"thumbnailUrl":"https:\/\/www.retamoza.com.ar\/wp-content\/uploads\/tapa-impre1.jpg","datePublished":"2006-01-01T03:00:36+00:00","dateModified":"2022-04-22T02:49:29+00:00","breadcrumb":{"@id":"https:\/\/www.retamoza.com.ar\/producciones\/impresionismo-porteno\/#breadcrumb"},"inLanguage":"fr-FR","potentialAction":[{"@type":"ReadAction","target":["https:\/\/www.retamoza.com.ar\/producciones\/impresionismo-porteno\/"]}]},{"@type":"ImageObject","inLanguage":"fr-FR","@id":"https:\/\/www.retamoza.com.ar\/producciones\/impresionismo-porteno\/#primaryimage","url":"https:\/\/www.retamoza.com.ar\/wp-content\/uploads\/tapa-impre1.jpg","contentUrl":"https:\/\/www.retamoza.com.ar\/wp-content\/uploads\/tapa-impre1.jpg","width":1415,"height":1427},{"@type":"BreadcrumbList","@id":"https:\/\/www.retamoza.com.ar\/producciones\/impresionismo-porteno\/#breadcrumb","itemListElement":[{"@type":"ListItem","position":1,"name":"Inicio","item":"https:\/\/www.retamoza.com.ar\/"},{"@type":"ListItem","position":2,"name":"Tienda","item":"https:\/\/www.retamoza.com.ar\/tienda\/"},{"@type":"ListItem","position":3,"name":"Impresionismo Porte\u00f1o"}]},{"@type":"WebSite","@id":"https:\/\/www.retamoza.com.ar\/#website","url":"https:\/\/www.retamoza.com.ar\/","name":"Jorge Retamoza","description":"Saxofonista Compositor","publisher":{"@id":"https:\/\/www.retamoza.com.ar\/#organization"},"potentialAction":[{"@type":"SearchAction","target":{"@type":"EntryPoint","urlTemplate":"https:\/\/www.retamoza.com.ar\/?s={search_term_string}"},"query-input":"required name=search_term_string"}],"inLanguage":"fr-FR"},{"@type":"Organization","@id":"https:\/\/www.retamoza.com.ar\/#organization","name":"Jorge Retamoza","url":"https:\/\/www.retamoza.com.ar\/","logo":{"@type":"ImageObject","inLanguage":"fr-FR","@id":"https:\/\/www.retamoza.com.ar\/#\/schema\/logo\/image\/","url":"https:\/\/www.retamoza.com.ar\/wp-content\/uploads\/Saxo_tenor_cpk_nikel1-e1651888892642.png","contentUrl":"https:\/\/www.retamoza.com.ar\/wp-content\/uploads\/Saxo_tenor_cpk_nikel1-e1651888892642.png","width":1000,"height":1000,"caption":"Jorge Retamoza"},"image":{"@id":"https:\/\/www.retamoza.com.ar\/#\/schema\/logo\/image\/"}}]}},"_links":{"self":[{"href":"https:\/\/www.retamoza.com.ar\/fr\/wp-json\/wp\/v2\/product\/341","targetHints":{"allow":["GET"]}}],"collection":[{"href":"https:\/\/www.retamoza.com.ar\/fr\/wp-json\/wp\/v2\/product"}],"about":[{"href":"https:\/\/www.retamoza.com.ar\/fr\/wp-json\/wp\/v2\/types\/product"}],"wp:featuredmedia":[{"embeddable":true,"href":"https:\/\/www.retamoza.com.ar\/fr\/wp-json\/wp\/v2\/media\/342"}],"wp:attachment":[{"href":"https:\/\/www.retamoza.com.ar\/fr\/wp-json\/wp\/v2\/media?parent=341"}],"wp:term":[{"taxonomy":"product_brand","embeddable":true,"href":"https:\/\/www.retamoza.com.ar\/fr\/wp-json\/wp\/v2\/product_brand?post=341"},{"taxonomy":"product_cat","embeddable":true,"href":"https:\/\/www.retamoza.com.ar\/fr\/wp-json\/wp\/v2\/product_cat?post=341"},{"taxonomy":"product_tag","embeddable":true,"href":"https:\/\/www.retamoza.com.ar\/fr\/wp-json\/wp\/v2\/product_tag?post=341"}],"curies":[{"name":"wp","href":"https:\/\/api.w.org\/{rel}","templated":true}]}}