{"id":334,"date":"2015-01-01T00:00:44","date_gmt":"2015-01-01T03:00:44","guid":{"rendered":"https:\/\/retamoza.efece.ar\/?post_type=product&#038;p=334"},"modified":"2022-05-02T23:01:11","modified_gmt":"2022-05-03T02:01:11","slug":"colores-del-otono","status":"publish","type":"product","link":"https:\/\/www.retamoza.com.ar\/fr\/producciones\/colores-del-otono\/","title":{"rendered":"Colores Del Oto\u00f1o"},"content":{"rendered":"<p><iframe loading=\"lazy\" style=\"border-radius: 12px;\" src=\"https:\/\/open.spotify.com\/embed\/album\/41nFCx6J7pH98YkWiw8xZB?utm_source=generator\" width=\"100%\" height=\"380\" frameborder=\"0\" allowfullscreen=\"allowfullscreen\"><\/iframe><\/p>\n<ol>\n<li>El Cuarto (Jorge Retamoza)<\/li>\n<li>Aquel 9 (Jorge Retamoza)<\/li>\n<li>Colores del Otono (Jorge Retamoza)<\/li>\n<li>Estudio 1 (Jorge Retamoza)<\/li>\n<li>Otra Lluvia (Jorge Retamoza)<\/li>\n<li>73 La Renga (Jorge Retamoza)<\/li>\n<li>El Tema del Uno (Jorge Retamoza)<\/li>\n<li>Patita (Jorge Retamoza)<\/li>\n<li>Solo en la Multitud (Eduardo Rovira)<\/li>\n<li>Algo As\u00ed (Jorge Retamoza)<\/li>\n<\/ol>\n<p>Toda la m\u00fasica compuesta y arreglada por Jorge Retamoza, salvo donde se indica<\/p>\n<p>Grabado en Estudio Fort por Norberto Villagra y en Estudio ION por Pablo Acedo.<br \/>\nGrabaciones adicionales, mezcla y masterizado por Ariel Gato en Puntoar<br \/>\nFoto y arte de tapa: Roxana Villarino<br \/>\nDise\u00f1o: Diego Soler<br \/>\nEditor: Fernando Lerman<br \/>\nProducido por Jorge Retamoza<br \/>\nM\u00fasicos: Nicol\u00e1s Enrich y Mat\u00edas Rubino (Bandone\u00f3n)<br \/>\nGast\u00f3n Harisquiry y Alejandro Kalinosky (Piano)<br \/>\nRoberto Seitz (Contrabajo)<br \/>\nInvitados: Javier Weintraub (Viol\u00edn), Juli\u00e1n Graciano (Guitarra), Ezequiel Finger (Vibr\u00e1fono) y Marcos Cabezaz (Marimba)<\/p>\n<p>&nbsp;<\/p>","protected":false},"excerpt":{"rendered":"<p>El Cuarto (Jorge Retamoza) Aquel 9 (Jorge Retamoza) Colores del Otono (Jorge Retamoza) Estudio 1 (Jorge Retamoza) Otra Lluvia (Jorge Retamoza) 73 La Renga (Jorge Retamoza) El Tema del Uno (Jorge Retamoza) Patita (Jorge Retamoza) Solo en la Multitud (Eduardo Rovira) Algo As\u00ed (Jorge Retamoza) Toda la m\u00fasica compuesta y arreglada por Jorge Retamoza, salvo&#8230;<\/p>","protected":false},"featured_media":335,"template":"","meta":[],"product_brand":[],"product_cat":[49],"product_tag":[19,51],"class_list":{"0":"post-334","1":"product","2":"type-product","3":"status-publish","4":"has-post-thumbnail","6":"product_cat-discos","7":"product_tag-edicion-digital","8":"product_tag-edicion-fisica","10":"first","11":"instock","12":"virtual","13":"product-type-simple"},"yoast_head":"<!-- This site is optimized with the Yoast SEO plugin v23.0 - https:\/\/yoast.com\/wordpress\/plugins\/seo\/ -->\n<title>Colores Del Oto\u00f1o - Jorge Retamoza<\/title>\n<meta name=\"robots\" content=\"index, follow, max-snippet:-1, max-image-preview:large, max-video-preview:-1\" \/>\n<link rel=\"canonical\" href=\"https:\/\/www.retamoza.com.ar\/fr\/producciones\/colores-del-otono\/\" \/>\n<meta property=\"og:locale\" content=\"fr_FR\" \/>\n<meta property=\"og:type\" content=\"article\" \/>\n<meta property=\"og:title\" content=\"Colores Del Oto\u00f1o - Jorge Retamoza\" \/>\n<meta property=\"og:description\" content=\"El Cuarto (Jorge Retamoza) Aquel 9 (Jorge Retamoza) Colores del Otono (Jorge Retamoza) Estudio 1 (Jorge Retamoza) Otra Lluvia (Jorge Retamoza) 73 La Renga (Jorge Retamoza) El Tema del Uno (Jorge Retamoza) Patita (Jorge Retamoza) Solo en la Multitud (Eduardo Rovira) Algo As\u00ed (Jorge Retamoza) Toda la m\u00fasica compuesta y arreglada por Jorge Retamoza, salvo...\" \/>\n<meta property=\"og:url\" content=\"https:\/\/www.retamoza.com.ar\/fr\/producciones\/colores-del-otono\/\" \/>\n<meta property=\"og:site_name\" content=\"Jorge Retamoza\" \/>\n<meta property=\"article:modified_time\" content=\"2022-05-03T02:01:11+00:00\" \/>\n<meta property=\"og:image\" content=\"https:\/\/www.retamoza.com.ar\/wp-content\/uploads\/tapa-colores1.jpg\" \/>\n\t<meta property=\"og:image:width\" content=\"1674\" \/>\n\t<meta property=\"og:image:height\" content=\"1468\" \/>\n\t<meta property=\"og:image:type\" content=\"image\/jpeg\" \/>\n<meta name=\"twitter:card\" content=\"summary_large_image\" \/>\n<meta name=\"twitter:label1\" content=\"Est. reading time\" \/>\n\t<meta name=\"twitter:data1\" content=\"1 minute\" \/>\n<script type=\"application\/ld+json\" class=\"yoast-schema-graph\">{\"@context\":\"https:\/\/schema.org\",\"@graph\":[{\"@type\":\"WebPage\",\"@id\":\"https:\/\/www.retamoza.com.ar\/producciones\/colores-del-otono\/\",\"url\":\"https:\/\/www.retamoza.com.ar\/producciones\/colores-del-otono\/\",\"name\":\"Colores Del Oto\u00f1o - Jorge Retamoza\",\"isPartOf\":{\"@id\":\"https:\/\/www.retamoza.com.ar\/#website\"},\"primaryImageOfPage\":{\"@id\":\"https:\/\/www.retamoza.com.ar\/producciones\/colores-del-otono\/#primaryimage\"},\"image\":{\"@id\":\"https:\/\/www.retamoza.com.ar\/producciones\/colores-del-otono\/#primaryimage\"},\"thumbnailUrl\":\"https:\/\/www.retamoza.com.ar\/wp-content\/uploads\/tapa-colores1.jpg\",\"datePublished\":\"2015-01-01T03:00:44+00:00\",\"dateModified\":\"2022-05-03T02:01:11+00:00\",\"breadcrumb\":{\"@id\":\"https:\/\/www.retamoza.com.ar\/producciones\/colores-del-otono\/#breadcrumb\"},\"inLanguage\":\"fr-FR\",\"potentialAction\":[{\"@type\":\"ReadAction\",\"target\":[\"https:\/\/www.retamoza.com.ar\/producciones\/colores-del-otono\/\"]}]},{\"@type\":\"ImageObject\",\"inLanguage\":\"fr-FR\",\"@id\":\"https:\/\/www.retamoza.com.ar\/producciones\/colores-del-otono\/#primaryimage\",\"url\":\"https:\/\/www.retamoza.com.ar\/wp-content\/uploads\/tapa-colores1.jpg\",\"contentUrl\":\"https:\/\/www.retamoza.com.ar\/wp-content\/uploads\/tapa-colores1.jpg\",\"width\":1674,\"height\":1468},{\"@type\":\"BreadcrumbList\",\"@id\":\"https:\/\/www.retamoza.com.ar\/producciones\/colores-del-otono\/#breadcrumb\",\"itemListElement\":[{\"@type\":\"ListItem\",\"position\":1,\"name\":\"Inicio\",\"item\":\"https:\/\/www.retamoza.com.ar\/\"},{\"@type\":\"ListItem\",\"position\":2,\"name\":\"Tienda\",\"item\":\"https:\/\/www.retamoza.com.ar\/tienda\/\"},{\"@type\":\"ListItem\",\"position\":3,\"name\":\"Colores Del Oto\u00f1o\"}]},{\"@type\":\"WebSite\",\"@id\":\"https:\/\/www.retamoza.com.ar\/#website\",\"url\":\"https:\/\/www.retamoza.com.ar\/\",\"name\":\"Jorge Retamoza\",\"description\":\"Saxofonista Compositor\",\"publisher\":{\"@id\":\"https:\/\/www.retamoza.com.ar\/#organization\"},\"potentialAction\":[{\"@type\":\"SearchAction\",\"target\":{\"@type\":\"EntryPoint\",\"urlTemplate\":\"https:\/\/www.retamoza.com.ar\/?s={search_term_string}\"},\"query-input\":\"required name=search_term_string\"}],\"inLanguage\":\"fr-FR\"},{\"@type\":\"Organization\",\"@id\":\"https:\/\/www.retamoza.com.ar\/#organization\",\"name\":\"Jorge Retamoza\",\"url\":\"https:\/\/www.retamoza.com.ar\/\",\"logo\":{\"@type\":\"ImageObject\",\"inLanguage\":\"fr-FR\",\"@id\":\"https:\/\/www.retamoza.com.ar\/#\/schema\/logo\/image\/\",\"url\":\"https:\/\/www.retamoza.com.ar\/wp-content\/uploads\/Saxo_tenor_cpk_nikel1-e1651888892642.png\",\"contentUrl\":\"https:\/\/www.retamoza.com.ar\/wp-content\/uploads\/Saxo_tenor_cpk_nikel1-e1651888892642.png\",\"width\":1000,\"height\":1000,\"caption\":\"Jorge Retamoza\"},\"image\":{\"@id\":\"https:\/\/www.retamoza.com.ar\/#\/schema\/logo\/image\/\"}}]}<\/script>\n<!-- \/ Yoast SEO plugin. -->","yoast_head_json":{"title":"Colores Del Oto\u00f1o - Jorge Retamoza","robots":{"index":"index","follow":"follow","max-snippet":"max-snippet:-1","max-image-preview":"max-image-preview:large","max-video-preview":"max-video-preview:-1"},"canonical":"https:\/\/www.retamoza.com.ar\/fr\/producciones\/colores-del-otono\/","og_locale":"fr_FR","og_type":"article","og_title":"Colores Del Oto\u00f1o - Jorge Retamoza","og_description":"El Cuarto (Jorge Retamoza) Aquel 9 (Jorge Retamoza) Colores del Otono (Jorge Retamoza) Estudio 1 (Jorge Retamoza) Otra Lluvia (Jorge Retamoza) 73 La Renga (Jorge Retamoza) El Tema del Uno (Jorge Retamoza) Patita (Jorge Retamoza) Solo en la Multitud (Eduardo Rovira) Algo As\u00ed (Jorge Retamoza) Toda la m\u00fasica compuesta y arreglada por Jorge Retamoza, salvo...","og_url":"https:\/\/www.retamoza.com.ar\/fr\/producciones\/colores-del-otono\/","og_site_name":"Jorge Retamoza","article_modified_time":"2022-05-03T02:01:11+00:00","og_image":[{"width":1674,"height":1468,"url":"https:\/\/www.retamoza.com.ar\/wp-content\/uploads\/tapa-colores1.jpg","type":"image\/jpeg"}],"twitter_card":"summary_large_image","twitter_misc":{"Est. reading time":"1 minute"},"schema":{"@context":"https:\/\/schema.org","@graph":[{"@type":"WebPage","@id":"https:\/\/www.retamoza.com.ar\/producciones\/colores-del-otono\/","url":"https:\/\/www.retamoza.com.ar\/producciones\/colores-del-otono\/","name":"Colores Del Oto\u00f1o - Jorge Retamoza","isPartOf":{"@id":"https:\/\/www.retamoza.com.ar\/#website"},"primaryImageOfPage":{"@id":"https:\/\/www.retamoza.com.ar\/producciones\/colores-del-otono\/#primaryimage"},"image":{"@id":"https:\/\/www.retamoza.com.ar\/producciones\/colores-del-otono\/#primaryimage"},"thumbnailUrl":"https:\/\/www.retamoza.com.ar\/wp-content\/uploads\/tapa-colores1.jpg","datePublished":"2015-01-01T03:00:44+00:00","dateModified":"2022-05-03T02:01:11+00:00","breadcrumb":{"@id":"https:\/\/www.retamoza.com.ar\/producciones\/colores-del-otono\/#breadcrumb"},"inLanguage":"fr-FR","potentialAction":[{"@type":"ReadAction","target":["https:\/\/www.retamoza.com.ar\/producciones\/colores-del-otono\/"]}]},{"@type":"ImageObject","inLanguage":"fr-FR","@id":"https:\/\/www.retamoza.com.ar\/producciones\/colores-del-otono\/#primaryimage","url":"https:\/\/www.retamoza.com.ar\/wp-content\/uploads\/tapa-colores1.jpg","contentUrl":"https:\/\/www.retamoza.com.ar\/wp-content\/uploads\/tapa-colores1.jpg","width":1674,"height":1468},{"@type":"BreadcrumbList","@id":"https:\/\/www.retamoza.com.ar\/producciones\/colores-del-otono\/#breadcrumb","itemListElement":[{"@type":"ListItem","position":1,"name":"Inicio","item":"https:\/\/www.retamoza.com.ar\/"},{"@type":"ListItem","position":2,"name":"Tienda","item":"https:\/\/www.retamoza.com.ar\/tienda\/"},{"@type":"ListItem","position":3,"name":"Colores Del Oto\u00f1o"}]},{"@type":"WebSite","@id":"https:\/\/www.retamoza.com.ar\/#website","url":"https:\/\/www.retamoza.com.ar\/","name":"Jorge Retamoza","description":"Saxofonista Compositor","publisher":{"@id":"https:\/\/www.retamoza.com.ar\/#organization"},"potentialAction":[{"@type":"SearchAction","target":{"@type":"EntryPoint","urlTemplate":"https:\/\/www.retamoza.com.ar\/?s={search_term_string}"},"query-input":"required name=search_term_string"}],"inLanguage":"fr-FR"},{"@type":"Organization","@id":"https:\/\/www.retamoza.com.ar\/#organization","name":"Jorge Retamoza","url":"https:\/\/www.retamoza.com.ar\/","logo":{"@type":"ImageObject","inLanguage":"fr-FR","@id":"https:\/\/www.retamoza.com.ar\/#\/schema\/logo\/image\/","url":"https:\/\/www.retamoza.com.ar\/wp-content\/uploads\/Saxo_tenor_cpk_nikel1-e1651888892642.png","contentUrl":"https:\/\/www.retamoza.com.ar\/wp-content\/uploads\/Saxo_tenor_cpk_nikel1-e1651888892642.png","width":1000,"height":1000,"caption":"Jorge Retamoza"},"image":{"@id":"https:\/\/www.retamoza.com.ar\/#\/schema\/logo\/image\/"}}]}},"_links":{"self":[{"href":"https:\/\/www.retamoza.com.ar\/fr\/wp-json\/wp\/v2\/product\/334","targetHints":{"allow":["GET"]}}],"collection":[{"href":"https:\/\/www.retamoza.com.ar\/fr\/wp-json\/wp\/v2\/product"}],"about":[{"href":"https:\/\/www.retamoza.com.ar\/fr\/wp-json\/wp\/v2\/types\/product"}],"wp:featuredmedia":[{"embeddable":true,"href":"https:\/\/www.retamoza.com.ar\/fr\/wp-json\/wp\/v2\/media\/335"}],"wp:attachment":[{"href":"https:\/\/www.retamoza.com.ar\/fr\/wp-json\/wp\/v2\/media?parent=334"}],"wp:term":[{"taxonomy":"product_brand","embeddable":true,"href":"https:\/\/www.retamoza.com.ar\/fr\/wp-json\/wp\/v2\/product_brand?post=334"},{"taxonomy":"product_cat","embeddable":true,"href":"https:\/\/www.retamoza.com.ar\/fr\/wp-json\/wp\/v2\/product_cat?post=334"},{"taxonomy":"product_tag","embeddable":true,"href":"https:\/\/www.retamoza.com.ar\/fr\/wp-json\/wp\/v2\/product_tag?post=334"}],"curies":[{"name":"wp","href":"https:\/\/api.w.org\/{rel}","templated":true}]}}