{"id":325,"date":"2018-01-01T00:00:45","date_gmt":"2018-01-01T03:00:45","guid":{"rendered":"https:\/\/retamoza.efece.ar\/?post_type=product&#038;p=325"},"modified":"2022-05-02T22:05:53","modified_gmt":"2022-05-03T01:05:53","slug":"seis-estudios-tanguisticos","status":"publish","type":"product","link":"https:\/\/www.retamoza.com.ar\/fr\/producciones\/seis-estudios-tanguisticos\/","title":{"rendered":"Seis Estudios Tangu\u00edsticos"},"content":{"rendered":"<p><iframe loading=\"lazy\" style=\"border-radius: 12px;\" src=\"https:\/\/open.spotify.com\/embed\/album\/326GIw9hF6juDNyryowAwB?utm_source=generator\" width=\"100%\" height=\"380\" frameborder=\"0\" allowfullscreen=\"allowfullscreen\"><\/iframe><\/p>\n<ol>\n<li>D\u00e9cid\u00e9 &#8211; (arr. Jorge Retamoza)<\/li>\n<li>Anxieux et rubato\u2013(arr. Fernando Lerman \/ Jorge Retamoza)<\/li>\n<li>Moltomarcato e energico- (arr. Jorge Retamoza)<\/li>\n<li>Lento-meditativo \u2013 (arr. Fernando Lerman)<\/li>\n<li>En\u00e9rgico -(arr. Fernando Lerman)<\/li>\n<li>Avecanxi\u00e9t\u00e9 \u2013 (arr. Jorge Retamoza)<\/li>\n<li>Sintesis (Jorge Retamoza)<\/li>\n<li>Un amigo en Berl\u00edn(Jorge Retamoza)<\/li>\n<li>Plaza Miserere(Jorge Retamoza)<\/li>\n<li>Bailate Esta(Jorge Retamoza)<\/li>\n<li>Al Invitado(Eduardo Rovira, arr. Julian Graciano\/Jorge RetamozaBonus<\/li>\n<li>Veinte A\u00f1os Despu\u00e9s(Astor Piazzolla, arr. Pablo Mart\u00ednez)<\/li>\n<li>Aire de Buenos Aires(GerryMulligan, arr. Pablo Mart\u00ednez)<\/li>\n<\/ol>\n<p>&nbsp;<\/p>\n<p>Jorge Retamoza \u2013 Saxo Alto<br \/>\nVirtousi Chamber Orchestra<br \/>\nMtro. Manfred Neuman\u2013 Director<br \/>\nConcertino: Thomas Hemkemeier, Violines: Johannes Kiefel, MalgorzataZagozdon, JacekGebka, DhristophMenzel, Jie-Ming Li, RadegundStoecklin.Violas: Benjamin Rivinius, Justyna Sikorska, Jessica Sommer.Cellos: Min-Jung Suh, JulienBlondel Contrabajo: KatjaPendzig.Grabaci\u00f3n: 24 de Enero de 2017. Grabaci\u00f3n, edici\u00f3n y master: RalfSchnellbachGrosserSendesaal, Saarl\u00e4ndischerRundfunkSaarbr\u00fcckenAlemania.<br \/>\nUna grabaci\u00f3n de Saarl\u00e4ndischerRundfunk, coproducida por Green House y Jorge Retamoza<br \/>\nRemix: Febrero 2017 por Ariel Gato en Puntoar, Buenos Aires.<\/p>\n<p>&nbsp;<\/p>\n<p><strong>Jorge Retamoza Cuarteto<\/strong><\/p>\n<p>Mat\u00edas Rubino: bandone\u00f3n, Gast\u00f3n Harisquiry: piano, Roberto Seitz: contrabajo, Jorge Retamoza: saxo bar\u00edtono, saxo alto en 11, composici\u00f3n, arreglos.<\/p>\n<p><strong>Integrantes Orquesta de C\u00e1mara del Congreso<\/strong><\/p>\n<p>Mtro Sebastiano De Filippi \u2013 Director<\/p>\n<p>Concertino: Pablo Pereira Violines: Emilio D\u00edaz Garat, Julieta Bril, Sergio Catelani,Catriel Galv\u00e1n, David Mendoza, Florencia CiaffoneViolas: Mercedes S\u00e1nchez, Mariano Fan, Mariano Malamud, Romina Oviedo, Federico Butera. Cellos: Mariana Levitin, Paula Pomeraniec, Giselle Mirabello. Contrabajos: Adri\u00e1n Speziale, Juan Manuel Burgos.<\/p>\n<p>Grabaci\u00f3n: 29 de Septiembre de 2017 por Norberto Villagraen Estudio Fort, Buenos Aires. Mezcla &amp;Mastering: Noviembre de 2017 por Cesar Silva en Estudio El Hornero, Caseros, Buenos Aires.<\/p>\n<p>Producido por Jorge Retamoza.<\/p>\n<p>&nbsp;<\/p>\n<p><strong>Jorge Retamoza Sexteto<\/strong><\/p>\n<p>Pedro Kiszkurno: bandone\u00f3n, Gast\u00f3n Harisquiry: piano, Roberto Seitz: contrabajo, Pablo Mart\u00ednez: guitarra, Daniel M\u00edguez: bater\u00eda, Jorge Retamoza: saxo bar\u00edtono.<\/p>\n<p>Grabaci\u00f3n: 9 de septiembre de 2014 por Norberto Villagra en Estudio Fort, Buenos Aires. Mezcla &amp;Mastering: Noviembre de 2017 por Cesar Silva en Estudio El Hornero, Caseros, Buenos Aires.<\/p>\n<p>Producido por Pablo Mart\u00ednez y Jorge Retamoza<\/p>\n<p>Foto tapa: Roxana Villarino<\/p>\n<p>Foto Interior: Mariano Gringaus<\/p>\n<p>Dise\u00f1o de Arte: Diego Soler<\/p>","protected":false},"excerpt":{"rendered":"<p>D\u00e9cid\u00e9 &#8211; (arr. Jorge Retamoza) Anxieux et rubato\u2013(arr. Fernando Lerman \/ Jorge Retamoza) Moltomarcato e energico- (arr. Jorge Retamoza) Lento-meditativo \u2013 (arr. Fernando Lerman) En\u00e9rgico -(arr. Fernando Lerman) Avecanxi\u00e9t\u00e9 \u2013 (arr. Jorge Retamoza) Sintesis (Jorge Retamoza) Un amigo en Berl\u00edn(Jorge Retamoza) Plaza Miserere(Jorge Retamoza) Bailate Esta(Jorge Retamoza) Al Invitado(Eduardo Rovira, arr. Julian Graciano\/Jorge RetamozaBonus Veinte&#8230;<\/p>","protected":false},"featured_media":328,"template":"","meta":[],"product_brand":[],"product_cat":[49],"product_tag":[19,51],"class_list":{"0":"post-325","1":"product","2":"type-product","3":"status-publish","4":"has-post-thumbnail","6":"product_cat-discos","7":"product_tag-edicion-digital","8":"product_tag-edicion-fisica","10":"first","11":"instock","12":"virtual","13":"product-type-simple"},"yoast_head":"<!-- This site is optimized with the Yoast SEO plugin v23.0 - https:\/\/yoast.com\/wordpress\/plugins\/seo\/ -->\n<title>Seis Estudios Tangu\u00edsticos - Jorge Retamoza<\/title>\n<meta name=\"robots\" content=\"index, follow, max-snippet:-1, max-image-preview:large, max-video-preview:-1\" \/>\n<link rel=\"canonical\" href=\"https:\/\/www.retamoza.com.ar\/fr\/producciones\/seis-estudios-tanguisticos\/\" \/>\n<meta property=\"og:locale\" content=\"fr_FR\" \/>\n<meta property=\"og:type\" content=\"article\" \/>\n<meta property=\"og:title\" content=\"Seis Estudios Tangu\u00edsticos - Jorge Retamoza\" \/>\n<meta property=\"og:description\" content=\"D\u00e9cid\u00e9 &#8211; (arr. Jorge Retamoza) Anxieux et rubato\u2013(arr. Fernando Lerman \/ Jorge Retamoza) Moltomarcato e energico- (arr. Jorge Retamoza) Lento-meditativo \u2013 (arr. Fernando Lerman) En\u00e9rgico -(arr. Fernando Lerman) Avecanxi\u00e9t\u00e9 \u2013 (arr. Jorge Retamoza) Sintesis (Jorge Retamoza) Un amigo en Berl\u00edn(Jorge Retamoza) Plaza Miserere(Jorge Retamoza) Bailate Esta(Jorge Retamoza) Al Invitado(Eduardo Rovira, arr. Julian Graciano\/Jorge RetamozaBonus Veinte...\" \/>\n<meta property=\"og:url\" content=\"https:\/\/www.retamoza.com.ar\/fr\/producciones\/seis-estudios-tanguisticos\/\" \/>\n<meta property=\"og:site_name\" content=\"Jorge Retamoza\" \/>\n<meta property=\"article:modified_time\" content=\"2022-05-03T01:05:53+00:00\" \/>\n<meta property=\"og:image\" content=\"https:\/\/www.retamoza.com.ar\/wp-content\/uploads\/Seis-Estudios-Tanguisticos-tapa1.jpg\" \/>\n\t<meta property=\"og:image:width\" content=\"1000\" \/>\n\t<meta property=\"og:image:height\" content=\"1000\" \/>\n\t<meta property=\"og:image:type\" content=\"image\/jpeg\" \/>\n<meta name=\"twitter:card\" content=\"summary_large_image\" \/>\n<meta name=\"twitter:label1\" content=\"Est. reading time\" \/>\n\t<meta name=\"twitter:data1\" content=\"2 minutes\" \/>\n<script type=\"application\/ld+json\" class=\"yoast-schema-graph\">{\"@context\":\"https:\/\/schema.org\",\"@graph\":[{\"@type\":\"WebPage\",\"@id\":\"https:\/\/www.retamoza.com.ar\/producciones\/seis-estudios-tanguisticos\/\",\"url\":\"https:\/\/www.retamoza.com.ar\/producciones\/seis-estudios-tanguisticos\/\",\"name\":\"Seis Estudios Tangu\u00edsticos - Jorge Retamoza\",\"isPartOf\":{\"@id\":\"https:\/\/www.retamoza.com.ar\/#website\"},\"primaryImageOfPage\":{\"@id\":\"https:\/\/www.retamoza.com.ar\/producciones\/seis-estudios-tanguisticos\/#primaryimage\"},\"image\":{\"@id\":\"https:\/\/www.retamoza.com.ar\/producciones\/seis-estudios-tanguisticos\/#primaryimage\"},\"thumbnailUrl\":\"https:\/\/www.retamoza.com.ar\/wp-content\/uploads\/Seis-Estudios-Tanguisticos-tapa1.jpg\",\"datePublished\":\"2018-01-01T03:00:45+00:00\",\"dateModified\":\"2022-05-03T01:05:53+00:00\",\"breadcrumb\":{\"@id\":\"https:\/\/www.retamoza.com.ar\/producciones\/seis-estudios-tanguisticos\/#breadcrumb\"},\"inLanguage\":\"fr-FR\",\"potentialAction\":[{\"@type\":\"ReadAction\",\"target\":[\"https:\/\/www.retamoza.com.ar\/producciones\/seis-estudios-tanguisticos\/\"]}]},{\"@type\":\"ImageObject\",\"inLanguage\":\"fr-FR\",\"@id\":\"https:\/\/www.retamoza.com.ar\/producciones\/seis-estudios-tanguisticos\/#primaryimage\",\"url\":\"https:\/\/www.retamoza.com.ar\/wp-content\/uploads\/Seis-Estudios-Tanguisticos-tapa1.jpg\",\"contentUrl\":\"https:\/\/www.retamoza.com.ar\/wp-content\/uploads\/Seis-Estudios-Tanguisticos-tapa1.jpg\",\"width\":1000,\"height\":1000},{\"@type\":\"BreadcrumbList\",\"@id\":\"https:\/\/www.retamoza.com.ar\/producciones\/seis-estudios-tanguisticos\/#breadcrumb\",\"itemListElement\":[{\"@type\":\"ListItem\",\"position\":1,\"name\":\"Inicio\",\"item\":\"https:\/\/www.retamoza.com.ar\/\"},{\"@type\":\"ListItem\",\"position\":2,\"name\":\"Tienda\",\"item\":\"https:\/\/www.retamoza.com.ar\/tienda\/\"},{\"@type\":\"ListItem\",\"position\":3,\"name\":\"Seis Estudios Tangu\u00edsticos\"}]},{\"@type\":\"WebSite\",\"@id\":\"https:\/\/www.retamoza.com.ar\/#website\",\"url\":\"https:\/\/www.retamoza.com.ar\/\",\"name\":\"Jorge Retamoza\",\"description\":\"Saxofonista Compositor\",\"publisher\":{\"@id\":\"https:\/\/www.retamoza.com.ar\/#organization\"},\"potentialAction\":[{\"@type\":\"SearchAction\",\"target\":{\"@type\":\"EntryPoint\",\"urlTemplate\":\"https:\/\/www.retamoza.com.ar\/?s={search_term_string}\"},\"query-input\":\"required name=search_term_string\"}],\"inLanguage\":\"fr-FR\"},{\"@type\":\"Organization\",\"@id\":\"https:\/\/www.retamoza.com.ar\/#organization\",\"name\":\"Jorge Retamoza\",\"url\":\"https:\/\/www.retamoza.com.ar\/\",\"logo\":{\"@type\":\"ImageObject\",\"inLanguage\":\"fr-FR\",\"@id\":\"https:\/\/www.retamoza.com.ar\/#\/schema\/logo\/image\/\",\"url\":\"https:\/\/www.retamoza.com.ar\/wp-content\/uploads\/Saxo_tenor_cpk_nikel1-e1651888892642.png\",\"contentUrl\":\"https:\/\/www.retamoza.com.ar\/wp-content\/uploads\/Saxo_tenor_cpk_nikel1-e1651888892642.png\",\"width\":1000,\"height\":1000,\"caption\":\"Jorge Retamoza\"},\"image\":{\"@id\":\"https:\/\/www.retamoza.com.ar\/#\/schema\/logo\/image\/\"}}]}<\/script>\n<!-- \/ Yoast SEO plugin. -->","yoast_head_json":{"title":"Seis Estudios Tangu\u00edsticos - Jorge Retamoza","robots":{"index":"index","follow":"follow","max-snippet":"max-snippet:-1","max-image-preview":"max-image-preview:large","max-video-preview":"max-video-preview:-1"},"canonical":"https:\/\/www.retamoza.com.ar\/fr\/producciones\/seis-estudios-tanguisticos\/","og_locale":"fr_FR","og_type":"article","og_title":"Seis Estudios Tangu\u00edsticos - Jorge Retamoza","og_description":"D\u00e9cid\u00e9 &#8211; (arr. Jorge Retamoza) Anxieux et rubato\u2013(arr. Fernando Lerman \/ Jorge Retamoza) Moltomarcato e energico- (arr. Jorge Retamoza) Lento-meditativo \u2013 (arr. Fernando Lerman) En\u00e9rgico -(arr. Fernando Lerman) Avecanxi\u00e9t\u00e9 \u2013 (arr. Jorge Retamoza) Sintesis (Jorge Retamoza) Un amigo en Berl\u00edn(Jorge Retamoza) Plaza Miserere(Jorge Retamoza) Bailate Esta(Jorge Retamoza) Al Invitado(Eduardo Rovira, arr. Julian Graciano\/Jorge RetamozaBonus Veinte...","og_url":"https:\/\/www.retamoza.com.ar\/fr\/producciones\/seis-estudios-tanguisticos\/","og_site_name":"Jorge Retamoza","article_modified_time":"2022-05-03T01:05:53+00:00","og_image":[{"width":1000,"height":1000,"url":"https:\/\/www.retamoza.com.ar\/wp-content\/uploads\/Seis-Estudios-Tanguisticos-tapa1.jpg","type":"image\/jpeg"}],"twitter_card":"summary_large_image","twitter_misc":{"Est. reading time":"2 minutes"},"schema":{"@context":"https:\/\/schema.org","@graph":[{"@type":"WebPage","@id":"https:\/\/www.retamoza.com.ar\/producciones\/seis-estudios-tanguisticos\/","url":"https:\/\/www.retamoza.com.ar\/producciones\/seis-estudios-tanguisticos\/","name":"Seis Estudios Tangu\u00edsticos - Jorge Retamoza","isPartOf":{"@id":"https:\/\/www.retamoza.com.ar\/#website"},"primaryImageOfPage":{"@id":"https:\/\/www.retamoza.com.ar\/producciones\/seis-estudios-tanguisticos\/#primaryimage"},"image":{"@id":"https:\/\/www.retamoza.com.ar\/producciones\/seis-estudios-tanguisticos\/#primaryimage"},"thumbnailUrl":"https:\/\/www.retamoza.com.ar\/wp-content\/uploads\/Seis-Estudios-Tanguisticos-tapa1.jpg","datePublished":"2018-01-01T03:00:45+00:00","dateModified":"2022-05-03T01:05:53+00:00","breadcrumb":{"@id":"https:\/\/www.retamoza.com.ar\/producciones\/seis-estudios-tanguisticos\/#breadcrumb"},"inLanguage":"fr-FR","potentialAction":[{"@type":"ReadAction","target":["https:\/\/www.retamoza.com.ar\/producciones\/seis-estudios-tanguisticos\/"]}]},{"@type":"ImageObject","inLanguage":"fr-FR","@id":"https:\/\/www.retamoza.com.ar\/producciones\/seis-estudios-tanguisticos\/#primaryimage","url":"https:\/\/www.retamoza.com.ar\/wp-content\/uploads\/Seis-Estudios-Tanguisticos-tapa1.jpg","contentUrl":"https:\/\/www.retamoza.com.ar\/wp-content\/uploads\/Seis-Estudios-Tanguisticos-tapa1.jpg","width":1000,"height":1000},{"@type":"BreadcrumbList","@id":"https:\/\/www.retamoza.com.ar\/producciones\/seis-estudios-tanguisticos\/#breadcrumb","itemListElement":[{"@type":"ListItem","position":1,"name":"Inicio","item":"https:\/\/www.retamoza.com.ar\/"},{"@type":"ListItem","position":2,"name":"Tienda","item":"https:\/\/www.retamoza.com.ar\/tienda\/"},{"@type":"ListItem","position":3,"name":"Seis Estudios Tangu\u00edsticos"}]},{"@type":"WebSite","@id":"https:\/\/www.retamoza.com.ar\/#website","url":"https:\/\/www.retamoza.com.ar\/","name":"Jorge Retamoza","description":"Saxofonista Compositor","publisher":{"@id":"https:\/\/www.retamoza.com.ar\/#organization"},"potentialAction":[{"@type":"SearchAction","target":{"@type":"EntryPoint","urlTemplate":"https:\/\/www.retamoza.com.ar\/?s={search_term_string}"},"query-input":"required name=search_term_string"}],"inLanguage":"fr-FR"},{"@type":"Organization","@id":"https:\/\/www.retamoza.com.ar\/#organization","name":"Jorge Retamoza","url":"https:\/\/www.retamoza.com.ar\/","logo":{"@type":"ImageObject","inLanguage":"fr-FR","@id":"https:\/\/www.retamoza.com.ar\/#\/schema\/logo\/image\/","url":"https:\/\/www.retamoza.com.ar\/wp-content\/uploads\/Saxo_tenor_cpk_nikel1-e1651888892642.png","contentUrl":"https:\/\/www.retamoza.com.ar\/wp-content\/uploads\/Saxo_tenor_cpk_nikel1-e1651888892642.png","width":1000,"height":1000,"caption":"Jorge Retamoza"},"image":{"@id":"https:\/\/www.retamoza.com.ar\/#\/schema\/logo\/image\/"}}]}},"_links":{"self":[{"href":"https:\/\/www.retamoza.com.ar\/fr\/wp-json\/wp\/v2\/product\/325","targetHints":{"allow":["GET"]}}],"collection":[{"href":"https:\/\/www.retamoza.com.ar\/fr\/wp-json\/wp\/v2\/product"}],"about":[{"href":"https:\/\/www.retamoza.com.ar\/fr\/wp-json\/wp\/v2\/types\/product"}],"wp:featuredmedia":[{"embeddable":true,"href":"https:\/\/www.retamoza.com.ar\/fr\/wp-json\/wp\/v2\/media\/328"}],"wp:attachment":[{"href":"https:\/\/www.retamoza.com.ar\/fr\/wp-json\/wp\/v2\/media?parent=325"}],"wp:term":[{"taxonomy":"product_brand","embeddable":true,"href":"https:\/\/www.retamoza.com.ar\/fr\/wp-json\/wp\/v2\/product_brand?post=325"},{"taxonomy":"product_cat","embeddable":true,"href":"https:\/\/www.retamoza.com.ar\/fr\/wp-json\/wp\/v2\/product_cat?post=325"},{"taxonomy":"product_tag","embeddable":true,"href":"https:\/\/www.retamoza.com.ar\/fr\/wp-json\/wp\/v2\/product_tag?post=325"}],"curies":[{"name":"wp","href":"https:\/\/api.w.org\/{rel}","templated":true}]}}