{"id":1533,"date":"2004-06-12T08:43:05","date_gmt":"2004-06-12T11:43:05","guid":{"rendered":"https:\/\/www.retamoza.com.ar\/?post_type=product&#038;p=1533"},"modified":"2025-06-17T12:33:25","modified_gmt":"2025-06-17T15:33:25","slug":"sandro-amor-gitano","status":"publish","type":"product","link":"https:\/\/www.retamoza.com.ar\/fr\/producciones\/sandro-amor-gitano\/","title":{"rendered":"Amor Gitano Sandro"},"content":{"rendered":"<p><iframe loading=\"lazy\" title=\"Sandro Amor Gitano   2004   Fabian Ruiz\" width=\"480\" height=\"360\" src=\"https:\/\/www.youtube.com\/embed\/0Tjg-Ya9p68?feature=oembed\" frameborder=\"0\" allow=\"accelerometer; autoplay; clipboard-write; encrypted-media; gyroscope; picture-in-picture; web-share\" referrerpolicy=\"strict-origin-when-cross-origin\" allowfullscreen><\/iframe><\/p>\n<div><strong>AMOR GITANO Sandro<\/strong><\/div>\n<div>Grabaci\u00f3n que refiere al \u00faltimo espect\u00e1culo La Profec\u00eda presentado por Sandro en el Teatro Gran Rex de Buenos Aires (m\u00e1s de 20 funciones)<\/div>\n<div>Sandro Voz y gran Orquesta. Jorge Retamoza saxos bar\u00edtono y soprano<\/div>\n<div>2004<\/div>","protected":false},"excerpt":{"rendered":"<p>AMOR GITANO Sandro Grabaci\u00f3n que refiere al \u00faltimo espect\u00e1culo La Profec\u00eda presentado por Sandro en el Teatro Gran Rex de Buenos Aires (m\u00e1s de 20 funciones) Sandro Voz y gran Orquesta. Jorge Retamoza saxos bar\u00edtono y soprano 2004<\/p>","protected":false},"featured_media":1534,"template":"","meta":[],"product_brand":[],"product_cat":[120],"product_tag":[],"class_list":{"0":"post-1533","1":"product","2":"type-product","3":"status-publish","4":"has-post-thumbnail","6":"product_cat-otras-grabaciones","8":"first","9":"instock","10":"shipping-taxable","11":"product-type-simple"},"yoast_head":"<!-- This site is optimized with the Yoast SEO plugin v23.0 - https:\/\/yoast.com\/wordpress\/plugins\/seo\/ -->\n<title>Amor Gitano Sandro - Jorge Retamoza<\/title>\n<meta name=\"robots\" content=\"index, follow, max-snippet:-1, max-image-preview:large, max-video-preview:-1\" \/>\n<link rel=\"canonical\" href=\"https:\/\/www.retamoza.com.ar\/fr\/producciones\/sandro-amor-gitano\/\" \/>\n<meta property=\"og:locale\" content=\"fr_FR\" \/>\n<meta property=\"og:type\" content=\"article\" \/>\n<meta property=\"og:title\" content=\"Amor Gitano Sandro - Jorge Retamoza\" \/>\n<meta property=\"og:description\" content=\"AMOR GITANO Sandro Grabaci\u00f3n que refiere al \u00faltimo espect\u00e1culo La Profec\u00eda presentado por Sandro en el Teatro Gran Rex de Buenos Aires (m\u00e1s de 20 funciones) Sandro Voz y gran Orquesta. Jorge Retamoza saxos bar\u00edtono y soprano 2004\" \/>\n<meta property=\"og:url\" content=\"https:\/\/www.retamoza.com.ar\/fr\/producciones\/sandro-amor-gitano\/\" \/>\n<meta property=\"og:site_name\" content=\"Jorge Retamoza\" \/>\n<meta property=\"article:modified_time\" content=\"2025-06-17T15:33:25+00:00\" \/>\n<meta property=\"og:image\" content=\"https:\/\/www.retamoza.com.ar\/wp-content\/uploads\/Captura-de-pantalla-2025-06-12-084435.png\" \/>\n\t<meta property=\"og:image:width\" content=\"723\" \/>\n\t<meta property=\"og:image:height\" content=\"712\" \/>\n\t<meta property=\"og:image:type\" content=\"image\/png\" \/>\n<meta name=\"twitter:card\" content=\"summary_large_image\" \/>\n<script type=\"application\/ld+json\" class=\"yoast-schema-graph\">{\"@context\":\"https:\/\/schema.org\",\"@graph\":[{\"@type\":\"WebPage\",\"@id\":\"https:\/\/www.retamoza.com.ar\/producciones\/sandro-amor-gitano\/\",\"url\":\"https:\/\/www.retamoza.com.ar\/producciones\/sandro-amor-gitano\/\",\"name\":\"Amor Gitano Sandro - Jorge Retamoza\",\"isPartOf\":{\"@id\":\"https:\/\/www.retamoza.com.ar\/#website\"},\"primaryImageOfPage\":{\"@id\":\"https:\/\/www.retamoza.com.ar\/producciones\/sandro-amor-gitano\/#primaryimage\"},\"image\":{\"@id\":\"https:\/\/www.retamoza.com.ar\/producciones\/sandro-amor-gitano\/#primaryimage\"},\"thumbnailUrl\":\"https:\/\/www.retamoza.com.ar\/wp-content\/uploads\/Captura-de-pantalla-2025-06-12-084435.png\",\"datePublished\":\"2004-06-12T11:43:05+00:00\",\"dateModified\":\"2025-06-17T15:33:25+00:00\",\"breadcrumb\":{\"@id\":\"https:\/\/www.retamoza.com.ar\/producciones\/sandro-amor-gitano\/#breadcrumb\"},\"inLanguage\":\"fr-FR\",\"potentialAction\":[{\"@type\":\"ReadAction\",\"target\":[\"https:\/\/www.retamoza.com.ar\/producciones\/sandro-amor-gitano\/\"]}]},{\"@type\":\"ImageObject\",\"inLanguage\":\"fr-FR\",\"@id\":\"https:\/\/www.retamoza.com.ar\/producciones\/sandro-amor-gitano\/#primaryimage\",\"url\":\"https:\/\/www.retamoza.com.ar\/wp-content\/uploads\/Captura-de-pantalla-2025-06-12-084435.png\",\"contentUrl\":\"https:\/\/www.retamoza.com.ar\/wp-content\/uploads\/Captura-de-pantalla-2025-06-12-084435.png\",\"width\":723,\"height\":712},{\"@type\":\"BreadcrumbList\",\"@id\":\"https:\/\/www.retamoza.com.ar\/producciones\/sandro-amor-gitano\/#breadcrumb\",\"itemListElement\":[{\"@type\":\"ListItem\",\"position\":1,\"name\":\"Inicio\",\"item\":\"https:\/\/www.retamoza.com.ar\/\"},{\"@type\":\"ListItem\",\"position\":2,\"name\":\"Tienda\",\"item\":\"https:\/\/www.retamoza.com.ar\/tienda\/\"},{\"@type\":\"ListItem\",\"position\":3,\"name\":\"Amor Gitano Sandro\"}]},{\"@type\":\"WebSite\",\"@id\":\"https:\/\/www.retamoza.com.ar\/#website\",\"url\":\"https:\/\/www.retamoza.com.ar\/\",\"name\":\"Jorge Retamoza\",\"description\":\"Saxofonista Compositor\",\"publisher\":{\"@id\":\"https:\/\/www.retamoza.com.ar\/#organization\"},\"potentialAction\":[{\"@type\":\"SearchAction\",\"target\":{\"@type\":\"EntryPoint\",\"urlTemplate\":\"https:\/\/www.retamoza.com.ar\/?s={search_term_string}\"},\"query-input\":\"required name=search_term_string\"}],\"inLanguage\":\"fr-FR\"},{\"@type\":\"Organization\",\"@id\":\"https:\/\/www.retamoza.com.ar\/#organization\",\"name\":\"Jorge Retamoza\",\"url\":\"https:\/\/www.retamoza.com.ar\/\",\"logo\":{\"@type\":\"ImageObject\",\"inLanguage\":\"fr-FR\",\"@id\":\"https:\/\/www.retamoza.com.ar\/#\/schema\/logo\/image\/\",\"url\":\"https:\/\/www.retamoza.com.ar\/wp-content\/uploads\/Saxo_tenor_cpk_nikel1-e1651888892642.png\",\"contentUrl\":\"https:\/\/www.retamoza.com.ar\/wp-content\/uploads\/Saxo_tenor_cpk_nikel1-e1651888892642.png\",\"width\":1000,\"height\":1000,\"caption\":\"Jorge Retamoza\"},\"image\":{\"@id\":\"https:\/\/www.retamoza.com.ar\/#\/schema\/logo\/image\/\"}}]}<\/script>\n<!-- \/ Yoast SEO plugin. -->","yoast_head_json":{"title":"Amor Gitano Sandro - Jorge Retamoza","robots":{"index":"index","follow":"follow","max-snippet":"max-snippet:-1","max-image-preview":"max-image-preview:large","max-video-preview":"max-video-preview:-1"},"canonical":"https:\/\/www.retamoza.com.ar\/fr\/producciones\/sandro-amor-gitano\/","og_locale":"fr_FR","og_type":"article","og_title":"Amor Gitano Sandro - Jorge Retamoza","og_description":"AMOR GITANO Sandro Grabaci\u00f3n que refiere al \u00faltimo espect\u00e1culo La Profec\u00eda presentado por Sandro en el Teatro Gran Rex de Buenos Aires (m\u00e1s de 20 funciones) Sandro Voz y gran Orquesta. Jorge Retamoza saxos bar\u00edtono y soprano 2004","og_url":"https:\/\/www.retamoza.com.ar\/fr\/producciones\/sandro-amor-gitano\/","og_site_name":"Jorge Retamoza","article_modified_time":"2025-06-17T15:33:25+00:00","og_image":[{"width":723,"height":712,"url":"https:\/\/www.retamoza.com.ar\/wp-content\/uploads\/Captura-de-pantalla-2025-06-12-084435.png","type":"image\/png"}],"twitter_card":"summary_large_image","schema":{"@context":"https:\/\/schema.org","@graph":[{"@type":"WebPage","@id":"https:\/\/www.retamoza.com.ar\/producciones\/sandro-amor-gitano\/","url":"https:\/\/www.retamoza.com.ar\/producciones\/sandro-amor-gitano\/","name":"Amor Gitano Sandro - Jorge Retamoza","isPartOf":{"@id":"https:\/\/www.retamoza.com.ar\/#website"},"primaryImageOfPage":{"@id":"https:\/\/www.retamoza.com.ar\/producciones\/sandro-amor-gitano\/#primaryimage"},"image":{"@id":"https:\/\/www.retamoza.com.ar\/producciones\/sandro-amor-gitano\/#primaryimage"},"thumbnailUrl":"https:\/\/www.retamoza.com.ar\/wp-content\/uploads\/Captura-de-pantalla-2025-06-12-084435.png","datePublished":"2004-06-12T11:43:05+00:00","dateModified":"2025-06-17T15:33:25+00:00","breadcrumb":{"@id":"https:\/\/www.retamoza.com.ar\/producciones\/sandro-amor-gitano\/#breadcrumb"},"inLanguage":"fr-FR","potentialAction":[{"@type":"ReadAction","target":["https:\/\/www.retamoza.com.ar\/producciones\/sandro-amor-gitano\/"]}]},{"@type":"ImageObject","inLanguage":"fr-FR","@id":"https:\/\/www.retamoza.com.ar\/producciones\/sandro-amor-gitano\/#primaryimage","url":"https:\/\/www.retamoza.com.ar\/wp-content\/uploads\/Captura-de-pantalla-2025-06-12-084435.png","contentUrl":"https:\/\/www.retamoza.com.ar\/wp-content\/uploads\/Captura-de-pantalla-2025-06-12-084435.png","width":723,"height":712},{"@type":"BreadcrumbList","@id":"https:\/\/www.retamoza.com.ar\/producciones\/sandro-amor-gitano\/#breadcrumb","itemListElement":[{"@type":"ListItem","position":1,"name":"Inicio","item":"https:\/\/www.retamoza.com.ar\/"},{"@type":"ListItem","position":2,"name":"Tienda","item":"https:\/\/www.retamoza.com.ar\/tienda\/"},{"@type":"ListItem","position":3,"name":"Amor Gitano Sandro"}]},{"@type":"WebSite","@id":"https:\/\/www.retamoza.com.ar\/#website","url":"https:\/\/www.retamoza.com.ar\/","name":"Jorge Retamoza","description":"Saxofonista Compositor","publisher":{"@id":"https:\/\/www.retamoza.com.ar\/#organization"},"potentialAction":[{"@type":"SearchAction","target":{"@type":"EntryPoint","urlTemplate":"https:\/\/www.retamoza.com.ar\/?s={search_term_string}"},"query-input":"required name=search_term_string"}],"inLanguage":"fr-FR"},{"@type":"Organization","@id":"https:\/\/www.retamoza.com.ar\/#organization","name":"Jorge Retamoza","url":"https:\/\/www.retamoza.com.ar\/","logo":{"@type":"ImageObject","inLanguage":"fr-FR","@id":"https:\/\/www.retamoza.com.ar\/#\/schema\/logo\/image\/","url":"https:\/\/www.retamoza.com.ar\/wp-content\/uploads\/Saxo_tenor_cpk_nikel1-e1651888892642.png","contentUrl":"https:\/\/www.retamoza.com.ar\/wp-content\/uploads\/Saxo_tenor_cpk_nikel1-e1651888892642.png","width":1000,"height":1000,"caption":"Jorge Retamoza"},"image":{"@id":"https:\/\/www.retamoza.com.ar\/#\/schema\/logo\/image\/"}}]}},"_links":{"self":[{"href":"https:\/\/www.retamoza.com.ar\/fr\/wp-json\/wp\/v2\/product\/1533","targetHints":{"allow":["GET"]}}],"collection":[{"href":"https:\/\/www.retamoza.com.ar\/fr\/wp-json\/wp\/v2\/product"}],"about":[{"href":"https:\/\/www.retamoza.com.ar\/fr\/wp-json\/wp\/v2\/types\/product"}],"wp:featuredmedia":[{"embeddable":true,"href":"https:\/\/www.retamoza.com.ar\/fr\/wp-json\/wp\/v2\/media\/1534"}],"wp:attachment":[{"href":"https:\/\/www.retamoza.com.ar\/fr\/wp-json\/wp\/v2\/media?parent=1533"}],"wp:term":[{"taxonomy":"product_brand","embeddable":true,"href":"https:\/\/www.retamoza.com.ar\/fr\/wp-json\/wp\/v2\/product_brand?post=1533"},{"taxonomy":"product_cat","embeddable":true,"href":"https:\/\/www.retamoza.com.ar\/fr\/wp-json\/wp\/v2\/product_cat?post=1533"},{"taxonomy":"product_tag","embeddable":true,"href":"https:\/\/www.retamoza.com.ar\/fr\/wp-json\/wp\/v2\/product_tag?post=1533"}],"curies":[{"name":"wp","href":"https:\/\/api.w.org\/{rel}","templated":true}]}}