{"id":1522,"date":"2025-06-12T08:18:50","date_gmt":"2025-06-12T11:18:50","guid":{"rendered":"https:\/\/www.retamoza.com.ar\/?post_type=product&#038;p=1522"},"modified":"2025-06-13T11:00:07","modified_gmt":"2025-06-13T14:00:07","slug":"por-dos-milongas","status":"publish","type":"product","link":"https:\/\/www.retamoza.com.ar\/fr\/producciones\/por-dos-milongas\/","title":{"rendered":"Pour deux milongas"},"content":{"rendered":"<p><iframe title=\"Spotify Embed: Por Dos Milongas\" style=\"border-radius: 12px\" width=\"100%\" height=\"352\" frameborder=\"0\" allowfullscreen allow=\"autoplay; clipboard-write; encrypted-media; fullscreen; picture-in-picture\" loading=\"lazy\" src=\"https:\/\/open.spotify.com\/embed\/album\/1kNivYzBCg7vwauOi8kMdZ?si=AUXaR3z_TI6q0Tj5njfAvg&#038;utm_source=oembed\"><\/iframe><\/p>\n<div><strong>1) POR DOS MILONGAS<\/strong><br \/>\nFranco Bruschini, bandone\u00f3n<br \/>\nAgust\u00edn Spina, piano<br \/>\nAyel\u00e9n Esp\u00edndola, cello<br \/>\nNicol\u00e1s Acosta, contrabajo<br \/>\nJorge Retamoza, saxo bar\u00edtono<br \/>\nGrabado en El Yeite por N\u00e9stor Basurto 24 NOV 2024<\/p>\n<p><strong>2) EL PRIMERO<\/strong><br \/>\nFranco Bruschini, bandone\u00f3n<br \/>\nGast\u00f3n Harisquiry, piano<br \/>\nPablo Motta, contrabajo<br \/>\nJorge Retamoza, saxo bar\u00edtono<br \/>\nGrabado en Fort Media por Norberto Villagra 22 MAR 2025<\/p>\n<p><strong>ENCUENTRO EN BUENOS AIRES<\/strong><br \/>\n(Suite en 3 Movimientos)<br \/>\n3) Parte I<br \/>\n4) Intro contrabajo Parte II<br \/>\n5) Parte II<br \/>\n6) Parte III<br \/>\nMat\u00edas Rubino, bandone\u00f3n<br \/>\nGast\u00f3n Harisquiry, piano<br \/>\nRoberto Seitz, contrabajo<br \/>\nJorge Retamoza, saxo bar\u00edtono<br \/>\nGrabado en Fort Media por Norberto Villagra 08 MAR 2023<br \/>\nCon el auspicio del Fondo Nacional de las Artes de Argentina (2023)<\/p>\n<p><strong>7) COMO UNA CANCI\u00d3N<\/strong><br \/>\nFranco Bruschini, bandone\u00f3n<br \/>\nAgust\u00edn Spina, piano<br \/>\nNicol\u00e1s Acosta, contrabajo<br \/>\nJorge Retamoza, saxo bar\u00edtono<br \/>\nGrabado en El Yeite por N\u00e9stor Basurto 24 NOV 2024<\/p>\n<p>Toda la m\u00fasica escrita y arreglada por Jorge Retamoza<br \/>\nMezcla: 1 y 7 N\u00e9stor Basurto y Jorge Retamoza en estudio El Yeite<br \/>\n2 a 6 Norberto Villagra &#8211; C\u00e9sar Silva<br \/>\nMastering: N\u00e9stor Basurto<br \/>\nFoto de Roxana Villarino<br \/>\nDise\u00f1o de portada: Diego Soler<br \/>\nEdici\u00f3n Digital Independiente<\/p><\/div>\n<div><\/div>","protected":false},"excerpt":{"rendered":"<p>1) POR DOS MILONGAS Franco Bruschini, bandone\u00f3n Agust\u00edn Spina, piano Ayel\u00e9n Esp\u00edndola, cello Nicol\u00e1s Acosta, contrabajo Jorge Retamoza, saxo bar\u00edtono Grabado en El Yeite por N\u00e9stor Basurto 24 NOV 2024 2) EL PRIMERO Franco Bruschini, bandone\u00f3n Gast\u00f3n Harisquiry, piano Pablo Motta, contrabajo Jorge Retamoza, saxo bar\u00edtono Grabado en Fort Media por Norberto Villagra 22 MAR&#8230;<\/p>","protected":false},"featured_media":1540,"template":"","meta":[],"product_brand":[],"product_cat":[49],"product_tag":[],"class_list":{"0":"post-1522","1":"product","2":"type-product","3":"status-publish","4":"has-post-thumbnail","6":"product_cat-discos","8":"first","9":"instock","10":"shipping-taxable","11":"product-type-simple"},"yoast_head":"<!-- This site is optimized with the Yoast SEO plugin v23.0 - https:\/\/yoast.com\/wordpress\/plugins\/seo\/ -->\n<title>Por Dos Milongas - Jorge Retamoza<\/title>\n<meta name=\"robots\" content=\"index, follow, max-snippet:-1, max-image-preview:large, max-video-preview:-1\" \/>\n<link rel=\"canonical\" href=\"https:\/\/www.retamoza.com.ar\/fr\/producciones\/por-dos-milongas\/\" \/>\n<meta property=\"og:locale\" content=\"fr_FR\" \/>\n<meta property=\"og:type\" content=\"article\" \/>\n<meta property=\"og:title\" content=\"Por Dos Milongas - Jorge Retamoza\" \/>\n<meta property=\"og:description\" content=\"1) POR DOS MILONGAS Franco Bruschini, bandone\u00f3n Agust\u00edn Spina, piano Ayel\u00e9n Esp\u00edndola, cello Nicol\u00e1s Acosta, contrabajo Jorge Retamoza, saxo bar\u00edtono Grabado en El Yeite por N\u00e9stor Basurto 24 NOV 2024 2) EL PRIMERO Franco Bruschini, bandone\u00f3n Gast\u00f3n Harisquiry, piano Pablo Motta, contrabajo Jorge Retamoza, saxo bar\u00edtono Grabado en Fort Media por Norberto Villagra 22 MAR...\" \/>\n<meta property=\"og:url\" content=\"https:\/\/www.retamoza.com.ar\/fr\/producciones\/por-dos-milongas\/\" \/>\n<meta property=\"og:site_name\" content=\"Jorge Retamoza\" \/>\n<meta property=\"article:modified_time\" content=\"2025-06-13T14:00:07+00:00\" \/>\n<meta property=\"og:image\" content=\"https:\/\/www.retamoza.com.ar\/wp-content\/uploads\/TAPA-OK-2.jpeg\" \/>\n\t<meta property=\"og:image:width\" content=\"979\" \/>\n\t<meta property=\"og:image:height\" content=\"981\" \/>\n\t<meta property=\"og:image:type\" content=\"image\/jpeg\" \/>\n<meta name=\"twitter:card\" content=\"summary_large_image\" \/>\n<meta name=\"twitter:label1\" content=\"Est. reading time\" \/>\n\t<meta name=\"twitter:data1\" content=\"1 minute\" \/>\n<script type=\"application\/ld+json\" class=\"yoast-schema-graph\">{\"@context\":\"https:\/\/schema.org\",\"@graph\":[{\"@type\":\"WebPage\",\"@id\":\"https:\/\/www.retamoza.com.ar\/producciones\/por-dos-milongas\/\",\"url\":\"https:\/\/www.retamoza.com.ar\/producciones\/por-dos-milongas\/\",\"name\":\"Por Dos Milongas - Jorge Retamoza\",\"isPartOf\":{\"@id\":\"https:\/\/www.retamoza.com.ar\/#website\"},\"primaryImageOfPage\":{\"@id\":\"https:\/\/www.retamoza.com.ar\/producciones\/por-dos-milongas\/#primaryimage\"},\"image\":{\"@id\":\"https:\/\/www.retamoza.com.ar\/producciones\/por-dos-milongas\/#primaryimage\"},\"thumbnailUrl\":\"https:\/\/www.retamoza.com.ar\/wp-content\/uploads\/TAPA-OK-2.jpeg\",\"datePublished\":\"2025-06-12T11:18:50+00:00\",\"dateModified\":\"2025-06-13T14:00:07+00:00\",\"breadcrumb\":{\"@id\":\"https:\/\/www.retamoza.com.ar\/producciones\/por-dos-milongas\/#breadcrumb\"},\"inLanguage\":\"fr-FR\",\"potentialAction\":[{\"@type\":\"ReadAction\",\"target\":[\"https:\/\/www.retamoza.com.ar\/producciones\/por-dos-milongas\/\"]}]},{\"@type\":\"ImageObject\",\"inLanguage\":\"fr-FR\",\"@id\":\"https:\/\/www.retamoza.com.ar\/producciones\/por-dos-milongas\/#primaryimage\",\"url\":\"https:\/\/www.retamoza.com.ar\/wp-content\/uploads\/TAPA-OK-2.jpeg\",\"contentUrl\":\"https:\/\/www.retamoza.com.ar\/wp-content\/uploads\/TAPA-OK-2.jpeg\",\"width\":979,\"height\":981},{\"@type\":\"BreadcrumbList\",\"@id\":\"https:\/\/www.retamoza.com.ar\/producciones\/por-dos-milongas\/#breadcrumb\",\"itemListElement\":[{\"@type\":\"ListItem\",\"position\":1,\"name\":\"Inicio\",\"item\":\"https:\/\/www.retamoza.com.ar\/\"},{\"@type\":\"ListItem\",\"position\":2,\"name\":\"Tienda\",\"item\":\"https:\/\/www.retamoza.com.ar\/tienda\/\"},{\"@type\":\"ListItem\",\"position\":3,\"name\":\"Por Dos Milongas\"}]},{\"@type\":\"WebSite\",\"@id\":\"https:\/\/www.retamoza.com.ar\/#website\",\"url\":\"https:\/\/www.retamoza.com.ar\/\",\"name\":\"Jorge Retamoza\",\"description\":\"Saxofonista Compositor\",\"publisher\":{\"@id\":\"https:\/\/www.retamoza.com.ar\/#organization\"},\"potentialAction\":[{\"@type\":\"SearchAction\",\"target\":{\"@type\":\"EntryPoint\",\"urlTemplate\":\"https:\/\/www.retamoza.com.ar\/?s={search_term_string}\"},\"query-input\":\"required name=search_term_string\"}],\"inLanguage\":\"fr-FR\"},{\"@type\":\"Organization\",\"@id\":\"https:\/\/www.retamoza.com.ar\/#organization\",\"name\":\"Jorge Retamoza\",\"url\":\"https:\/\/www.retamoza.com.ar\/\",\"logo\":{\"@type\":\"ImageObject\",\"inLanguage\":\"fr-FR\",\"@id\":\"https:\/\/www.retamoza.com.ar\/#\/schema\/logo\/image\/\",\"url\":\"https:\/\/www.retamoza.com.ar\/wp-content\/uploads\/Saxo_tenor_cpk_nikel1-e1651888892642.png\",\"contentUrl\":\"https:\/\/www.retamoza.com.ar\/wp-content\/uploads\/Saxo_tenor_cpk_nikel1-e1651888892642.png\",\"width\":1000,\"height\":1000,\"caption\":\"Jorge Retamoza\"},\"image\":{\"@id\":\"https:\/\/www.retamoza.com.ar\/#\/schema\/logo\/image\/\"}}]}<\/script>\n<!-- \/ Yoast SEO plugin. -->","yoast_head_json":{"title":"Por Dos Milongas - Jorge Retamoza","robots":{"index":"index","follow":"follow","max-snippet":"max-snippet:-1","max-image-preview":"max-image-preview:large","max-video-preview":"max-video-preview:-1"},"canonical":"https:\/\/www.retamoza.com.ar\/fr\/producciones\/por-dos-milongas\/","og_locale":"fr_FR","og_type":"article","og_title":"Por Dos Milongas - Jorge Retamoza","og_description":"1) POR DOS MILONGAS Franco Bruschini, bandone\u00f3n Agust\u00edn Spina, piano Ayel\u00e9n Esp\u00edndola, cello Nicol\u00e1s Acosta, contrabajo Jorge Retamoza, saxo bar\u00edtono Grabado en El Yeite por N\u00e9stor Basurto 24 NOV 2024 2) EL PRIMERO Franco Bruschini, bandone\u00f3n Gast\u00f3n Harisquiry, piano Pablo Motta, contrabajo Jorge Retamoza, saxo bar\u00edtono Grabado en Fort Media por Norberto Villagra 22 MAR...","og_url":"https:\/\/www.retamoza.com.ar\/fr\/producciones\/por-dos-milongas\/","og_site_name":"Jorge Retamoza","article_modified_time":"2025-06-13T14:00:07+00:00","og_image":[{"width":979,"height":981,"url":"https:\/\/www.retamoza.com.ar\/wp-content\/uploads\/TAPA-OK-2.jpeg","type":"image\/jpeg"}],"twitter_card":"summary_large_image","twitter_misc":{"Est. reading time":"1 minute"},"schema":{"@context":"https:\/\/schema.org","@graph":[{"@type":"WebPage","@id":"https:\/\/www.retamoza.com.ar\/producciones\/por-dos-milongas\/","url":"https:\/\/www.retamoza.com.ar\/producciones\/por-dos-milongas\/","name":"Por Dos Milongas - Jorge Retamoza","isPartOf":{"@id":"https:\/\/www.retamoza.com.ar\/#website"},"primaryImageOfPage":{"@id":"https:\/\/www.retamoza.com.ar\/producciones\/por-dos-milongas\/#primaryimage"},"image":{"@id":"https:\/\/www.retamoza.com.ar\/producciones\/por-dos-milongas\/#primaryimage"},"thumbnailUrl":"https:\/\/www.retamoza.com.ar\/wp-content\/uploads\/TAPA-OK-2.jpeg","datePublished":"2025-06-12T11:18:50+00:00","dateModified":"2025-06-13T14:00:07+00:00","breadcrumb":{"@id":"https:\/\/www.retamoza.com.ar\/producciones\/por-dos-milongas\/#breadcrumb"},"inLanguage":"fr-FR","potentialAction":[{"@type":"ReadAction","target":["https:\/\/www.retamoza.com.ar\/producciones\/por-dos-milongas\/"]}]},{"@type":"ImageObject","inLanguage":"fr-FR","@id":"https:\/\/www.retamoza.com.ar\/producciones\/por-dos-milongas\/#primaryimage","url":"https:\/\/www.retamoza.com.ar\/wp-content\/uploads\/TAPA-OK-2.jpeg","contentUrl":"https:\/\/www.retamoza.com.ar\/wp-content\/uploads\/TAPA-OK-2.jpeg","width":979,"height":981},{"@type":"BreadcrumbList","@id":"https:\/\/www.retamoza.com.ar\/producciones\/por-dos-milongas\/#breadcrumb","itemListElement":[{"@type":"ListItem","position":1,"name":"Inicio","item":"https:\/\/www.retamoza.com.ar\/"},{"@type":"ListItem","position":2,"name":"Tienda","item":"https:\/\/www.retamoza.com.ar\/tienda\/"},{"@type":"ListItem","position":3,"name":"Por Dos Milongas"}]},{"@type":"WebSite","@id":"https:\/\/www.retamoza.com.ar\/#website","url":"https:\/\/www.retamoza.com.ar\/","name":"Jorge Retamoza","description":"Saxofonista Compositor","publisher":{"@id":"https:\/\/www.retamoza.com.ar\/#organization"},"potentialAction":[{"@type":"SearchAction","target":{"@type":"EntryPoint","urlTemplate":"https:\/\/www.retamoza.com.ar\/?s={search_term_string}"},"query-input":"required name=search_term_string"}],"inLanguage":"fr-FR"},{"@type":"Organization","@id":"https:\/\/www.retamoza.com.ar\/#organization","name":"Jorge Retamoza","url":"https:\/\/www.retamoza.com.ar\/","logo":{"@type":"ImageObject","inLanguage":"fr-FR","@id":"https:\/\/www.retamoza.com.ar\/#\/schema\/logo\/image\/","url":"https:\/\/www.retamoza.com.ar\/wp-content\/uploads\/Saxo_tenor_cpk_nikel1-e1651888892642.png","contentUrl":"https:\/\/www.retamoza.com.ar\/wp-content\/uploads\/Saxo_tenor_cpk_nikel1-e1651888892642.png","width":1000,"height":1000,"caption":"Jorge Retamoza"},"image":{"@id":"https:\/\/www.retamoza.com.ar\/#\/schema\/logo\/image\/"}}]}},"_links":{"self":[{"href":"https:\/\/www.retamoza.com.ar\/fr\/wp-json\/wp\/v2\/product\/1522","targetHints":{"allow":["GET"]}}],"collection":[{"href":"https:\/\/www.retamoza.com.ar\/fr\/wp-json\/wp\/v2\/product"}],"about":[{"href":"https:\/\/www.retamoza.com.ar\/fr\/wp-json\/wp\/v2\/types\/product"}],"wp:featuredmedia":[{"embeddable":true,"href":"https:\/\/www.retamoza.com.ar\/fr\/wp-json\/wp\/v2\/media\/1540"}],"wp:attachment":[{"href":"https:\/\/www.retamoza.com.ar\/fr\/wp-json\/wp\/v2\/media?parent=1522"}],"wp:term":[{"taxonomy":"product_brand","embeddable":true,"href":"https:\/\/www.retamoza.com.ar\/fr\/wp-json\/wp\/v2\/product_brand?post=1522"},{"taxonomy":"product_cat","embeddable":true,"href":"https:\/\/www.retamoza.com.ar\/fr\/wp-json\/wp\/v2\/product_cat?post=1522"},{"taxonomy":"product_tag","embeddable":true,"href":"https:\/\/www.retamoza.com.ar\/fr\/wp-json\/wp\/v2\/product_tag?post=1522"}],"curies":[{"name":"wp","href":"https:\/\/api.w.org\/{rel}","templated":true}]}}