{"id":1076,"date":"2022-11-20T19:47:58","date_gmt":"2022-11-20T22:47:58","guid":{"rendered":"https:\/\/www.retamoza.com.ar\/?post_type=product&#038;p=1076"},"modified":"2023-03-04T14:28:16","modified_gmt":"2023-03-04T17:28:16","slug":"un-cielo-una-tarde-musicas-de-la-argentina","status":"publish","type":"product","link":"https:\/\/www.retamoza.com.ar\/fr\/producciones\/un-cielo-una-tarde-musicas-de-la-argentina\/","title":{"rendered":"UN CIELO UNA TARDE M\u00fasicas de la Argentina"},"content":{"rendered":"<p><iframe title=\"Spotify Embed: Un Cielo Una Tarde\" style=\"border-radius: 12px\" width=\"100%\" height=\"352\" frameborder=\"0\" allowfullscreen allow=\"autoplay; clipboard-write; encrypted-media; fullscreen; picture-in-picture\" loading=\"lazy\" src=\"https:\/\/open.spotify.com\/embed\/album\/50bsCWeJolafmhHZVeNTRY?si=6366764fe0a74bbf&#038;utm_source=oembed\"><\/iframe><\/p>\n<p>UN CIELO UNA TARDE \u2013 <em>M\u00fasicas de la Argentina <\/em><\/p>\n<p>JORGE RETAMOZA<\/p>\n<p>El \u00e1lbum est\u00e1 integrado por obras originales propias y de Fernando Lerman, Claudio Ceccoli (quienes adem\u00e1s participan como int\u00e9rpretes) y otros compositores que participaron de este proyecto sobre m\u00fasicas folkl\u00f3ricas de la Argentina, en el que se plasma, en una decena de piezas folcl\u00f3ricas contempor\u00e1neas, otro paso sonoro cargado de audacia e identidad.<\/p>\n<p>Los invitados que formaron parte de este nuevo trabajo discogr\u00e1fico componen un seleccionado de m\u00fasicos admirados, que han aportado su talento como compositores y\/o int\u00e9rpretes: Abel Homer &#8211; Claudio Ceccoli &#8211; Daniel Corrado &#8211; Daniel M\u00edguez &#8211; David Marcos &#8211; Ernestina Inverinato -Ezequiel Finger &#8211; Fefe Botti &#8211; Fernando Lerman &#8211; Germ\u00e1n G\u00f3mez &#8211; Javier Portero &#8211; Javier Weintraub &#8211; Juli\u00e1n Graciano &#8211; Lilian Saba &#8211; Lucas Monz\u00f3n &#8211; Marina Ruiz Matta &#8211; Mauro Ciavattini &#8211; N\u00e9stor G\u00f3mez &#8211; Pablo Motta &#8211; Pablo Ponce &#8211; Patricio Villarejo &#8211; Pedro Rossi &#8211; Pope Gonz\u00e1lez &#8211; Santiago Retamoza &#8211; V\u00edctor Carri\u00f3n.<\/p>\n<p>Lista de Temas<\/p>\n<p><strong>1 EL COCO<\/strong> (Jorge Retamoza)<\/p>\n<p><strong>Lucas Monz\u00f3n<\/strong> <em>acorde\u00f3n, <\/em><strong>Lilian Saba<\/strong> <em>piano<\/em>, <strong>Pablo Motta<\/strong><em> contrabajo<\/em>, <strong>Daniel Corrado<\/strong> <em>bater\u00eda, <\/em><strong>Javier Weintraub<\/strong> <em>viol\u00edn<\/em>, <strong>Ernestina Inverinato<\/strong> <em>viol\u00edn<\/em><strong>, Javier Portero<\/strong> <em>viola<\/em>, <strong>Patricio Villarejo<\/strong> <em>cello<strong>, <\/strong><\/em><strong>Jorge Retamoza<\/strong> <em>saxo tenor<\/em><\/p>\n<p>&nbsp;<\/p>\n<p><strong>2 EL PERRO LIS\u00c9RGICO<\/strong> (Jorge Retamoza)<\/p>\n<p><strong>N\u00e9stor G\u00f3mez<\/strong> <em>guitarra<\/em>, <strong>Daniel M\u00edguez<\/strong><em> percusi\u00f3n, <\/em><strong>Jorge Retamoza<\/strong> <em>saxo tenor<\/em><\/p>\n<p><em>\u00a0<\/em><\/p>\n<p><strong>3 UN CIELO UNA TARDE<\/strong> (Jorge Retamoza)<\/p>\n<p><strong>Pablo Ponce<\/strong> <em>charango, quena,<\/em> <strong>Santiago Retamoza Villarino<\/strong> <em>bajo el\u00e9ctrico<\/em> <strong>Daniel Corrado<\/strong> <em>bater\u00eda, <\/em><strong>Jorge Retamoza <\/strong><em>saxo tenor<\/em><\/p>\n<p><em>\u00a0<\/em><\/p>\n<p><strong>4 LA VOZ ANTIGUA<\/strong> \u2013 Triunfo \u2013 (Fernando Lerman)<\/p>\n<p><strong>Fernando Lerman<\/strong> <em>saxo soprano y bar\u00edtono<\/em>, <em>flauta<\/em>, <strong>Jorge Retamoza<\/strong> <em>saxo alto y tenor, <\/em><strong>Pedro Rossi<\/strong> <em>guitarra<\/em>, <strong>Fefe Botti<\/strong> <em>contrabajo<\/em>, <strong>Germ\u00e1n G\u00f3mez<\/strong> <em>percusi\u00f3n <\/em><\/p>\n<p><em>\u00a0<\/em><\/p>\n<p><strong>5 A TRAV\u00c9S DE SU MIRADA<\/strong> (Claudio Ceccoli)<\/p>\n<p><strong>Claudio Ceccoli<\/strong> <em>guitarra<\/em>, <strong>Jorge Retamoza<\/strong> <em>saxo tenor<\/em><\/p>\n<p>&nbsp;<\/p>\n<p><strong>6a PRELUDIO Y 6b FUGA CHAYEROS<\/strong> (Fernando Lerman)<\/p>\n<p><strong>V\u00edctor Carri\u00f3n<\/strong> <em>saxo soprano<\/em>, <strong>Fernando Lerman<\/strong> <em>saxo alto, <\/em><strong>Jorge Retamoza<\/strong> <em>saxo tenor, <\/em><strong>Mauro Ciavattini<\/strong> <em>clarinete bajo<\/em>, <strong>Abel Homer<\/strong> <em>bater\u00eda<\/em><\/p>\n<p><em>\u00a0<\/em><\/p>\n<p><em>\u00a0<\/em><\/p>\n<p><strong>7 ZAMBAROZA <\/strong>(Jer\u00f3nimo Guirrieri)<\/p>\n<p><strong>Ezequiel Finger<\/strong> vibr\u00e1fono, <strong>David Marcos<\/strong> <em>clarinete bajo, <\/em><strong>Jorge Retamoza<\/strong> <em>saxo tenor, <\/em><strong>Pope Gonz\u00e1lez<\/strong> <em>contrabajo.<\/em><\/p>\n<p><em>\u00a0<\/em><\/p>\n<p><strong>8 TRAVES\u00cdA<\/strong> (Claudio Ceccoli)<\/p>\n<p><strong>Claudio Ceccoli<\/strong> <em>guitarra<\/em>, <strong>Jorge Retamoza<\/strong> <em>saxo tenor<\/em><\/p>\n<p><strong>\u00a0<\/strong><\/p>\n<p><strong>9 SUR ADENTRO <\/strong>(Guillermo Schiavi Gon)<\/p>\n<p><strong>Marina Ruiz Matta<\/strong> <em>piano, <\/em><strong>Daniel M\u00edguez<\/strong><em> percusi\u00f3n,<\/em> <strong>Jorge Retamoza<\/strong> <em>saxo tenor<\/em><\/p>\n<p><em>\u00a0<\/em><\/p>\n<p><strong>10 BAR EL OLVIDO<\/strong> (Jorge Retamoza)<\/p>\n<p><strong>Juli\u00e1n Graciano<\/strong> <em>guitarras<\/em>, <strong>Jorge Retamoza<\/strong> <em>saxo tenor<\/em><\/p>\n<p><em>\u00a0<\/em><\/p>","protected":false},"excerpt":{"rendered":"<p>UN CIELO UNA TARDE \u2013 M\u00fasicas de la Argentina JORGE RETAMOZA El \u00e1lbum est\u00e1 integrado por obras originales propias y de Fernando Lerman, Claudio Ceccoli (quienes adem\u00e1s participan como int\u00e9rpretes) y otros compositores que participaron de este proyecto sobre m\u00fasicas folkl\u00f3ricas de la Argentina, en el que se plasma, en una decena de piezas folcl\u00f3ricas&#8230;<\/p>","protected":false},"featured_media":1035,"template":"","meta":[],"product_brand":[],"product_cat":[49],"product_tag":[],"class_list":{"0":"post-1076","1":"product","2":"type-product","3":"status-publish","4":"has-post-thumbnail","6":"product_cat-discos","8":"first","9":"instock","10":"shipping-taxable","11":"product-type-simple"},"yoast_head":"<!-- This site is optimized with the Yoast SEO plugin v23.0 - https:\/\/yoast.com\/wordpress\/plugins\/seo\/ -->\n<title>UN CIELO UNA TARDE M\u00fasicas de la Argentina - Jorge Retamoza<\/title>\n<meta name=\"robots\" content=\"index, follow, max-snippet:-1, max-image-preview:large, max-video-preview:-1\" \/>\n<link rel=\"canonical\" href=\"https:\/\/www.retamoza.com.ar\/fr\/producciones\/un-cielo-una-tarde-musicas-de-la-argentina\/\" \/>\n<meta property=\"og:locale\" content=\"fr_FR\" \/>\n<meta property=\"og:type\" content=\"article\" \/>\n<meta property=\"og:title\" content=\"UN CIELO UNA TARDE M\u00fasicas de la Argentina - Jorge Retamoza\" \/>\n<meta property=\"og:description\" content=\"UN CIELO UNA TARDE \u2013 M\u00fasicas de la Argentina JORGE RETAMOZA El \u00e1lbum est\u00e1 integrado por obras originales propias y de Fernando Lerman, Claudio Ceccoli (quienes adem\u00e1s participan como int\u00e9rpretes) y otros compositores que participaron de este proyecto sobre m\u00fasicas folkl\u00f3ricas de la Argentina, en el que se plasma, en una decena de piezas folcl\u00f3ricas...\" \/>\n<meta property=\"og:url\" content=\"https:\/\/www.retamoza.com.ar\/fr\/producciones\/un-cielo-una-tarde-musicas-de-la-argentina\/\" \/>\n<meta property=\"og:site_name\" content=\"Jorge Retamoza\" \/>\n<meta property=\"article:modified_time\" content=\"2023-03-04T17:28:16+00:00\" \/>\n<meta property=\"og:image\" content=\"https:\/\/www.retamoza.com.ar\/wp-content\/uploads\/TAPA-COLOR-1024x1024.jpg\" \/>\n\t<meta property=\"og:image:width\" content=\"1024\" \/>\n\t<meta property=\"og:image:height\" content=\"1024\" \/>\n\t<meta property=\"og:image:type\" content=\"image\/jpeg\" \/>\n<meta name=\"twitter:card\" content=\"summary_large_image\" \/>\n<meta name=\"twitter:label1\" content=\"Est. reading time\" \/>\n\t<meta name=\"twitter:data1\" content=\"2 minutes\" \/>\n<script type=\"application\/ld+json\" class=\"yoast-schema-graph\">{\"@context\":\"https:\/\/schema.org\",\"@graph\":[{\"@type\":\"WebPage\",\"@id\":\"https:\/\/www.retamoza.com.ar\/producciones\/un-cielo-una-tarde-musicas-de-la-argentina\/\",\"url\":\"https:\/\/www.retamoza.com.ar\/producciones\/un-cielo-una-tarde-musicas-de-la-argentina\/\",\"name\":\"UN CIELO UNA TARDE M\u00fasicas de la Argentina - Jorge Retamoza\",\"isPartOf\":{\"@id\":\"https:\/\/www.retamoza.com.ar\/#website\"},\"primaryImageOfPage\":{\"@id\":\"https:\/\/www.retamoza.com.ar\/producciones\/un-cielo-una-tarde-musicas-de-la-argentina\/#primaryimage\"},\"image\":{\"@id\":\"https:\/\/www.retamoza.com.ar\/producciones\/un-cielo-una-tarde-musicas-de-la-argentina\/#primaryimage\"},\"thumbnailUrl\":\"https:\/\/www.retamoza.com.ar\/wp-content\/uploads\/TAPA-COLOR.jpg\",\"datePublished\":\"2022-11-20T22:47:58+00:00\",\"dateModified\":\"2023-03-04T17:28:16+00:00\",\"breadcrumb\":{\"@id\":\"https:\/\/www.retamoza.com.ar\/producciones\/un-cielo-una-tarde-musicas-de-la-argentina\/#breadcrumb\"},\"inLanguage\":\"fr-FR\",\"potentialAction\":[{\"@type\":\"ReadAction\",\"target\":[\"https:\/\/www.retamoza.com.ar\/producciones\/un-cielo-una-tarde-musicas-de-la-argentina\/\"]}]},{\"@type\":\"ImageObject\",\"inLanguage\":\"fr-FR\",\"@id\":\"https:\/\/www.retamoza.com.ar\/producciones\/un-cielo-una-tarde-musicas-de-la-argentina\/#primaryimage\",\"url\":\"https:\/\/www.retamoza.com.ar\/wp-content\/uploads\/TAPA-COLOR.jpg\",\"contentUrl\":\"https:\/\/www.retamoza.com.ar\/wp-content\/uploads\/TAPA-COLOR.jpg\",\"width\":2400,\"height\":2400},{\"@type\":\"BreadcrumbList\",\"@id\":\"https:\/\/www.retamoza.com.ar\/producciones\/un-cielo-una-tarde-musicas-de-la-argentina\/#breadcrumb\",\"itemListElement\":[{\"@type\":\"ListItem\",\"position\":1,\"name\":\"Inicio\",\"item\":\"https:\/\/www.retamoza.com.ar\/\"},{\"@type\":\"ListItem\",\"position\":2,\"name\":\"Tienda\",\"item\":\"https:\/\/www.retamoza.com.ar\/tienda\/\"},{\"@type\":\"ListItem\",\"position\":3,\"name\":\"UN CIELO UNA TARDE M\u00fasicas de la Argentina\"}]},{\"@type\":\"WebSite\",\"@id\":\"https:\/\/www.retamoza.com.ar\/#website\",\"url\":\"https:\/\/www.retamoza.com.ar\/\",\"name\":\"Jorge Retamoza\",\"description\":\"Saxofonista Compositor\",\"publisher\":{\"@id\":\"https:\/\/www.retamoza.com.ar\/#organization\"},\"potentialAction\":[{\"@type\":\"SearchAction\",\"target\":{\"@type\":\"EntryPoint\",\"urlTemplate\":\"https:\/\/www.retamoza.com.ar\/?s={search_term_string}\"},\"query-input\":\"required name=search_term_string\"}],\"inLanguage\":\"fr-FR\"},{\"@type\":\"Organization\",\"@id\":\"https:\/\/www.retamoza.com.ar\/#organization\",\"name\":\"Jorge Retamoza\",\"url\":\"https:\/\/www.retamoza.com.ar\/\",\"logo\":{\"@type\":\"ImageObject\",\"inLanguage\":\"fr-FR\",\"@id\":\"https:\/\/www.retamoza.com.ar\/#\/schema\/logo\/image\/\",\"url\":\"https:\/\/www.retamoza.com.ar\/wp-content\/uploads\/Saxo_tenor_cpk_nikel1-e1651888892642.png\",\"contentUrl\":\"https:\/\/www.retamoza.com.ar\/wp-content\/uploads\/Saxo_tenor_cpk_nikel1-e1651888892642.png\",\"width\":1000,\"height\":1000,\"caption\":\"Jorge Retamoza\"},\"image\":{\"@id\":\"https:\/\/www.retamoza.com.ar\/#\/schema\/logo\/image\/\"}}]}<\/script>\n<!-- \/ Yoast SEO plugin. -->","yoast_head_json":{"title":"UN CIELO UNA TARDE M\u00fasicas de la Argentina - Jorge Retamoza","robots":{"index":"index","follow":"follow","max-snippet":"max-snippet:-1","max-image-preview":"max-image-preview:large","max-video-preview":"max-video-preview:-1"},"canonical":"https:\/\/www.retamoza.com.ar\/fr\/producciones\/un-cielo-una-tarde-musicas-de-la-argentina\/","og_locale":"fr_FR","og_type":"article","og_title":"UN CIELO UNA TARDE M\u00fasicas de la Argentina - Jorge Retamoza","og_description":"UN CIELO UNA TARDE \u2013 M\u00fasicas de la Argentina JORGE RETAMOZA El \u00e1lbum est\u00e1 integrado por obras originales propias y de Fernando Lerman, Claudio Ceccoli (quienes adem\u00e1s participan como int\u00e9rpretes) y otros compositores que participaron de este proyecto sobre m\u00fasicas folkl\u00f3ricas de la Argentina, en el que se plasma, en una decena de piezas folcl\u00f3ricas...","og_url":"https:\/\/www.retamoza.com.ar\/fr\/producciones\/un-cielo-una-tarde-musicas-de-la-argentina\/","og_site_name":"Jorge Retamoza","article_modified_time":"2023-03-04T17:28:16+00:00","og_image":[{"width":1024,"height":1024,"url":"https:\/\/www.retamoza.com.ar\/wp-content\/uploads\/TAPA-COLOR-1024x1024.jpg","type":"image\/jpeg"}],"twitter_card":"summary_large_image","twitter_misc":{"Est. reading time":"2 minutes"},"schema":{"@context":"https:\/\/schema.org","@graph":[{"@type":"WebPage","@id":"https:\/\/www.retamoza.com.ar\/producciones\/un-cielo-una-tarde-musicas-de-la-argentina\/","url":"https:\/\/www.retamoza.com.ar\/producciones\/un-cielo-una-tarde-musicas-de-la-argentina\/","name":"UN CIELO UNA TARDE M\u00fasicas de la Argentina - Jorge Retamoza","isPartOf":{"@id":"https:\/\/www.retamoza.com.ar\/#website"},"primaryImageOfPage":{"@id":"https:\/\/www.retamoza.com.ar\/producciones\/un-cielo-una-tarde-musicas-de-la-argentina\/#primaryimage"},"image":{"@id":"https:\/\/www.retamoza.com.ar\/producciones\/un-cielo-una-tarde-musicas-de-la-argentina\/#primaryimage"},"thumbnailUrl":"https:\/\/www.retamoza.com.ar\/wp-content\/uploads\/TAPA-COLOR.jpg","datePublished":"2022-11-20T22:47:58+00:00","dateModified":"2023-03-04T17:28:16+00:00","breadcrumb":{"@id":"https:\/\/www.retamoza.com.ar\/producciones\/un-cielo-una-tarde-musicas-de-la-argentina\/#breadcrumb"},"inLanguage":"fr-FR","potentialAction":[{"@type":"ReadAction","target":["https:\/\/www.retamoza.com.ar\/producciones\/un-cielo-una-tarde-musicas-de-la-argentina\/"]}]},{"@type":"ImageObject","inLanguage":"fr-FR","@id":"https:\/\/www.retamoza.com.ar\/producciones\/un-cielo-una-tarde-musicas-de-la-argentina\/#primaryimage","url":"https:\/\/www.retamoza.com.ar\/wp-content\/uploads\/TAPA-COLOR.jpg","contentUrl":"https:\/\/www.retamoza.com.ar\/wp-content\/uploads\/TAPA-COLOR.jpg","width":2400,"height":2400},{"@type":"BreadcrumbList","@id":"https:\/\/www.retamoza.com.ar\/producciones\/un-cielo-una-tarde-musicas-de-la-argentina\/#breadcrumb","itemListElement":[{"@type":"ListItem","position":1,"name":"Inicio","item":"https:\/\/www.retamoza.com.ar\/"},{"@type":"ListItem","position":2,"name":"Tienda","item":"https:\/\/www.retamoza.com.ar\/tienda\/"},{"@type":"ListItem","position":3,"name":"UN CIELO UNA TARDE M\u00fasicas de la Argentina"}]},{"@type":"WebSite","@id":"https:\/\/www.retamoza.com.ar\/#website","url":"https:\/\/www.retamoza.com.ar\/","name":"Jorge Retamoza","description":"Saxofonista Compositor","publisher":{"@id":"https:\/\/www.retamoza.com.ar\/#organization"},"potentialAction":[{"@type":"SearchAction","target":{"@type":"EntryPoint","urlTemplate":"https:\/\/www.retamoza.com.ar\/?s={search_term_string}"},"query-input":"required name=search_term_string"}],"inLanguage":"fr-FR"},{"@type":"Organization","@id":"https:\/\/www.retamoza.com.ar\/#organization","name":"Jorge Retamoza","url":"https:\/\/www.retamoza.com.ar\/","logo":{"@type":"ImageObject","inLanguage":"fr-FR","@id":"https:\/\/www.retamoza.com.ar\/#\/schema\/logo\/image\/","url":"https:\/\/www.retamoza.com.ar\/wp-content\/uploads\/Saxo_tenor_cpk_nikel1-e1651888892642.png","contentUrl":"https:\/\/www.retamoza.com.ar\/wp-content\/uploads\/Saxo_tenor_cpk_nikel1-e1651888892642.png","width":1000,"height":1000,"caption":"Jorge Retamoza"},"image":{"@id":"https:\/\/www.retamoza.com.ar\/#\/schema\/logo\/image\/"}}]}},"_links":{"self":[{"href":"https:\/\/www.retamoza.com.ar\/fr\/wp-json\/wp\/v2\/product\/1076","targetHints":{"allow":["GET"]}}],"collection":[{"href":"https:\/\/www.retamoza.com.ar\/fr\/wp-json\/wp\/v2\/product"}],"about":[{"href":"https:\/\/www.retamoza.com.ar\/fr\/wp-json\/wp\/v2\/types\/product"}],"wp:featuredmedia":[{"embeddable":true,"href":"https:\/\/www.retamoza.com.ar\/fr\/wp-json\/wp\/v2\/media\/1035"}],"wp:attachment":[{"href":"https:\/\/www.retamoza.com.ar\/fr\/wp-json\/wp\/v2\/media?parent=1076"}],"wp:term":[{"taxonomy":"product_brand","embeddable":true,"href":"https:\/\/www.retamoza.com.ar\/fr\/wp-json\/wp\/v2\/product_brand?post=1076"},{"taxonomy":"product_cat","embeddable":true,"href":"https:\/\/www.retamoza.com.ar\/fr\/wp-json\/wp\/v2\/product_cat?post=1076"},{"taxonomy":"product_tag","embeddable":true,"href":"https:\/\/www.retamoza.com.ar\/fr\/wp-json\/wp\/v2\/product_tag?post=1076"}],"curies":[{"name":"wp","href":"https:\/\/api.w.org\/{rel}","templated":true}]}}