{"id":769,"date":"2022-05-06T18:57:38","date_gmt":"2022-05-06T21:57:38","guid":{"rendered":"https:\/\/c1991199.ferozo.com\/?page_id=769"},"modified":"2023-06-26T10:16:34","modified_gmt":"2023-06-26T13:16:34","slug":"libros","status":"publish","type":"page","link":"https:\/\/www.retamoza.com.ar\/fr\/libros\/","title":{"rendered":"Livres"},"content":{"rendered":"<section class=\"l-section wpb_row height_custom\"><div class=\"l-section-h i-cf\"><div class=\"g-cols vc_row via_grid cols_1 laptops-cols_inherit tablets-cols_inherit mobiles-cols_1 valign_top type_default stacking_default\"><div class=\"wpb_column vc_column_container\"><div class=\"vc_column-inner\"><div class=\"w-grid us_custom_89a917f4 type_grid layout_612 valign_center open_items_in_popup\" id=\"us_grid_1\" style=\"--gap:1.5rem;\" data-filterable=\"true\"><style>.layout_612 .w-grid-item-h{}@media(max-width:479px){.layout_612 .usg_post_image_1{display:none!important}}.layout_612 .usg_hwrapper_1{color:var(--color-content-text)!important;margin-right:10%!important;padding-top:6%!important;padding-bottom:6%!important;border-radius:0.3em!important;background:var(--color-content-bg-alt)!important;box-shadow:0 0 0.05em 0.05em #967444!important}.layout_612 .usg_vwrapper_1{width:48%!important;margin-left:6%!important;margin-right:0!important}.layout_612 .usg_post_image_1{width:50%!important;margin-left:7%!important;margin-right:-11%!important;border-radius:0.3em!important;box-shadow:0 0 0.5rem 0.05rem #967444!important}.layout_612 .usg_post_title_1{line-height:1.2!important;font-weight:700!important;text-shadow:0 0 0.05em #967444!important}.layout_612 .usg_post_content_1{font-size:0.9rem!important}@media (min-width:1025px) and (max-width:1280px){.layout_612 .usg_hwrapper_1{color:var(--color-content-text)!important;margin-right:10%!important;padding-top:6%!important;padding-bottom:6%!important;border-radius:0.3em!important;background:var(--color-content-bg-alt)!important;box-shadow:0 0 0.05em 0.05em #967444!important}.layout_612 .usg_vwrapper_1{width:48%!important;margin-left:6%!important;margin-right:0!important}.layout_612 .usg_post_image_1{width:50%!important;margin-left:7%!important;margin-right:-11%!important;border-radius:0.3em!important;box-shadow:0 0 0.5rem 0.05rem #967444!important}.layout_612 .usg_post_title_1{line-height:1.2!important;font-weight:700!important;text-shadow:0 0 0.05em #967444!important}.layout_612 .usg_post_content_1{font-size:0.9rem!important}}@media (min-width:601px) and (max-width:1024px){.layout_612 .usg_hwrapper_1{color:var(--color-content-text)!important;margin-right:10%!important;padding-top:6%!important;padding-bottom:6%!important;border-radius:0.3em!important;background:var(--color-content-bg-alt)!important;box-shadow:0 0 0.05em 0.05em #967444!important}.layout_612 .usg_vwrapper_1{width:48%!important;margin-left:6%!important;margin-right:0!important}.layout_612 .usg_post_image_1{width:50%!important;margin-left:7%!important;margin-right:-11%!important;border-radius:0.3em!important;box-shadow:0 0 0.5rem 0.05rem #967444!important}.layout_612 .usg_post_title_1{line-height:1.2!important;font-weight:700!important;text-shadow:0 0 0.05em #967444!important}.layout_612 .usg_post_content_1{font-size:0.9rem!important}}@media (max-width:600px){.layout_612 .usg_hwrapper_1{margin-left:0!important;margin-right:0!important;padding-top:0!important;padding-bottom:0!important}.layout_612 .usg_vwrapper_1{width:86%!important;margin:7% 7% 5% 7%!important}.layout_612 .usg_post_image_1{width:100%!important;margin-left:0!important;margin-right:0!important}}<\/style><div class=\"w-grid-list\">\t<article class=\"w-grid-item size_1x1 post-86 product type-product status-publish has-post-thumbnail product_cat-libros product_tag-edicion-impresa first instock sold-individually shipping-taxable product-type-external\" data-id=\"86\">\n\t\t<div class=\"w-grid-item-h\">\n\t\t\t\t\t\t\t<a href=\"https:\/\/www.retamoza.com.ar\/fr\/producciones\/el-tango-desde-el-saxo\/\" class=\"w-grid-item-anchor\" aria-label=\"Tango du saxophone\"><\/a>\n\t\t\t\t\t\t<div class=\"w-hwrapper usg_hwrapper_1 has_text_color align_none valign_top wrap\" style=\"--hwrapper-gap:1.20rem\"><div class=\"w-vwrapper usg_vwrapper_1 align_none valign_top\"><h2 class=\"w-post-elm post_title usg_post_title_1 woocommerce-loop-product__title color_link_inherit\"><a href=\"https:\/\/www.retamoza.com.ar\/fr\/producciones\/el-tango-desde-el-saxo\/\">Tango du saxophone<\/a><\/h2><div class=\"w-post-elm post_content usg_post_content_1\">Jorge Retamoza es un saxofonista, m\u00fasico y docente absolutamente personal. Su b\u00fasqueda continua es hoy firma registrada en el mundo del tango y el saxo. Su desarrollo estil\u00edstico, su faceta como compositor y su aporte al g\u00e9nero no solo desde el repertorio sino tambi\u00e9n desde su instrumento, ha logrado revitalizar al saxo en Argentina y el mundo, con fraseos, yeites y dise\u00f1os de todo grado de dificultad, que no se aplicaban ni conoc\u00edan sino hasta la inserci\u00f3n de Retamoza en el panorama musical actual. Todo ello genera un libro \u00fanico. En este trabajo encontrar\u00e1s todos los elementos necesarios (con explicaciones&hellip;<\/div><\/div><div class=\"w-post-elm post_image usg_post_image_1 has_width stretched\"><a href=\"https:\/\/www.retamoza.com.ar\/fr\/producciones\/el-tango-desde-el-saxo\/\" aria-label=\"Tango du saxophone\"><img loading=\"lazy\" decoding=\"async\" width=\"1024\" height=\"715\" src=\"https:\/\/www.retamoza.com.ar\/wp-content\/uploads\/tapa-libro-ok-51-e1651842449654-1024x715.jpg\" class=\"attachment-large size-large wp-post-image\" alt=\"\" srcset=\"https:\/\/www.retamoza.com.ar\/wp-content\/uploads\/tapa-libro-ok-51-e1651842449654-1024x715.jpg 1024w, https:\/\/www.retamoza.com.ar\/wp-content\/uploads\/tapa-libro-ok-51-e1651842449654-600x419.jpg 600w, https:\/\/www.retamoza.com.ar\/wp-content\/uploads\/tapa-libro-ok-51-e1651842449654-300x210.jpg 300w, https:\/\/www.retamoza.com.ar\/wp-content\/uploads\/tapa-libro-ok-51-e1651842449654-1536x1073.jpg 1536w, https:\/\/www.retamoza.com.ar\/wp-content\/uploads\/tapa-libro-ok-51-e1651842449654-1320x922.jpg 1320w\" sizes=\"auto, (max-width: 1024px) 100vw, 1024px\" \/><\/a><\/div><\/div>\t\t<\/div>\n\t<\/article>\n\t<article class=\"w-grid-item size_1x1 post-79 product type-product status-publish has-post-thumbnail product_cat-libros product_tag-edicion-digital  instock downloadable virtual sold-individually purchasable product-type-simple\" data-id=\"79\">\n\t\t<div class=\"w-grid-item-h\">\n\t\t\t\t\t\t\t<a href=\"https:\/\/www.retamoza.com.ar\/fr\/producciones\/mas-tango-para-el-saxo\/\" class=\"w-grid-item-anchor\" aria-label=\"Plus de tango pour le saxo\"><\/a>\n\t\t\t\t\t\t<div class=\"w-hwrapper usg_hwrapper_1 has_text_color align_none valign_top wrap\" style=\"--hwrapper-gap:1.20rem\"><div class=\"w-vwrapper usg_vwrapper_1 align_none valign_top\"><h2 class=\"w-post-elm post_title usg_post_title_1 woocommerce-loop-product__title color_link_inherit\"><a href=\"https:\/\/www.retamoza.com.ar\/fr\/producciones\/mas-tango-para-el-saxo\/\">Plus de tango pour le saxo<\/a><\/h2><div class=\"w-post-elm post_content usg_post_content_1\">M\u00c1S TANGO PARA EL SAXO el nuevo libro de Jorge Retamoza y Jer\u00f3nimo\u00a0Guirrieri contiene un compendio de variaciones hist\u00f3ricas, variaciones originales, solos, estudios orquestales extra\u00eddos nota a nota de grabaciones de los principales artistas del g\u00e9nero. El libro te llevar\u00e1 a tocar todas las partituras junto a las orquestas de An\u00edbal Troilo o Juan D\u2019Arienzo, Astor Piazzolla\u00a0u Horacio\u00a0Salg\u00e1n, Roberto Grela y Leopoldo Federico, puesto que todas las variaciones, solos y estudios est\u00e1n vinculados a una lista de reproducci\u00f3n. Adem\u00e1s, contiene pistas de acompa\u00f1amiento tocadas al piano sobre ritmos de milonga y sobre cadencias utilizadas en temas emblem\u00e1ticos del tango, que&hellip;<\/div><\/div><div class=\"w-post-elm post_image usg_post_image_1 has_width stretched\"><a href=\"https:\/\/www.retamoza.com.ar\/fr\/producciones\/mas-tango-para-el-saxo\/\" aria-label=\"Plus de tango pour le saxo\"><div class=\"w-post-slider-trigger\" style=\"width:50%; left:0%;\"><\/div><img loading=\"lazy\" decoding=\"async\" width=\"667\" height=\"667\" src=\"https:\/\/www.retamoza.com.ar\/wp-content\/uploads\/mas-tango-para-el-saxo-11.png\" class=\"attachment-large size-large\" alt=\"\" srcset=\"https:\/\/www.retamoza.com.ar\/wp-content\/uploads\/mas-tango-para-el-saxo-11.png 667w, https:\/\/www.retamoza.com.ar\/wp-content\/uploads\/mas-tango-para-el-saxo-11-300x300.png 300w, https:\/\/www.retamoza.com.ar\/wp-content\/uploads\/mas-tango-para-el-saxo-11-150x150.png 150w, https:\/\/www.retamoza.com.ar\/wp-content\/uploads\/mas-tango-para-el-saxo-11-600x600.png 600w\" sizes=\"auto, (max-width: 667px) 100vw, 667px\" \/><div class=\"w-post-slider-trigger\" style=\"width:50%; left:50%;\"><\/div><img loading=\"lazy\" decoding=\"async\" width=\"618\" height=\"861\" src=\"https:\/\/www.retamoza.com.ar\/wp-content\/uploads\/contenido.png\" class=\"attachment-large size-large\" alt=\"\" srcset=\"https:\/\/www.retamoza.com.ar\/wp-content\/uploads\/contenido.png 618w, https:\/\/www.retamoza.com.ar\/wp-content\/uploads\/contenido-600x836.png 600w, https:\/\/www.retamoza.com.ar\/wp-content\/uploads\/contenido-215x300.png 215w\" sizes=\"auto, (max-width: 618px) 100vw, 618px\" \/><\/a><\/div><\/div>\t\t<\/div>\n\t<\/article>\n<\/div><div class=\"w-grid-preloader\">\t<div class=\"g-preloader type_1\">\n\t\t<div><\/div>\n\t<\/div>\n\t<\/div>\t<div class=\"w-grid-json hidden\" onclick='return {&quot;action&quot;:&quot;us_ajax_grid&quot;,&quot;ajax_url&quot;:&quot;https:\\\/\\\/www.retamoza.com.ar\\\/wp-admin\\\/admin-ajax.php&quot;,&quot;infinite_scroll&quot;:0,&quot;max_num_pages&quot;:1,&quot;pagination&quot;:&quot;none&quot;,&quot;template_vars&quot;:{&quot;columns&quot;:&quot;1&quot;,&quot;exclude_items&quot;:&quot;none&quot;,&quot;img_size&quot;:&quot;default&quot;,&quot;ignore_items_size&quot;:0,&quot;items_layout&quot;:&quot;612&quot;,&quot;items_offset&quot;:&quot;1&quot;,&quot;load_animation&quot;:&quot;none&quot;,&quot;overriding_link&quot;:&quot;%7B%22type%22%3A%22popup_post%22%7D&quot;,&quot;post_id&quot;:0,&quot;query_args&quot;:{&quot;post_type&quot;:[&quot;product&quot;],&quot;tax_query&quot;:[{&quot;taxonomy&quot;:&quot;product_cat&quot;,&quot;field&quot;:&quot;slug&quot;,&quot;terms&quot;:[&quot;libros&quot;]},{&quot;taxonomy&quot;:&quot;product_visibility&quot;,&quot;field&quot;:&quot;slug&quot;,&quot;terms&quot;:[&quot;exclude-from-catalog&quot;],&quot;operator&quot;:&quot;NOT IN&quot;}],&quot;post_status&quot;:[&quot;publish&quot;],&quot;meta_query&quot;:[],&quot;posts_per_page&quot;:&quot;20&quot;},&quot;orderby_query_args&quot;:{&quot;orderby&quot;:{&quot;date&quot;:&quot;ASC&quot;}},&quot;type&quot;:&quot;grid&quot;,&quot;us_grid_ajax_index&quot;:1,&quot;us_grid_filter_params&quot;:[],&quot;us_grid_index&quot;:1,&quot;_us_grid_post_type&quot;:&quot;product&quot;,&quot;page_args&quot;:[]}}'><\/div>\n\t\t<div class=\"l-popup\">\n\t\t<div class=\"l-popup-overlay\"><\/div>\n\t\t<div class=\"l-popup-wrap\">\n\t\t\t<div class=\"l-popup-box\">\n\t\t\t\t<div class=\"l-popup-box-content\" style=\"max-width:65%;\">\n\t\t\t\t\t<div class=\"g-preloader type_1\">\n\t\t\t\t\t\t<div><\/div>\n\t\t\t\t\t<\/div>\n\t\t\t\t\t<iframe class=\"l-popup-box-content-frame\" allowfullscreen><\/iframe>\n\t\t\t\t<\/div>\n\t\t\t<\/div>\n\t\t\t\t\t\t<div class=\"l-popup-closer\"><\/div>\n\t\t<\/div>\n\t<\/div>\n\t<\/div><\/div><\/div><\/div><\/div><\/section>\n<div style=\"width: 1300px;\" class=\"wp-video\"><video class=\"wp-video-shortcode\" id=\"video-79-1\" width=\"1300\" height=\"731\" preload=\"metadata\" controls=\"controls\"><source type=\"video\/mp4\" src=\"https:\/\/www.retamoza.com.ar\/wp-content\/uploads\/VIDEO-PROMO-EN-INGLES.mp4?_=1\" \/><a href=\"https:\/\/www.retamoza.com.ar\/wp-content\/uploads\/VIDEO-PROMO-EN-INGLES.mp4\">https:\/\/www.retamoza.com.ar\/wp-content\/uploads\/VIDEO-PROMO-EN-INGLES.mp4<\/a><\/video><\/div>","protected":false},"excerpt":{"rendered":"M\u00c1S TANGO PARA EL SAXO el nuevo libro de Jorge Retamoza y Jer\u00f3nimo\u00a0Guirrieri contiene un compendio de variaciones hist\u00f3ricas, variaciones originales, solos, estudios orquestales extra\u00eddos nota a nota de grabaciones de los principales artistas del g\u00e9nero. El libro te llevar\u00e1 a tocar todas las partituras junto a las orquestas de An\u00edbal Troilo o Juan D\u2019Arienzo,...","protected":false},"author":1,"featured_media":0,"parent":0,"menu_order":0,"comment_status":"closed","ping_status":"closed","template":"","meta":{"footnotes":""},"class_list":["post-769","page","type-page","status-publish","hentry"],"yoast_head":"<!-- This site is optimized with the Yoast SEO plugin v23.0 - https:\/\/yoast.com\/wordpress\/plugins\/seo\/ -->\n<title>Libros - Jorge Retamoza<\/title>\n<meta name=\"robots\" content=\"index, follow, max-snippet:-1, max-image-preview:large, max-video-preview:-1\" \/>\n<link rel=\"canonical\" href=\"https:\/\/www.retamoza.com.ar\/fr\/libros\/\" \/>\n<meta property=\"og:locale\" content=\"fr_FR\" \/>\n<meta property=\"og:type\" content=\"article\" \/>\n<meta property=\"og:title\" content=\"Libros - Jorge Retamoza\" \/>\n<meta property=\"og:url\" content=\"https:\/\/www.retamoza.com.ar\/fr\/libros\/\" \/>\n<meta property=\"og:site_name\" content=\"Jorge Retamoza\" \/>\n<meta property=\"article:modified_time\" content=\"2023-06-26T13:16:34+00:00\" \/>\n<meta name=\"twitter:card\" content=\"summary_large_image\" \/>\n<script type=\"application\/ld+json\" class=\"yoast-schema-graph\">{\"@context\":\"https:\/\/schema.org\",\"@graph\":[{\"@type\":\"WebPage\",\"@id\":\"https:\/\/www.retamoza.com.ar\/libros\/\",\"url\":\"https:\/\/www.retamoza.com.ar\/libros\/\",\"name\":\"Libros - Jorge Retamoza\",\"isPartOf\":{\"@id\":\"https:\/\/www.retamoza.com.ar\/#website\"},\"datePublished\":\"2022-05-06T21:57:38+00:00\",\"dateModified\":\"2023-06-26T13:16:34+00:00\",\"breadcrumb\":{\"@id\":\"https:\/\/www.retamoza.com.ar\/libros\/#breadcrumb\"},\"inLanguage\":\"fr-FR\",\"potentialAction\":[{\"@type\":\"ReadAction\",\"target\":[\"https:\/\/www.retamoza.com.ar\/libros\/\"]}]},{\"@type\":\"BreadcrumbList\",\"@id\":\"https:\/\/www.retamoza.com.ar\/libros\/#breadcrumb\",\"itemListElement\":[{\"@type\":\"ListItem\",\"position\":1,\"name\":\"Inicio\",\"item\":\"https:\/\/www.retamoza.com.ar\/\"},{\"@type\":\"ListItem\",\"position\":2,\"name\":\"Libros\"}]},{\"@type\":\"WebSite\",\"@id\":\"https:\/\/www.retamoza.com.ar\/#website\",\"url\":\"https:\/\/www.retamoza.com.ar\/\",\"name\":\"Jorge Retamoza\",\"description\":\"Saxofonista Compositor\",\"publisher\":{\"@id\":\"https:\/\/www.retamoza.com.ar\/#organization\"},\"potentialAction\":[{\"@type\":\"SearchAction\",\"target\":{\"@type\":\"EntryPoint\",\"urlTemplate\":\"https:\/\/www.retamoza.com.ar\/?s={search_term_string}\"},\"query-input\":\"required name=search_term_string\"}],\"inLanguage\":\"fr-FR\"},{\"@type\":\"Organization\",\"@id\":\"https:\/\/www.retamoza.com.ar\/#organization\",\"name\":\"Jorge Retamoza\",\"url\":\"https:\/\/www.retamoza.com.ar\/\",\"logo\":{\"@type\":\"ImageObject\",\"inLanguage\":\"fr-FR\",\"@id\":\"https:\/\/www.retamoza.com.ar\/#\/schema\/logo\/image\/\",\"url\":\"https:\/\/www.retamoza.com.ar\/wp-content\/uploads\/Saxo_tenor_cpk_nikel1-e1651888892642.png\",\"contentUrl\":\"https:\/\/www.retamoza.com.ar\/wp-content\/uploads\/Saxo_tenor_cpk_nikel1-e1651888892642.png\",\"width\":1000,\"height\":1000,\"caption\":\"Jorge Retamoza\"},\"image\":{\"@id\":\"https:\/\/www.retamoza.com.ar\/#\/schema\/logo\/image\/\"}}]}<\/script>\n<!-- \/ Yoast SEO plugin. -->","yoast_head_json":{"title":"Libros - Jorge Retamoza","robots":{"index":"index","follow":"follow","max-snippet":"max-snippet:-1","max-image-preview":"max-image-preview:large","max-video-preview":"max-video-preview:-1"},"canonical":"https:\/\/www.retamoza.com.ar\/fr\/libros\/","og_locale":"fr_FR","og_type":"article","og_title":"Libros - Jorge Retamoza","og_url":"https:\/\/www.retamoza.com.ar\/fr\/libros\/","og_site_name":"Jorge Retamoza","article_modified_time":"2023-06-26T13:16:34+00:00","twitter_card":"summary_large_image","schema":{"@context":"https:\/\/schema.org","@graph":[{"@type":"WebPage","@id":"https:\/\/www.retamoza.com.ar\/libros\/","url":"https:\/\/www.retamoza.com.ar\/libros\/","name":"Libros - Jorge Retamoza","isPartOf":{"@id":"https:\/\/www.retamoza.com.ar\/#website"},"datePublished":"2022-05-06T21:57:38+00:00","dateModified":"2023-06-26T13:16:34+00:00","breadcrumb":{"@id":"https:\/\/www.retamoza.com.ar\/libros\/#breadcrumb"},"inLanguage":"fr-FR","potentialAction":[{"@type":"ReadAction","target":["https:\/\/www.retamoza.com.ar\/libros\/"]}]},{"@type":"BreadcrumbList","@id":"https:\/\/www.retamoza.com.ar\/libros\/#breadcrumb","itemListElement":[{"@type":"ListItem","position":1,"name":"Inicio","item":"https:\/\/www.retamoza.com.ar\/"},{"@type":"ListItem","position":2,"name":"Libros"}]},{"@type":"WebSite","@id":"https:\/\/www.retamoza.com.ar\/#website","url":"https:\/\/www.retamoza.com.ar\/","name":"Jorge Retamoza","description":"Saxofonista Compositor","publisher":{"@id":"https:\/\/www.retamoza.com.ar\/#organization"},"potentialAction":[{"@type":"SearchAction","target":{"@type":"EntryPoint","urlTemplate":"https:\/\/www.retamoza.com.ar\/?s={search_term_string}"},"query-input":"required name=search_term_string"}],"inLanguage":"fr-FR"},{"@type":"Organization","@id":"https:\/\/www.retamoza.com.ar\/#organization","name":"Jorge Retamoza","url":"https:\/\/www.retamoza.com.ar\/","logo":{"@type":"ImageObject","inLanguage":"fr-FR","@id":"https:\/\/www.retamoza.com.ar\/#\/schema\/logo\/image\/","url":"https:\/\/www.retamoza.com.ar\/wp-content\/uploads\/Saxo_tenor_cpk_nikel1-e1651888892642.png","contentUrl":"https:\/\/www.retamoza.com.ar\/wp-content\/uploads\/Saxo_tenor_cpk_nikel1-e1651888892642.png","width":1000,"height":1000,"caption":"Jorge Retamoza"},"image":{"@id":"https:\/\/www.retamoza.com.ar\/#\/schema\/logo\/image\/"}}]}},"_links":{"self":[{"href":"https:\/\/www.retamoza.com.ar\/fr\/wp-json\/wp\/v2\/pages\/769","targetHints":{"allow":["GET"]}}],"collection":[{"href":"https:\/\/www.retamoza.com.ar\/fr\/wp-json\/wp\/v2\/pages"}],"about":[{"href":"https:\/\/www.retamoza.com.ar\/fr\/wp-json\/wp\/v2\/types\/page"}],"author":[{"embeddable":true,"href":"https:\/\/www.retamoza.com.ar\/fr\/wp-json\/wp\/v2\/users\/1"}],"replies":[{"embeddable":true,"href":"https:\/\/www.retamoza.com.ar\/fr\/wp-json\/wp\/v2\/comments?post=769"}],"version-history":[{"count":5,"href":"https:\/\/www.retamoza.com.ar\/fr\/wp-json\/wp\/v2\/pages\/769\/revisions"}],"predecessor-version":[{"id":1184,"href":"https:\/\/www.retamoza.com.ar\/fr\/wp-json\/wp\/v2\/pages\/769\/revisions\/1184"}],"wp:attachment":[{"href":"https:\/\/www.retamoza.com.ar\/fr\/wp-json\/wp\/v2\/media?parent=769"}],"curies":[{"name":"wp","href":"https:\/\/api.w.org\/{rel}","templated":true}]}}