{"id":213,"date":"2022-04-12T01:33:39","date_gmt":"2022-04-12T04:33:39","guid":{"rendered":"https:\/\/retamoza.efece.ar\/?page_id=213"},"modified":"2023-03-05T11:56:39","modified_gmt":"2023-03-05T14:56:39","slug":"masterclass","status":"publish","type":"page","link":"https:\/\/www.retamoza.com.ar\/fr\/masterclass\/","title":{"rendered":"MasterClass"},"content":{"rendered":"<section class=\"l-section wpb_row height_custom\"><div class=\"l-section-h i-cf\"><div class=\"g-cols vc_row via_grid cols_1 laptops-cols_inherit tablets-cols_inherit mobiles-cols_1 valign_top type_default stacking_default\"><div class=\"wpb_column vc_column_container\"><div class=\"vc_column-inner\"><h2 class=\"w-post-elm post_title align_center entry-title color_link_inherit\">MasterClass<\/h2><div class=\"w-slider us_custom_8f7dc2ff style_none fit_contain\"><div class=\"w-slider-h\"><div class=\"royalSlider\"><div class=\"rsContent\"><a class=\"rsImg\" data-rsw=\"438\" data-rsh=\"640\" data-rsbigimg=\"https:\/\/www.retamoza.com.ar\/wp-content\/uploads\/ICSPP-2023-collage.png\" href=\"https:\/\/www.retamoza.com.ar\/wp-content\/uploads\/ICSPP-2023-collage.png\"><span data-alt=\"\"><\/span><\/a><\/div><div class=\"rsContent\"><a class=\"rsImg\" data-rsw=\"960\" data-rsh=\"640\" data-rsbigimg=\"https:\/\/www.retamoza.com.ar\/wp-content\/uploads\/QUILMES.jpg\" href=\"https:\/\/www.retamoza.com.ar\/wp-content\/uploads\/QUILMES.jpg\"><span data-alt=\"\"><\/span><\/a><\/div><div class=\"rsContent\"><a class=\"rsImg\" data-rsw=\"1024\" data-rsh=\"682\" data-rsbigimg=\"https:\/\/www.retamoza.com.ar\/wp-content\/uploads\/Clase-Murcia-1-scaled.jpg\" href=\"https:\/\/www.retamoza.com.ar\/wp-content\/uploads\/Clase-Murcia-1-1024x682.jpg\"><span data-alt=\"\"><\/span><\/a><\/div><div class=\"rsContent\"><a class=\"rsImg\" data-rsw=\"753\" data-rsh=\"1024\" data-rsbigimg=\"https:\/\/www.retamoza.com.ar\/wp-content\/uploads\/Cartel-curso-saxofon-CHICO.jpg\" href=\"https:\/\/www.retamoza.com.ar\/wp-content\/uploads\/Cartel-curso-saxofon-CHICO-753x1024.jpg\"><span data-alt=\"\"><\/span><\/a><\/div><div class=\"rsContent\"><a class=\"rsImg\" data-rsw=\"1024\" data-rsh=\"1024\" data-rsbigimg=\"https:\/\/www.retamoza.com.ar\/wp-content\/uploads\/FB_IMG_1665518719929.jpg\" href=\"https:\/\/www.retamoza.com.ar\/wp-content\/uploads\/FB_IMG_1665518719929-1024x1024.jpg\"><span data-alt=\"\"><\/span><\/a><\/div><div class=\"rsContent\"><a class=\"rsImg\" data-rsw=\"1024\" data-rsh=\"680\" data-rsbigimg=\"https:\/\/www.retamoza.com.ar\/wp-content\/uploads\/SAX-ON.jpg\" href=\"https:\/\/www.retamoza.com.ar\/wp-content\/uploads\/SAX-ON-1024x680.jpg\"><span data-alt=\"\"><\/span><\/a><\/div><div class=\"rsContent\"><a class=\"rsImg\" data-rsw=\"737\" data-rsh=\"553\" data-rsbigimg=\"https:\/\/www.retamoza.com.ar\/wp-content\/uploads\/Masterclass-ok-2.jpg\" href=\"https:\/\/www.retamoza.com.ar\/wp-content\/uploads\/Masterclass-ok-2.jpg\"><span data-alt=\"\"><\/span><\/a><\/div><div class=\"rsContent\"><a class=\"rsImg\" data-rsw=\"960\" data-rsh=\"626\" data-rsbigimg=\"https:\/\/www.retamoza.com.ar\/wp-content\/uploads\/MAster-Roca.jpg\" href=\"https:\/\/www.retamoza.com.ar\/wp-content\/uploads\/MAster-Roca.jpg\"><span data-alt=\"\"><\/span><\/a><\/div><div class=\"rsContent\"><a class=\"rsImg\" data-rsw=\"1009\" data-rsh=\"568\" data-rsbigimg=\"https:\/\/www.retamoza.com.ar\/wp-content\/uploads\/IMG-20221010-WA0053.jpg\" href=\"https:\/\/www.retamoza.com.ar\/wp-content\/uploads\/IMG-20221010-WA0053.jpg\"><span data-alt=\"\"><\/span><\/a><\/div><\/div><img decoding=\"async\" src=\"https:\/\/www.retamoza.com.ar\/wp-content\/uploads\/ICSPP-2023-collage.png\" width=\"438\" height=\"640\" alt loading=\"lazy\"><\/div><div class=\"w-slider-json\" onclick='return {&quot;autoScaleSlider&quot;:true,&quot;loop&quot;:true,&quot;fadeInLoadedSlide&quot;:false,&quot;slidesSpacing&quot;:0,&quot;imageScalePadding&quot;:0,&quot;numImagesToPreload&quot;:2,&quot;arrowsNav&quot;:true,&quot;arrowsNavAutoHide&quot;:true,&quot;transitionType&quot;:&quot;fade&quot;,&quot;transitionSpeed&quot;:3000,&quot;block&quot;:{&quot;moveEffect&quot;:&quot;none&quot;,&quot;speed&quot;:300},&quot;thumbs&quot;:{&quot;fitInViewport&quot;:false},&quot;controlNavigation&quot;:&quot;bullets&quot;,&quot;autoplay&quot;:{&quot;enabled&quot;:true,&quot;pauseOnHover&quot;:true,&quot;delay&quot;:3000},&quot;fullscreen&quot;:{&quot;enabled&quot;:true},&quot;imageScaleMode&quot;:&quot;fit&quot;,&quot;autoScaleSliderWidth&quot;:438,&quot;autoScaleSliderHeight&quot;:640}'><\/div><\/div><div class=\"wpb_text_column\"><div class=\"wpb_wrapper\"><p align=\"justify\">Jorge Retamoza a donn\u00e9 des master classes dans des lieux publics et priv\u00e9s en Argentine, en Am\u00e9rique et en Europe au fil des ans. Les sujets qui composent les cours sont organis\u00e9s de mani\u00e8re \u00e0 ce que l'\u00e9l\u00e8ve, lorsqu'il participe \u00e0 un cours, trouve un plan de travail g\u00e9n\u00e9ral pour le d\u00e9veloppement technique de son instrument et avec des aspects sp\u00e9cifiques du vocabulaire de la musique qu'il souhaite d\u00e9velopper, qu'il s'agisse de tango, de jazz, de musique populaire en g\u00e9n\u00e9ral ou du domaine acad\u00e9mique.<\/p>\n<p align=\"justify\">Les cours font r\u00e9f\u00e9rence aux aspects techniques de l'instrument, avec leurs exercices respectifs et leur pratique courante qui seront utiles pour tout genre que vous souhaitez aborder. En plus d'une pratique pour incorporer les connaissances harmoniques de base appliqu\u00e9es \u00e0 l'instrument, des connaissances pratiques, non seulement th\u00e9oriques, de la relation des gammes avec les accords et de leur utilisation dans diff\u00e9rents genres musicaux.<\/p>\n<p align=\"justify\">Las clases son participativas pues los estudiantes pueden interpretar \u00a0unos arreglos para cuarteto de saxos de\u00a0diferentes niveles de dificultad musical, que se\u00a0utilizan para trabajar en la clase a modo de un ensayo dirigido por el propio Retamoza.<\/p>\n<p><strong>CLASSE SP\u00c9CIALE<\/strong><\/p>\n<p align=\"justify\">Relecture des Six \u00c9tudes Tanguistiques<br \/>\nUne des \u0153uvres d'Astor Piazzolla avec la plus grande diffusion dans les conservatoires, les maisons d'\u00e9tudes, les universit\u00e9s.<\/p>\n<p align=\"justify\">Les Six Tango Studies ont \u00e9t\u00e9 organis\u00e9es pour fonctionner en Master Classes, <strong>mettant l'accent sur l'aspect rythmique et celui de l'articulation et de l'interpr\u00e9tation g\u00e9n\u00e9rale de l'esprit de cette musique,<\/strong> Le(s) participant(s) choisira(nt) une des \u00e9tudes et \u00e0 partir de son interpr\u00e9tation il recevra un retour en termes d'aspects rythmiques, d'encha\u00eenement harmonique et surtout d'articulations du genre. En plus d'un cadrage historique du tango par rapport \u00e0 l'\u00e9tude choisie.<\/p>\n<\/div><\/div><div class=\"w-separator size_large\"><\/div><div class=\"g-cols wpb_row via_grid cols_2-1 laptops-cols_inherit tablets-cols_inherit mobiles-cols_1 valign_top type_default stacking_default\" style=\"--gap:3rem;\"><div class=\"wpb_column vc_column_container\"><div class=\"vc_column-inner\"><div class=\"w-grid type_masonry layout_gallery_default cols_4 with_isotope with_css_animation ratio_3x2\" id=\"us_grid_1\" style=\"--gap:1rem;\" data-filterable=\"true\"><style>@media (max-width:1280px){#us_grid_1 .w-grid-item{width:33.3333%}}@media (max-width:1024px){#us_grid_1 .w-grid-item{width:50%}}@media (max-width:600px){#us_grid_1 .w-grid-list{margin:0}#us_grid_1 .w-grid-item{width:100%;padding:0;margin-bottom:var(--gap,0px)}}#us_grid_1 .w-grid-item-h:before{padding-bottom:66.6667%}.layout_gallery_default .w-grid-item-h:before{padding-bottom:100%}.layout_gallery_default .w-grid-item-h{}<\/style><div class=\"w-grid-list\">\t<article class=\"w-grid-item us_animate_fade off_autostart post-239 attachment type-attachment status-inherit hentry\" data-id=\"239\" style=\"animation-delay:0s\">\n\t\t<div class=\"w-grid-item-h\">\n\t\t\t\t\t\t<div class=\"w-post-elm post_image usg_post_image_1 stretched\"><img loading=\"lazy\" decoding=\"async\" width=\"960\" height=\"720\" src=\"https:\/\/www.retamoza.com.ar\/wp-content\/uploads\/TEXTO.jpg\" class=\"attachment-large size-large\" alt=\"\" srcset=\"https:\/\/www.retamoza.com.ar\/wp-content\/uploads\/TEXTO.jpg 960w, https:\/\/www.retamoza.com.ar\/wp-content\/uploads\/TEXTO-600x450.jpg 600w, https:\/\/www.retamoza.com.ar\/wp-content\/uploads\/TEXTO-300x225.jpg 300w\" sizes=\"auto, (max-width: 960px) 100vw, 960px\" \/><\/div>\t\t<\/div>\n\t<\/article>\n\t<article class=\"w-grid-item us_animate_fade off_autostart post-236 attachment type-attachment status-inherit hentry\" data-id=\"236\" style=\"animation-delay:0.1s\">\n\t\t<div class=\"w-grid-item-h\">\n\t\t\t\t\t\t<div class=\"w-post-elm post_image usg_post_image_1 stretched\"><img loading=\"lazy\" decoding=\"async\" width=\"1024\" height=\"680\" src=\"https:\/\/www.retamoza.com.ar\/wp-content\/uploads\/MASTER-CUARTETO-1024x680.jpg\" class=\"attachment-large size-large\" alt=\"\" srcset=\"https:\/\/www.retamoza.com.ar\/wp-content\/uploads\/MASTER-CUARTETO-1024x680.jpg 1024w, https:\/\/www.retamoza.com.ar\/wp-content\/uploads\/MASTER-CUARTETO-600x399.jpg 600w, https:\/\/www.retamoza.com.ar\/wp-content\/uploads\/MASTER-CUARTETO-300x199.jpg 300w, https:\/\/www.retamoza.com.ar\/wp-content\/uploads\/MASTER-CUARTETO-1536x1020.jpg 1536w\" sizes=\"auto, (max-width: 1024px) 100vw, 1024px\" \/><\/div>\t\t<\/div>\n\t<\/article>\n\t<article class=\"w-grid-item us_animate_fade off_autostart post-237 attachment type-attachment status-inherit hentry\" data-id=\"237\" style=\"animation-delay:0.2s\">\n\t\t<div class=\"w-grid-item-h\">\n\t\t\t\t\t\t<div class=\"w-post-elm post_image usg_post_image_1 stretched\"><img loading=\"lazy\" decoding=\"async\" width=\"909\" height=\"704\" src=\"https:\/\/www.retamoza.com.ar\/wp-content\/uploads\/MAster-Roca-2-.jpg\" class=\"attachment-large size-large\" alt=\"\" srcset=\"https:\/\/www.retamoza.com.ar\/wp-content\/uploads\/MAster-Roca-2-.jpg 909w, https:\/\/www.retamoza.com.ar\/wp-content\/uploads\/MAster-Roca-2--600x465.jpg 600w, https:\/\/www.retamoza.com.ar\/wp-content\/uploads\/MAster-Roca-2--300x232.jpg 300w\" sizes=\"auto, (max-width: 909px) 100vw, 909px\" \/><\/div>\t\t<\/div>\n\t<\/article>\n\t<article class=\"w-grid-item us_animate_fade off_autostart post-1097 attachment type-attachment status-inherit hentry\" data-id=\"1097\" style=\"animation-delay:0.3s\">\n\t\t<div class=\"w-grid-item-h\">\n\t\t\t\t\t\t<div class=\"w-post-elm post_image usg_post_image_1 stretched\"><img loading=\"lazy\" decoding=\"async\" width=\"625\" height=\"625\" src=\"https:\/\/www.retamoza.com.ar\/wp-content\/uploads\/FB_IMG_1666300237018.jpg\" class=\"attachment-large size-large\" alt=\"\" srcset=\"https:\/\/www.retamoza.com.ar\/wp-content\/uploads\/FB_IMG_1666300237018.jpg 625w, https:\/\/www.retamoza.com.ar\/wp-content\/uploads\/FB_IMG_1666300237018-300x300.jpg 300w, https:\/\/www.retamoza.com.ar\/wp-content\/uploads\/FB_IMG_1666300237018-150x150.jpg 150w, https:\/\/www.retamoza.com.ar\/wp-content\/uploads\/FB_IMG_1666300237018-600x600.jpg 600w\" sizes=\"auto, (max-width: 625px) 100vw, 625px\" \/><\/div>\t\t<\/div>\n\t<\/article>\n\t<article class=\"w-grid-item us_animate_fade off_autostart post-240 attachment type-attachment status-inherit hentry\" data-id=\"240\" style=\"animation-delay:0.4s\">\n\t\t<div class=\"w-grid-item-h\">\n\t\t\t\t\t\t<div class=\"w-post-elm post_image usg_post_image_1 stretched\"><img loading=\"lazy\" decoding=\"async\" width=\"591\" height=\"774\" src=\"https:\/\/www.retamoza.com.ar\/wp-content\/uploads\/vandoren-con-logo.jpg\" class=\"attachment-large size-large\" alt=\"\" srcset=\"https:\/\/www.retamoza.com.ar\/wp-content\/uploads\/vandoren-con-logo.jpg 591w, https:\/\/www.retamoza.com.ar\/wp-content\/uploads\/vandoren-con-logo-229x300.jpg 229w\" sizes=\"auto, (max-width: 591px) 100vw, 591px\" \/><\/div>\t\t<\/div>\n\t<\/article>\n\t<article class=\"w-grid-item us_animate_fade off_autostart post-232 attachment type-attachment status-inherit hentry\" data-id=\"232\" style=\"animation-delay:0.5s\">\n\t\t<div class=\"w-grid-item-h\">\n\t\t\t\t\t\t<div class=\"w-post-elm post_image usg_post_image_1 stretched\"><img loading=\"lazy\" decoding=\"async\" width=\"663\" height=\"1024\" src=\"https:\/\/www.retamoza.com.ar\/wp-content\/uploads\/CARTEL-2016-Sax-fes-663x1024.jpg\" class=\"attachment-large size-large\" alt=\"\" srcset=\"https:\/\/www.retamoza.com.ar\/wp-content\/uploads\/CARTEL-2016-Sax-fes-663x1024.jpg 663w, https:\/\/www.retamoza.com.ar\/wp-content\/uploads\/CARTEL-2016-Sax-fes-600x927.jpg 600w, https:\/\/www.retamoza.com.ar\/wp-content\/uploads\/CARTEL-2016-Sax-fes-194x300.jpg 194w, https:\/\/www.retamoza.com.ar\/wp-content\/uploads\/CARTEL-2016-Sax-fes-994x1536.jpg 994w, https:\/\/www.retamoza.com.ar\/wp-content\/uploads\/CARTEL-2016-Sax-fes-scaled.jpg 1656w\" sizes=\"auto, (max-width: 663px) 100vw, 663px\" \/><\/div>\t\t<\/div>\n\t<\/article>\n\t<article class=\"w-grid-item us_animate_fade off_autostart post-1107 attachment type-attachment status-inherit hentry\" data-id=\"1107\" style=\"animation-delay:0.6s\">\n\t\t<div class=\"w-grid-item-h\">\n\t\t\t\t\t\t<div class=\"w-post-elm post_image usg_post_image_1 stretched\"><img loading=\"lazy\" decoding=\"async\" width=\"576\" height=\"1024\" src=\"https:\/\/www.retamoza.com.ar\/wp-content\/uploads\/Presentacion-del-libro-Mas-Tango-Para-El-Saxo-OK-1-576x1024.png\" class=\"attachment-large size-large\" alt=\"\" srcset=\"https:\/\/www.retamoza.com.ar\/wp-content\/uploads\/Presentacion-del-libro-Mas-Tango-Para-El-Saxo-OK-1-576x1024.png 576w, https:\/\/www.retamoza.com.ar\/wp-content\/uploads\/Presentacion-del-libro-Mas-Tango-Para-El-Saxo-OK-1-600x1067.png 600w, https:\/\/www.retamoza.com.ar\/wp-content\/uploads\/Presentacion-del-libro-Mas-Tango-Para-El-Saxo-OK-1-169x300.png 169w, https:\/\/www.retamoza.com.ar\/wp-content\/uploads\/Presentacion-del-libro-Mas-Tango-Para-El-Saxo-OK-1-864x1536.png 864w, https:\/\/www.retamoza.com.ar\/wp-content\/uploads\/Presentacion-del-libro-Mas-Tango-Para-El-Saxo-OK-1.png 1080w\" sizes=\"auto, (max-width: 576px) 100vw, 576px\" \/><\/div>\t\t<\/div>\n\t<\/article>\n\t<article class=\"w-grid-item us_animate_fade off_autostart post-238 attachment type-attachment status-inherit hentry\" data-id=\"238\" style=\"animation-delay:0.7s\">\n\t\t<div class=\"w-grid-item-h\">\n\t\t\t\t\t\t<div class=\"w-post-elm post_image usg_post_image_1 stretched\"><img loading=\"lazy\" decoding=\"async\" width=\"524\" height=\"794\" src=\"https:\/\/www.retamoza.com.ar\/wp-content\/uploads\/saxon.jpg\" class=\"attachment-large size-large\" alt=\"\" srcset=\"https:\/\/www.retamoza.com.ar\/wp-content\/uploads\/saxon.jpg 524w, https:\/\/www.retamoza.com.ar\/wp-content\/uploads\/saxon-198x300.jpg 198w\" sizes=\"auto, (max-width: 524px) 100vw, 524px\" \/><\/div>\t\t<\/div>\n\t<\/article>\n\t<article class=\"w-grid-item us_animate_fade off_autostart post-235 attachment type-attachment status-inherit hentry\" data-id=\"235\" style=\"animation-delay:0s\">\n\t\t<div class=\"w-grid-item-h\">\n\t\t\t\t\t\t<div class=\"w-post-elm post_image usg_post_image_1 stretched\"><img loading=\"lazy\" decoding=\"async\" width=\"1024\" height=\"768\" src=\"https:\/\/www.retamoza.com.ar\/wp-content\/uploads\/IMAgen-MAster-PAris-1024x768.jpg\" class=\"attachment-large size-large\" alt=\"\" srcset=\"https:\/\/www.retamoza.com.ar\/wp-content\/uploads\/IMAgen-MAster-PAris-1024x768.jpg 1024w, https:\/\/www.retamoza.com.ar\/wp-content\/uploads\/IMAgen-MAster-PAris-600x450.jpg 600w, https:\/\/www.retamoza.com.ar\/wp-content\/uploads\/IMAgen-MAster-PAris-300x225.jpg 300w, https:\/\/www.retamoza.com.ar\/wp-content\/uploads\/IMAgen-MAster-PAris.jpg 1417w\" sizes=\"auto, (max-width: 1024px) 100vw, 1024px\" \/><\/div>\t\t<\/div>\n\t<\/article>\n\t<article class=\"w-grid-item us_animate_fade off_autostart post-1103 attachment type-attachment status-inherit hentry\" data-id=\"1103\" style=\"animation-delay:0.1s\">\n\t\t<div class=\"w-grid-item-h\">\n\t\t\t\t\t\t<div class=\"w-post-elm post_image usg_post_image_1 stretched\"><img loading=\"lazy\" decoding=\"async\" width=\"820\" height=\"315\" src=\"https:\/\/www.retamoza.com.ar\/wp-content\/uploads\/MENDOZA-LINE-UP.jpg\" class=\"attachment-large size-large\" alt=\"\" srcset=\"https:\/\/www.retamoza.com.ar\/wp-content\/uploads\/MENDOZA-LINE-UP.jpg 820w, https:\/\/www.retamoza.com.ar\/wp-content\/uploads\/MENDOZA-LINE-UP-600x230.jpg 600w, https:\/\/www.retamoza.com.ar\/wp-content\/uploads\/MENDOZA-LINE-UP-300x115.jpg 300w\" sizes=\"auto, (max-width: 820px) 100vw, 820px\" \/><\/div>\t\t<\/div>\n\t<\/article>\n<\/div><div class=\"w-grid-preloader\">\t<div class=\"g-preloader type_1\">\n\t\t<div><\/div>\n\t<\/div>\n\t<\/div>\t<div class=\"w-grid-json hidden\" onclick='return {&quot;action&quot;:&quot;us_ajax_grid&quot;,&quot;ajax_url&quot;:&quot;https:\\\/\\\/www.retamoza.com.ar\\\/wp-admin\\\/admin-ajax.php&quot;,&quot;infinite_scroll&quot;:0,&quot;max_num_pages&quot;:2,&quot;pagination&quot;:&quot;none&quot;,&quot;template_vars&quot;:{&quot;columns&quot;:&quot;4&quot;,&quot;exclude_items&quot;:&quot;none&quot;,&quot;img_size&quot;:&quot;default&quot;,&quot;ignore_items_size&quot;:&quot;1&quot;,&quot;items_layout&quot;:&quot;gallery_default&quot;,&quot;items_offset&quot;:&quot;1&quot;,&quot;load_animation&quot;:&quot;fade&quot;,&quot;overriding_link&quot;:&quot;{\\&quot;url\\&quot;:\\&quot;\\&quot;}&quot;,&quot;post_id&quot;:0,&quot;query_args&quot;:{&quot;post_type&quot;:[&quot;attachment&quot;],&quot;post__in&quot;:[&quot;232&quot;,&quot;233&quot;,&quot;234&quot;,&quot;235&quot;,&quot;236&quot;,&quot;237&quot;,&quot;238&quot;,&quot;239&quot;,&quot;240&quot;,&quot;1097&quot;,&quot;1103&quot;,&quot;1105&quot;,&quot;1104&quot;,&quot;1107&quot;],&quot;post_status&quot;:&quot;inherit&quot;,&quot;post_mime_type&quot;:&quot;image&quot;,&quot;posts_per_page&quot;:&quot;10&quot;},&quot;orderby_query_args&quot;:{&quot;orderby&quot;:&quot;RAND(1347682077)&quot;},&quot;type&quot;:&quot;masonry&quot;,&quot;us_grid_ajax_index&quot;:1,&quot;us_grid_filter_params&quot;:[],&quot;us_grid_index&quot;:1,&quot;_us_grid_post_type&quot;:&quot;attachment&quot;,&quot;page_args&quot;:[]}}'><\/div>\n\t<\/div><\/div><\/div><div class=\"wpb_column vc_column_container hide_on_tablets hide_on_mobiles\"><div class=\"vc_column-inner\"><div class=\"wpb_text_column\"><div class=\"wpb_wrapper\"><div class=\"eo-event-board\" data-board=\"69e47d9e2929b\"><div class=\"eo-event-board-filters\" data-filters=\"\"><\/div><div class=\"eo-event-board-items\"><\/div><\/div>\n<\/div><\/div><\/div><\/div><\/div><\/div><\/div><\/div><\/div><\/section>","protected":false},"excerpt":{"rendered":"","protected":false},"author":1,"featured_media":0,"parent":0,"menu_order":0,"comment_status":"closed","ping_status":"closed","template":"","meta":{"footnotes":""},"class_list":["post-213","page","type-page","status-publish","hentry"],"yoast_head":"<!-- This site is optimized with the Yoast SEO plugin v23.0 - https:\/\/yoast.com\/wordpress\/plugins\/seo\/ -->\n<title>MasterClass - Jorge Retamoza<\/title>\n<meta name=\"robots\" content=\"index, follow, max-snippet:-1, max-image-preview:large, max-video-preview:-1\" \/>\n<link rel=\"canonical\" href=\"https:\/\/www.retamoza.com.ar\/fr\/masterclass\/\" \/>\n<meta property=\"og:locale\" content=\"fr_FR\" \/>\n<meta property=\"og:type\" content=\"article\" \/>\n<meta property=\"og:title\" content=\"MasterClass - Jorge Retamoza\" \/>\n<meta property=\"og:url\" content=\"https:\/\/www.retamoza.com.ar\/fr\/masterclass\/\" \/>\n<meta property=\"og:site_name\" content=\"Jorge Retamoza\" \/>\n<meta property=\"article:modified_time\" content=\"2023-03-05T14:56:39+00:00\" \/>\n<meta name=\"twitter:card\" content=\"summary_large_image\" \/>\n<meta name=\"twitter:label1\" content=\"Est. reading time\" \/>\n\t<meta name=\"twitter:data1\" content=\"2 minutes\" \/>\n<script type=\"application\/ld+json\" class=\"yoast-schema-graph\">{\"@context\":\"https:\/\/schema.org\",\"@graph\":[{\"@type\":\"WebPage\",\"@id\":\"https:\/\/www.retamoza.com.ar\/masterclass\/\",\"url\":\"https:\/\/www.retamoza.com.ar\/masterclass\/\",\"name\":\"MasterClass - Jorge Retamoza\",\"isPartOf\":{\"@id\":\"https:\/\/www.retamoza.com.ar\/#website\"},\"datePublished\":\"2022-04-12T04:33:39+00:00\",\"dateModified\":\"2023-03-05T14:56:39+00:00\",\"breadcrumb\":{\"@id\":\"https:\/\/www.retamoza.com.ar\/masterclass\/#breadcrumb\"},\"inLanguage\":\"fr-FR\",\"potentialAction\":[{\"@type\":\"ReadAction\",\"target\":[\"https:\/\/www.retamoza.com.ar\/masterclass\/\"]}]},{\"@type\":\"BreadcrumbList\",\"@id\":\"https:\/\/www.retamoza.com.ar\/masterclass\/#breadcrumb\",\"itemListElement\":[{\"@type\":\"ListItem\",\"position\":1,\"name\":\"Inicio\",\"item\":\"https:\/\/www.retamoza.com.ar\/\"},{\"@type\":\"ListItem\",\"position\":2,\"name\":\"MasterClass\"}]},{\"@type\":\"WebSite\",\"@id\":\"https:\/\/www.retamoza.com.ar\/#website\",\"url\":\"https:\/\/www.retamoza.com.ar\/\",\"name\":\"Jorge Retamoza\",\"description\":\"Saxofonista Compositor\",\"publisher\":{\"@id\":\"https:\/\/www.retamoza.com.ar\/#organization\"},\"potentialAction\":[{\"@type\":\"SearchAction\",\"target\":{\"@type\":\"EntryPoint\",\"urlTemplate\":\"https:\/\/www.retamoza.com.ar\/?s={search_term_string}\"},\"query-input\":\"required name=search_term_string\"}],\"inLanguage\":\"fr-FR\"},{\"@type\":\"Organization\",\"@id\":\"https:\/\/www.retamoza.com.ar\/#organization\",\"name\":\"Jorge Retamoza\",\"url\":\"https:\/\/www.retamoza.com.ar\/\",\"logo\":{\"@type\":\"ImageObject\",\"inLanguage\":\"fr-FR\",\"@id\":\"https:\/\/www.retamoza.com.ar\/#\/schema\/logo\/image\/\",\"url\":\"https:\/\/www.retamoza.com.ar\/wp-content\/uploads\/Saxo_tenor_cpk_nikel1-e1651888892642.png\",\"contentUrl\":\"https:\/\/www.retamoza.com.ar\/wp-content\/uploads\/Saxo_tenor_cpk_nikel1-e1651888892642.png\",\"width\":1000,\"height\":1000,\"caption\":\"Jorge Retamoza\"},\"image\":{\"@id\":\"https:\/\/www.retamoza.com.ar\/#\/schema\/logo\/image\/\"}}]}<\/script>\n<!-- \/ Yoast SEO plugin. -->","yoast_head_json":{"title":"MasterClass - Jorge Retamoza","robots":{"index":"index","follow":"follow","max-snippet":"max-snippet:-1","max-image-preview":"max-image-preview:large","max-video-preview":"max-video-preview:-1"},"canonical":"https:\/\/www.retamoza.com.ar\/fr\/masterclass\/","og_locale":"fr_FR","og_type":"article","og_title":"MasterClass - Jorge Retamoza","og_url":"https:\/\/www.retamoza.com.ar\/fr\/masterclass\/","og_site_name":"Jorge Retamoza","article_modified_time":"2023-03-05T14:56:39+00:00","twitter_card":"summary_large_image","twitter_misc":{"Est. reading time":"2 minutes"},"schema":{"@context":"https:\/\/schema.org","@graph":[{"@type":"WebPage","@id":"https:\/\/www.retamoza.com.ar\/masterclass\/","url":"https:\/\/www.retamoza.com.ar\/masterclass\/","name":"MasterClass - Jorge Retamoza","isPartOf":{"@id":"https:\/\/www.retamoza.com.ar\/#website"},"datePublished":"2022-04-12T04:33:39+00:00","dateModified":"2023-03-05T14:56:39+00:00","breadcrumb":{"@id":"https:\/\/www.retamoza.com.ar\/masterclass\/#breadcrumb"},"inLanguage":"fr-FR","potentialAction":[{"@type":"ReadAction","target":["https:\/\/www.retamoza.com.ar\/masterclass\/"]}]},{"@type":"BreadcrumbList","@id":"https:\/\/www.retamoza.com.ar\/masterclass\/#breadcrumb","itemListElement":[{"@type":"ListItem","position":1,"name":"Inicio","item":"https:\/\/www.retamoza.com.ar\/"},{"@type":"ListItem","position":2,"name":"MasterClass"}]},{"@type":"WebSite","@id":"https:\/\/www.retamoza.com.ar\/#website","url":"https:\/\/www.retamoza.com.ar\/","name":"Jorge Retamoza","description":"Saxofonista Compositor","publisher":{"@id":"https:\/\/www.retamoza.com.ar\/#organization"},"potentialAction":[{"@type":"SearchAction","target":{"@type":"EntryPoint","urlTemplate":"https:\/\/www.retamoza.com.ar\/?s={search_term_string}"},"query-input":"required name=search_term_string"}],"inLanguage":"fr-FR"},{"@type":"Organization","@id":"https:\/\/www.retamoza.com.ar\/#organization","name":"Jorge Retamoza","url":"https:\/\/www.retamoza.com.ar\/","logo":{"@type":"ImageObject","inLanguage":"fr-FR","@id":"https:\/\/www.retamoza.com.ar\/#\/schema\/logo\/image\/","url":"https:\/\/www.retamoza.com.ar\/wp-content\/uploads\/Saxo_tenor_cpk_nikel1-e1651888892642.png","contentUrl":"https:\/\/www.retamoza.com.ar\/wp-content\/uploads\/Saxo_tenor_cpk_nikel1-e1651888892642.png","width":1000,"height":1000,"caption":"Jorge Retamoza"},"image":{"@id":"https:\/\/www.retamoza.com.ar\/#\/schema\/logo\/image\/"}}]}},"_links":{"self":[{"href":"https:\/\/www.retamoza.com.ar\/fr\/wp-json\/wp\/v2\/pages\/213","targetHints":{"allow":["GET"]}}],"collection":[{"href":"https:\/\/www.retamoza.com.ar\/fr\/wp-json\/wp\/v2\/pages"}],"about":[{"href":"https:\/\/www.retamoza.com.ar\/fr\/wp-json\/wp\/v2\/types\/page"}],"author":[{"embeddable":true,"href":"https:\/\/www.retamoza.com.ar\/fr\/wp-json\/wp\/v2\/users\/1"}],"replies":[{"embeddable":true,"href":"https:\/\/www.retamoza.com.ar\/fr\/wp-json\/wp\/v2\/comments?post=213"}],"version-history":[{"count":23,"href":"https:\/\/www.retamoza.com.ar\/fr\/wp-json\/wp\/v2\/pages\/213\/revisions"}],"predecessor-version":[{"id":1096,"href":"https:\/\/www.retamoza.com.ar\/fr\/wp-json\/wp\/v2\/pages\/213\/revisions\/1096"}],"wp:attachment":[{"href":"https:\/\/www.retamoza.com.ar\/fr\/wp-json\/wp\/v2\/media?parent=213"}],"curies":[{"name":"wp","href":"https:\/\/api.w.org\/{rel}","templated":true}]}}