{"id":1535,"date":"2025-06-12T08:57:02","date_gmt":"2025-06-12T11:57:02","guid":{"rendered":"https:\/\/www.retamoza.com.ar\/?page_id=1535"},"modified":"2025-06-12T08:57:02","modified_gmt":"2025-06-12T11:57:02","slug":"otras-grabaciones","status":"publish","type":"page","link":"https:\/\/www.retamoza.com.ar\/fr\/otras-grabaciones\/","title":{"rendered":"Autres enregistrements"},"content":{"rendered":"<section class=\"l-section wpb_row height_custom\"><div class=\"l-section-h i-cf\"><div class=\"g-cols vc_row via_grid cols_1 laptops-cols_inherit tablets-cols_inherit mobiles-cols_1 valign_top type_default stacking_default\"><div class=\"wpb_column vc_column_container\"><div class=\"vc_column-inner\"><h2 class=\"w-post-elm post_title entry-title color_link_inherit\">Autres enregistrements<\/h2><div class=\"w-grid type_grid layout_331 cols_4 open_items_in_popup ratio_1x1\" id=\"us_grid_1\" style=\"--gap:1rem;\" data-filterable=\"true\"><style>@media (max-width:1280px){#us_grid_1 .w-grid-item{width:33.3333%}#us_grid_1 .w-grid-item.size_2x1,#us_grid_1 .w-grid-item.size_2x2{width:66.6667%}}@media (max-width:1024px){#us_grid_1 .w-grid-item{width:50%}#us_grid_1 .w-grid-item.size_2x1,#us_grid_1 .w-grid-item.size_2x2{width:100%}}@media (max-width:600px){#us_grid_1 .w-grid-list{margin:0}#us_grid_1 .w-grid-item{width:100%;padding:0;margin-bottom:var(--gap,0px)}}#us_grid_1 .w-grid-item-h:before{padding-bottom:100%}.layout_331 .w-grid-item-h:before{padding-bottom:100%}@media (min-width:601px){.layout_331 .w-grid-item.size_1x2 .w-grid-item-h:before{padding-bottom:calc(200% + var(--gap,0px) * 2)}.layout_331 .w-grid-item.size_2x1 .w-grid-item-h:before{padding-bottom:calc(50% - var(--gap,0px) * 1)}.layout_331 .w-grid-item.size_2x2 .w-grid-item-h:before{padding-bottom:calc(100% - var(--gap,0px) * 0)}}.layout_331 .w-grid-item-h{}.layout_331 .usg_post_image_1{transition-duration:0.3s;transform-origin:50% 50%;transform:scale(1) translate(0%,0%)}.layout_331 .w-grid-item-h:hover .usg_post_image_1{transform:scale(1) translate(0%,0%);opacity:0.2}.layout_331 .usg_post_title_1{transition-duration:0.3s;transform-origin:50% 50%;transform:scale(1) translate(0,20px);opacity:0}.layout_331 .w-grid-item-h:hover .usg_post_title_1{transform:scale(1) translate(0,0);opacity:1}.layout_331 .usg_post_date_1{transition-duration:0.3s;transform-origin:50% 50%;transform:scale(1) translate(0%,0%);opacity:0}.layout_331 .w-grid-item-h:hover .usg_post_date_1{transform:scale(1) translate(0%,0%);opacity:1}.layout_331 .usg_post_content_1{transition-duration:0.3s;transform-origin:50% 50%;transform:scale(1) translate(0%,0%);opacity:0}.layout_331 .w-grid-item-h:hover .usg_post_content_1{transform:scale(1) translate(0%,0%);opacity:1}.layout_331 .usg_post_taxonomy_1{transition-duration:0.3s;transform-origin:50% 50%;transform:scale(1) translate(0%,0%);opacity:0}.layout_331 .w-grid-item-h:hover .usg_post_taxonomy_1{transform:scale(1) translate(0%,0%);opacity:1}.layout_331 .usg_post_image_1{position:absolute!important;left:0!important;top:0!important;bottom:0!important;right:0!important}.layout_331 .usg_vwrapper_1{position:absolute!important;top:0!important;right:0!important;bottom:0!important;left:0!important;padding:2rem!important}.layout_331 .usg_post_title_1{color:inherit!important;font-size:1.5rem!important}@media (min-width:1025px) and (max-width:1280px){.layout_331 .usg_post_image_1{position:absolute!important;left:0!important;top:0!important;bottom:0!important;right:0!important}.layout_331 .usg_vwrapper_1{position:absolute!important;top:0!important;right:0!important;bottom:0!important;left:0!important;padding:2rem!important}.layout_331 .usg_post_title_1{color:inherit!important;font-size:1.5rem!important}}@media (min-width:601px) and (max-width:1024px){.layout_331 .usg_post_image_1{position:absolute!important;left:0!important;top:0!important;bottom:0!important;right:0!important}.layout_331 .usg_vwrapper_1{position:absolute!important;top:0!important;right:0!important;bottom:0!important;left:0!important;padding:2rem!important}.layout_331 .usg_post_title_1{color:inherit!important;font-size:1.5rem!important}}@media (max-width:600px){.layout_331 .usg_post_image_1{position:absolute!important;left:0!important;top:0!important;bottom:0!important;right:0!important}.layout_331 .usg_vwrapper_1{position:absolute!important;top:0!important;right:0!important;bottom:0!important;left:0!important;padding:2rem!important}.layout_331 .usg_post_title_1{color:inherit!important;font-size:1.5rem!important}}<\/style><div class=\"w-grid-list\">\t<article class=\"w-grid-item size_1x1 post-1525 product type-product status-publish has-post-thumbnail product_cat-otras-grabaciones first instock shipping-taxable product-type-simple\" data-id=\"1525\">\n\t\t<div class=\"w-grid-item-h\">\n\t\t\t\t\t\t\t<a href=\"https:\/\/www.retamoza.com.ar\/fr\/producciones\/mrm\/\" class=\"w-grid-item-anchor\" aria-label=\"MRM\"><\/a>\n\t\t\t\t\t\t<div class=\"w-post-elm post_image usg_post_image_1 stretched\"><img loading=\"lazy\" decoding=\"async\" width=\"300\" height=\"295\" src=\"https:\/\/www.retamoza.com.ar\/wp-content\/uploads\/Captura-de-pantalla-2025-06-12-083051-300x295.png\" class=\"attachment-medium size-medium wp-post-image\" alt=\"\" srcset=\"https:\/\/www.retamoza.com.ar\/wp-content\/uploads\/Captura-de-pantalla-2025-06-12-083051-300x295.png 300w, https:\/\/www.retamoza.com.ar\/wp-content\/uploads\/Captura-de-pantalla-2025-06-12-083051-12x12.png 12w, https:\/\/www.retamoza.com.ar\/wp-content\/uploads\/Captura-de-pantalla-2025-06-12-083051.png 588w\" sizes=\"auto, (max-width: 300px) 100vw, 300px\" \/><\/div><div class=\"w-vwrapper usg_vwrapper_1 grid_style_15 align_none valign_top\"><h2 class=\"w-post-elm post_title usg_post_title_1 has_text_color woocommerce-loop-product__title color_link_inherit\">MRM<\/h2><time class=\"w-post-elm post_date usg_post_date_1 entry-date published\" datetime=\"2022-06-12T08:31:28-03:00\"><i class=\"fad fa-calendar-day\"><\/i>2022<\/time><div class=\"w-post-elm post_content usg_post_content_1\">Lautaro Mu\u00f1oz \u00e0 la contrebasse, Jorge Retamoza au saxophone t\u00e9nor et Guille Martel \u00e0 la guitare. Improvisations bas\u00e9es sur des tangos et des musiques originales. Enregistr\u00e9 chez Juli Records par Adolfo Schmidt. Oblivion enregistr\u00e9 en concert\u2026<\/div><\/div>\t\t<\/div>\n\t<\/article>\n\t<article class=\"w-grid-item size_1x1 post-484 product type-product status-publish has-post-thumbnail product_cat-otras-grabaciones  instock shipping-taxable product-type-simple\" data-id=\"484\">\n\t\t<div class=\"w-grid-item-h\">\n\t\t\t\t\t\t\t<a href=\"https:\/\/www.retamoza.com.ar\/fr\/producciones\/100piazzollasaxos\/\" class=\"w-grid-item-anchor\" aria-label=\"#100PIAZZOLLASAXOS\"><\/a>\n\t\t\t\t\t\t<div class=\"w-post-elm post_image usg_post_image_1 stretched\"><img loading=\"lazy\" decoding=\"async\" width=\"300\" height=\"210\" src=\"https:\/\/www.retamoza.com.ar\/wp-content\/uploads\/tapa-saxos-300x210.jpg\" class=\"attachment-medium size-medium wp-post-image\" alt=\"\" srcset=\"https:\/\/www.retamoza.com.ar\/wp-content\/uploads\/tapa-saxos-300x210.jpg 300w, https:\/\/www.retamoza.com.ar\/wp-content\/uploads\/tapa-saxos-600x420.jpg 600w, https:\/\/www.retamoza.com.ar\/wp-content\/uploads\/tapa-saxos-1024x717.jpg 1024w, https:\/\/www.retamoza.com.ar\/wp-content\/uploads\/tapa-saxos-1536x1076.jpg 1536w, https:\/\/www.retamoza.com.ar\/wp-content\/uploads\/tapa-saxos-1320x924.jpg 1320w\" sizes=\"auto, (max-width: 300px) 100vw, 300px\" \/><\/div><div class=\"w-vwrapper usg_vwrapper_1 grid_style_15 align_none valign_top\"><h2 class=\"w-post-elm post_title usg_post_title_1 has_text_color woocommerce-loop-product__title color_link_inherit\">#100PIAZZOLLASAXOS<\/h2><time class=\"w-post-elm post_date usg_post_date_1 entry-date published\" datetime=\"2021-01-01T00:00:24-03:00\"><i class=\"fad fa-calendar-day\"><\/i>2021<\/time><div class=\"w-post-elm post_content usg_post_content_1\">L'Ann\u00e9e du Tango est un projet enregistr\u00e9 en confinement par des saxophonistes d'Uruguay, du Br\u00e9sil, du Paraguay, du Chili, de Colombie, du Mexique, d'Espagne, de France et de toute l'Argentine, pour c\u00e9l\u00e9brer\u2026<\/div><\/div>\t\t<\/div>\n\t<\/article>\n\t<article class=\"w-grid-item size_1x1 post-1527 product type-product status-publish has-post-thumbnail product_cat-otras-grabaciones last instock shipping-taxable product-type-simple\" data-id=\"1527\">\n\t\t<div class=\"w-grid-item-h\">\n\t\t\t\t\t\t\t<a href=\"https:\/\/www.retamoza.com.ar\/fr\/producciones\/inmensidad\/\" class=\"w-grid-item-anchor\" aria-label=\"Inmensidad\"><\/a>\n\t\t\t\t\t\t<div class=\"w-post-elm post_image usg_post_image_1 stretched\"><img loading=\"lazy\" decoding=\"async\" width=\"297\" height=\"300\" src=\"https:\/\/www.retamoza.com.ar\/wp-content\/uploads\/Captura-de-pantalla-2025-06-12-083321-297x300.png\" class=\"attachment-medium size-medium wp-post-image\" alt=\"\" srcset=\"https:\/\/www.retamoza.com.ar\/wp-content\/uploads\/Captura-de-pantalla-2025-06-12-083321-297x300.png 297w, https:\/\/www.retamoza.com.ar\/wp-content\/uploads\/Captura-de-pantalla-2025-06-12-083321-12x12.png 12w, https:\/\/www.retamoza.com.ar\/wp-content\/uploads\/Captura-de-pantalla-2025-06-12-083321.png 586w\" sizes=\"auto, (max-width: 297px) 100vw, 297px\" \/><\/div><div class=\"w-vwrapper usg_vwrapper_1 grid_style_15 align_none valign_top\"><h2 class=\"w-post-elm post_title usg_post_title_1 has_text_color woocommerce-loop-product__title color_link_inherit\">Inmensidad<\/h2><time class=\"w-post-elm post_date usg_post_date_1 entry-date published\" datetime=\"2019-06-12T08:34:45-03:00\"><i class=\"fad fa-calendar-day\"><\/i>2019<\/time><div class=\"w-post-elm post_content usg_post_content_1\">Winter Porte\u00f1o Sandra Luna chant, piano Pablo Valle, saxophone baryton Jorge Retamoza, contrebasse Juan Pablo Navarro 2019 \u00a0<\/div><\/div>\t\t<\/div>\n\t<\/article>\n\t<article class=\"w-grid-item size_1x1 post-1529 product type-product status-publish has-post-thumbnail product_cat-otras-grabaciones first instock shipping-taxable product-type-simple\" data-id=\"1529\">\n\t\t<div class=\"w-grid-item-h\">\n\t\t\t\t\t\t\t<a href=\"https:\/\/www.retamoza.com.ar\/fr\/producciones\/ventarron\/\" class=\"w-grid-item-anchor\" aria-label=\"BUENOS AIRES TANGO STANDARDS\"><\/a>\n\t\t\t\t\t\t<div class=\"w-post-elm post_image usg_post_image_1 stretched\"><img loading=\"lazy\" decoding=\"async\" width=\"300\" height=\"300\" src=\"https:\/\/www.retamoza.com.ar\/wp-content\/uploads\/Captura-de-pantalla-2025-06-12-083703-300x300.png\" class=\"attachment-medium size-medium wp-post-image\" alt=\"\" srcset=\"https:\/\/www.retamoza.com.ar\/wp-content\/uploads\/Captura-de-pantalla-2025-06-12-083703-300x300.png 300w, https:\/\/www.retamoza.com.ar\/wp-content\/uploads\/Captura-de-pantalla-2025-06-12-083703-150x150.png 150w, https:\/\/www.retamoza.com.ar\/wp-content\/uploads\/Captura-de-pantalla-2025-06-12-083703-12x12.png 12w, https:\/\/www.retamoza.com.ar\/wp-content\/uploads\/Captura-de-pantalla-2025-06-12-083703.png 585w\" sizes=\"auto, (max-width: 300px) 100vw, 300px\" \/><\/div><div class=\"w-vwrapper usg_vwrapper_1 grid_style_15 align_none valign_top\"><h2 class=\"w-post-elm post_title usg_post_title_1 has_text_color woocommerce-loop-product__title color_link_inherit\">BUENOS AIRES TANGO STANDARDS<\/h2><time class=\"w-post-elm post_date usg_post_date_1 entry-date published\" datetime=\"2007-06-12T08:36:39-03:00\"><i class=\"fad fa-calendar-day\"><\/i>2007<\/time><div class=\"w-post-elm post_content usg_post_content_1\">BUENOS AIRES TANGO STANDARDS Pablo Aslan, Gustavo Bergalli, trompette, Jorge Retamoza, saxophone t\u00e9nor, Abel Rogantini, piano, Pablo Aslan, contrebasse, Daniel Pipi Piazzolla, batterie. 2007<\/div><\/div>\t\t<\/div>\n\t<\/article>\n\t<article class=\"w-grid-item size_1x1 post-1531 product type-product status-publish has-post-thumbnail product_cat-otras-grabaciones  instock shipping-taxable product-type-simple\" data-id=\"1531\">\n\t\t<div class=\"w-grid-item-h\">\n\t\t\t\t\t\t\t<a href=\"https:\/\/www.retamoza.com.ar\/fr\/producciones\/gardeliana\/\" class=\"w-grid-item-anchor\" aria-label=\"OLIVERIO GIRONDO Para que siga dando vueltas\"><\/a>\n\t\t\t\t\t\t<div class=\"w-post-elm post_image usg_post_image_1 stretched\"><img loading=\"lazy\" decoding=\"async\" width=\"300\" height=\"296\" src=\"https:\/\/www.retamoza.com.ar\/wp-content\/uploads\/Captura-de-pantalla-2025-06-12-084104-300x296.png\" class=\"attachment-medium size-medium wp-post-image\" alt=\"\" srcset=\"https:\/\/www.retamoza.com.ar\/wp-content\/uploads\/Captura-de-pantalla-2025-06-12-084104-300x296.png 300w, https:\/\/www.retamoza.com.ar\/wp-content\/uploads\/Captura-de-pantalla-2025-06-12-084104-12x12.png 12w, https:\/\/www.retamoza.com.ar\/wp-content\/uploads\/Captura-de-pantalla-2025-06-12-084104.png 590w\" sizes=\"auto, (max-width: 300px) 100vw, 300px\" \/><\/div><div class=\"w-vwrapper usg_vwrapper_1 grid_style_15 align_none valign_top\"><h2 class=\"w-post-elm post_title usg_post_title_1 has_text_color woocommerce-loop-product__title color_link_inherit\">OLIVERIO GIRONDO Para que siga dando vueltas<\/h2><time class=\"w-post-elm post_date usg_post_date_1 entry-date published\" datetime=\"2006-06-12T08:39:32-03:00\"><i class=\"fad fa-calendar-day\"><\/i>2006<\/time><div class=\"w-post-elm post_content usg_post_content_1\">OLIVERIO GIRONDO Pour qu'il continue \u00e0 tourner Fernando Lerman Fernando Lerman saxophone alto Jorge Retamoza saxophone t\u00e9nor Daniel G\u00f3mez guitare 2006<\/div><\/div>\t\t<\/div>\n\t<\/article>\n\t<article class=\"w-grid-item size_1x1 post-1533 product type-product status-publish has-post-thumbnail product_cat-otras-grabaciones last instock shipping-taxable product-type-simple\" data-id=\"1533\">\n\t\t<div class=\"w-grid-item-h\">\n\t\t\t\t\t\t\t<a href=\"https:\/\/www.retamoza.com.ar\/fr\/producciones\/sandro-amor-gitano\/\" class=\"w-grid-item-anchor\" aria-label=\"Amor Gitano Sandro\"><\/a>\n\t\t\t\t\t\t<div class=\"w-post-elm post_image usg_post_image_1 stretched\"><img loading=\"lazy\" decoding=\"async\" width=\"300\" height=\"295\" src=\"https:\/\/www.retamoza.com.ar\/wp-content\/uploads\/Captura-de-pantalla-2025-06-12-084435-300x295.png\" class=\"attachment-medium size-medium wp-post-image\" alt=\"\" srcset=\"https:\/\/www.retamoza.com.ar\/wp-content\/uploads\/Captura-de-pantalla-2025-06-12-084435-300x295.png 300w, https:\/\/www.retamoza.com.ar\/wp-content\/uploads\/Captura-de-pantalla-2025-06-12-084435-12x12.png 12w, https:\/\/www.retamoza.com.ar\/wp-content\/uploads\/Captura-de-pantalla-2025-06-12-084435-600x591.png 600w, https:\/\/www.retamoza.com.ar\/wp-content\/uploads\/Captura-de-pantalla-2025-06-12-084435.png 723w\" sizes=\"auto, (max-width: 300px) 100vw, 300px\" \/><\/div><div class=\"w-vwrapper usg_vwrapper_1 grid_style_15 align_none valign_top\"><h2 class=\"w-post-elm post_title usg_post_title_1 has_text_color woocommerce-loop-product__title color_link_inherit\">Amor Gitano Sandro<\/h2><time class=\"w-post-elm post_date usg_post_date_1 entry-date published\" datetime=\"2004-06-12T08:43:05-03:00\"><i class=\"fad fa-calendar-day\"><\/i>2004<\/time><div class=\"w-post-elm post_content usg_post_content_1\">GYPSY LOVE Sandro Enregistrement du dernier spectacle La Proph\u00e9tie pr\u00e9sent\u00e9 par Sandro au Th\u00e9\u00e2tre Gran Rex de Buenos Aires (plus de 20 repr\u00e9sentations) Sandro Voix et grande\u2026<\/div><\/div>\t\t<\/div>\n\t<\/article>\n\t<article class=\"w-grid-item size_1x1 post-375 product type-product status-publish has-post-thumbnail product_cat-otras-grabaciones product_tag-edicion-digital product_tag-edicion-fisica first instock virtual product-type-simple\" data-id=\"375\">\n\t\t<div class=\"w-grid-item-h\">\n\t\t\t\t\t\t\t<a href=\"https:\/\/www.retamoza.com.ar\/fr\/producciones\/tango-30\/\" class=\"w-grid-item-anchor\" aria-label=\"Tango XXX\"><\/a>\n\t\t\t\t\t\t<div class=\"w-post-elm post_image usg_post_image_1 stretched\"><img loading=\"lazy\" decoding=\"async\" width=\"300\" height=\"300\" src=\"https:\/\/www.retamoza.com.ar\/wp-content\/uploads\/tapa-tangoxxx1-300x300.jpg\" class=\"attachment-medium size-medium wp-post-image\" alt=\"\" srcset=\"https:\/\/www.retamoza.com.ar\/wp-content\/uploads\/tapa-tangoxxx1-300x300.jpg 300w, https:\/\/www.retamoza.com.ar\/wp-content\/uploads\/tapa-tangoxxx1-150x150.jpg 150w, https:\/\/www.retamoza.com.ar\/wp-content\/uploads\/tapa-tangoxxx1-600x600.jpg 600w, https:\/\/www.retamoza.com.ar\/wp-content\/uploads\/tapa-tangoxxx1-1024x1024.jpg 1024w, https:\/\/www.retamoza.com.ar\/wp-content\/uploads\/tapa-tangoxxx1-1320x1320.jpg 1320w, https:\/\/www.retamoza.com.ar\/wp-content\/uploads\/tapa-tangoxxx1.jpg 1419w\" sizes=\"auto, (max-width: 300px) 100vw, 300px\" \/><\/div><div class=\"w-vwrapper usg_vwrapper_1 grid_style_15 align_none valign_top\"><h2 class=\"w-post-elm post_title usg_post_title_1 has_text_color woocommerce-loop-product__title color_link_inherit\">Tango XXX<\/h2><time class=\"w-post-elm post_date usg_post_date_1 entry-date published\" datetime=\"1994-01-01T00:00:28-03:00\"><i class=\"fad fa-calendar-day\"><\/i>1994<\/time><div class=\"w-post-elm post_taxonomy usg_post_taxonomy_1 style_simple color_link_inherit\"><i class=\"fal fa-compact-disc\"><\/i><span class=\"w-post-elm-before\">\u00bb <\/span><a class=\"term-19 term-edicion-digital\" href=\"https:\/\/www.retamoza.com.ar\/fr\/product-tag\/edicion-digital\/\">\u00c9DITION NUM\u00c9RIQUE<\/a><b> \u00bb <\/b><a class=\"term-51 term-edicion-fisica\" href=\"https:\/\/www.retamoza.com.ar\/fr\/product-tag\/edicion-fisica\/\">EDICI\u00d3N FISICA<\/a><\/div><div class=\"w-post-elm post_content usg_post_content_1\">TANGO XXX \u00e9tait un groupe de tango et de jazz fusion, compos\u00e9 de compositions originales et de reprises de classiques. Enregistr\u00e9 et mix\u00e9 par Cesar Silva, Jorge Retamoza au saxophone alto, Alejandro\u2026<\/div><\/div>\t\t<\/div>\n\t<\/article>\n<\/div><div class=\"w-grid-preloader\">\t<div class=\"g-preloader type_1\">\n\t\t<div><\/div>\n\t<\/div>\n\t<\/div>\t<div class=\"w-grid-json hidden\" onclick='return {&quot;action&quot;:&quot;us_ajax_grid&quot;,&quot;ajax_url&quot;:&quot;https:\\\/\\\/www.retamoza.com.ar\\\/wp-admin\\\/admin-ajax.php&quot;,&quot;infinite_scroll&quot;:0,&quot;max_num_pages&quot;:1,&quot;pagination&quot;:&quot;none&quot;,&quot;template_vars&quot;:{&quot;columns&quot;:&quot;4&quot;,&quot;exclude_items&quot;:&quot;none&quot;,&quot;img_size&quot;:&quot;medium&quot;,&quot;ignore_items_size&quot;:0,&quot;items_layout&quot;:&quot;331&quot;,&quot;items_offset&quot;:&quot;1&quot;,&quot;load_animation&quot;:&quot;none&quot;,&quot;overriding_link&quot;:&quot;%7B%22type%22%3A%22popup_post%22%7D&quot;,&quot;post_id&quot;:0,&quot;query_args&quot;:{&quot;post_type&quot;:[&quot;product&quot;],&quot;tax_query&quot;:[{&quot;taxonomy&quot;:&quot;product_cat&quot;,&quot;field&quot;:&quot;slug&quot;,&quot;terms&quot;:[&quot;otras-grabaciones&quot;]},{&quot;taxonomy&quot;:&quot;product_visibility&quot;,&quot;field&quot;:&quot;slug&quot;,&quot;terms&quot;:[&quot;exclude-from-catalog&quot;],&quot;operator&quot;:&quot;NOT IN&quot;}],&quot;post_status&quot;:[&quot;publish&quot;],&quot;meta_query&quot;:[],&quot;posts_per_page&quot;:&quot;20&quot;},&quot;orderby_query_args&quot;:{&quot;orderby&quot;:{&quot;date&quot;:&quot;DESC&quot;}},&quot;type&quot;:&quot;grid&quot;,&quot;us_grid_ajax_index&quot;:1,&quot;us_grid_filter_params&quot;:[],&quot;us_grid_index&quot;:1,&quot;_us_grid_post_type&quot;:&quot;product&quot;,&quot;page_args&quot;:[]}}'><\/div>\n\t\t<div class=\"l-popup\">\n\t\t<div class=\"l-popup-overlay\"><\/div>\n\t\t<div class=\"l-popup-wrap\">\n\t\t\t<div class=\"l-popup-box\">\n\t\t\t\t<div class=\"l-popup-box-content\" style=\"max-width:65%;\">\n\t\t\t\t\t<div class=\"g-preloader type_1\">\n\t\t\t\t\t\t<div><\/div>\n\t\t\t\t\t<\/div>\n\t\t\t\t\t<iframe class=\"l-popup-box-content-frame\" allowfullscreen><\/iframe>\n\t\t\t\t<\/div>\n\t\t\t<\/div>\n\t\t\t\t\t\t<div class=\"l-popup-closer\"><\/div>\n\t\t<\/div>\n\t<\/div>\n\t<\/div><\/div><\/div><\/div><\/div><\/section>","protected":false},"excerpt":{"rendered":"TANGO XXX Fuen un grupo de fusi\u00f3n de tango y jazz con obras originales y algunas versiones de cl\u00e1sicos. Grabado y mezclado por Cesar Silva Jorge Retamoza saxo alto, Alejandro Devries piano, Miguel Delb\u00f3 bajo y guitarra el\u00e9ctrica, Claudio Borrelli bater\u00eda. Invitados: Abel Patrone piano, Arturo Puertas contrabajo 1993","protected":false},"author":2,"featured_media":0,"parent":0,"menu_order":0,"comment_status":"closed","ping_status":"closed","template":"","meta":{"footnotes":""},"class_list":["post-1535","page","type-page","status-publish","hentry"],"yoast_head":"<!-- This site is optimized with the Yoast SEO plugin v23.0 - https:\/\/yoast.com\/wordpress\/plugins\/seo\/ -->\n<title>Otras Grabaciones - Jorge Retamoza<\/title>\n<meta name=\"robots\" content=\"index, follow, max-snippet:-1, max-image-preview:large, max-video-preview:-1\" \/>\n<link rel=\"canonical\" href=\"https:\/\/www.retamoza.com.ar\/fr\/otras-grabaciones\/\" \/>\n<meta property=\"og:locale\" content=\"fr_FR\" \/>\n<meta property=\"og:type\" content=\"article\" \/>\n<meta property=\"og:title\" content=\"Otras Grabaciones - Jorge Retamoza\" \/>\n<meta property=\"og:url\" content=\"https:\/\/www.retamoza.com.ar\/fr\/otras-grabaciones\/\" \/>\n<meta property=\"og:site_name\" content=\"Jorge Retamoza\" \/>\n<meta name=\"twitter:card\" content=\"summary_large_image\" \/>\n<script type=\"application\/ld+json\" class=\"yoast-schema-graph\">{\"@context\":\"https:\/\/schema.org\",\"@graph\":[{\"@type\":\"WebPage\",\"@id\":\"https:\/\/www.retamoza.com.ar\/otras-grabaciones\/\",\"url\":\"https:\/\/www.retamoza.com.ar\/otras-grabaciones\/\",\"name\":\"Otras Grabaciones - Jorge Retamoza\",\"isPartOf\":{\"@id\":\"https:\/\/www.retamoza.com.ar\/#website\"},\"datePublished\":\"2025-06-12T11:57:02+00:00\",\"dateModified\":\"2025-06-12T11:57:02+00:00\",\"breadcrumb\":{\"@id\":\"https:\/\/www.retamoza.com.ar\/otras-grabaciones\/#breadcrumb\"},\"inLanguage\":\"fr-FR\",\"potentialAction\":[{\"@type\":\"ReadAction\",\"target\":[\"https:\/\/www.retamoza.com.ar\/otras-grabaciones\/\"]}]},{\"@type\":\"BreadcrumbList\",\"@id\":\"https:\/\/www.retamoza.com.ar\/otras-grabaciones\/#breadcrumb\",\"itemListElement\":[{\"@type\":\"ListItem\",\"position\":1,\"name\":\"Inicio\",\"item\":\"https:\/\/www.retamoza.com.ar\/\"},{\"@type\":\"ListItem\",\"position\":2,\"name\":\"Otras Grabaciones\"}]},{\"@type\":\"WebSite\",\"@id\":\"https:\/\/www.retamoza.com.ar\/#website\",\"url\":\"https:\/\/www.retamoza.com.ar\/\",\"name\":\"Jorge Retamoza\",\"description\":\"Saxofonista Compositor\",\"publisher\":{\"@id\":\"https:\/\/www.retamoza.com.ar\/#organization\"},\"potentialAction\":[{\"@type\":\"SearchAction\",\"target\":{\"@type\":\"EntryPoint\",\"urlTemplate\":\"https:\/\/www.retamoza.com.ar\/?s={search_term_string}\"},\"query-input\":\"required name=search_term_string\"}],\"inLanguage\":\"fr-FR\"},{\"@type\":\"Organization\",\"@id\":\"https:\/\/www.retamoza.com.ar\/#organization\",\"name\":\"Jorge Retamoza\",\"url\":\"https:\/\/www.retamoza.com.ar\/\",\"logo\":{\"@type\":\"ImageObject\",\"inLanguage\":\"fr-FR\",\"@id\":\"https:\/\/www.retamoza.com.ar\/#\/schema\/logo\/image\/\",\"url\":\"https:\/\/www.retamoza.com.ar\/wp-content\/uploads\/Saxo_tenor_cpk_nikel1-e1651888892642.png\",\"contentUrl\":\"https:\/\/www.retamoza.com.ar\/wp-content\/uploads\/Saxo_tenor_cpk_nikel1-e1651888892642.png\",\"width\":1000,\"height\":1000,\"caption\":\"Jorge Retamoza\"},\"image\":{\"@id\":\"https:\/\/www.retamoza.com.ar\/#\/schema\/logo\/image\/\"}}]}<\/script>\n<!-- \/ Yoast SEO plugin. -->","yoast_head_json":{"title":"Otras Grabaciones - Jorge Retamoza","robots":{"index":"index","follow":"follow","max-snippet":"max-snippet:-1","max-image-preview":"max-image-preview:large","max-video-preview":"max-video-preview:-1"},"canonical":"https:\/\/www.retamoza.com.ar\/fr\/otras-grabaciones\/","og_locale":"fr_FR","og_type":"article","og_title":"Otras Grabaciones - Jorge Retamoza","og_url":"https:\/\/www.retamoza.com.ar\/fr\/otras-grabaciones\/","og_site_name":"Jorge Retamoza","twitter_card":"summary_large_image","schema":{"@context":"https:\/\/schema.org","@graph":[{"@type":"WebPage","@id":"https:\/\/www.retamoza.com.ar\/otras-grabaciones\/","url":"https:\/\/www.retamoza.com.ar\/otras-grabaciones\/","name":"Otras Grabaciones - Jorge Retamoza","isPartOf":{"@id":"https:\/\/www.retamoza.com.ar\/#website"},"datePublished":"2025-06-12T11:57:02+00:00","dateModified":"2025-06-12T11:57:02+00:00","breadcrumb":{"@id":"https:\/\/www.retamoza.com.ar\/otras-grabaciones\/#breadcrumb"},"inLanguage":"fr-FR","potentialAction":[{"@type":"ReadAction","target":["https:\/\/www.retamoza.com.ar\/otras-grabaciones\/"]}]},{"@type":"BreadcrumbList","@id":"https:\/\/www.retamoza.com.ar\/otras-grabaciones\/#breadcrumb","itemListElement":[{"@type":"ListItem","position":1,"name":"Inicio","item":"https:\/\/www.retamoza.com.ar\/"},{"@type":"ListItem","position":2,"name":"Otras Grabaciones"}]},{"@type":"WebSite","@id":"https:\/\/www.retamoza.com.ar\/#website","url":"https:\/\/www.retamoza.com.ar\/","name":"Jorge Retamoza","description":"Saxofonista Compositor","publisher":{"@id":"https:\/\/www.retamoza.com.ar\/#organization"},"potentialAction":[{"@type":"SearchAction","target":{"@type":"EntryPoint","urlTemplate":"https:\/\/www.retamoza.com.ar\/?s={search_term_string}"},"query-input":"required name=search_term_string"}],"inLanguage":"fr-FR"},{"@type":"Organization","@id":"https:\/\/www.retamoza.com.ar\/#organization","name":"Jorge Retamoza","url":"https:\/\/www.retamoza.com.ar\/","logo":{"@type":"ImageObject","inLanguage":"fr-FR","@id":"https:\/\/www.retamoza.com.ar\/#\/schema\/logo\/image\/","url":"https:\/\/www.retamoza.com.ar\/wp-content\/uploads\/Saxo_tenor_cpk_nikel1-e1651888892642.png","contentUrl":"https:\/\/www.retamoza.com.ar\/wp-content\/uploads\/Saxo_tenor_cpk_nikel1-e1651888892642.png","width":1000,"height":1000,"caption":"Jorge Retamoza"},"image":{"@id":"https:\/\/www.retamoza.com.ar\/#\/schema\/logo\/image\/"}}]}},"_links":{"self":[{"href":"https:\/\/www.retamoza.com.ar\/fr\/wp-json\/wp\/v2\/pages\/1535","targetHints":{"allow":["GET"]}}],"collection":[{"href":"https:\/\/www.retamoza.com.ar\/fr\/wp-json\/wp\/v2\/pages"}],"about":[{"href":"https:\/\/www.retamoza.com.ar\/fr\/wp-json\/wp\/v2\/types\/page"}],"author":[{"embeddable":true,"href":"https:\/\/www.retamoza.com.ar\/fr\/wp-json\/wp\/v2\/users\/2"}],"replies":[{"embeddable":true,"href":"https:\/\/www.retamoza.com.ar\/fr\/wp-json\/wp\/v2\/comments?post=1535"}],"version-history":[{"count":1,"href":"https:\/\/www.retamoza.com.ar\/fr\/wp-json\/wp\/v2\/pages\/1535\/revisions"}],"predecessor-version":[{"id":1536,"href":"https:\/\/www.retamoza.com.ar\/fr\/wp-json\/wp\/v2\/pages\/1535\/revisions\/1536"}],"wp:attachment":[{"href":"https:\/\/www.retamoza.com.ar\/fr\/wp-json\/wp\/v2\/media?parent=1535"}],"curies":[{"name":"wp","href":"https:\/\/api.w.org\/{rel}","templated":true}]}}