{"id":143,"date":"2022-04-11T23:57:15","date_gmt":"2022-04-12T02:57:15","guid":{"rendered":"https:\/\/retamoza.efece.ar\/?page_id=143"},"modified":"2022-04-12T01:23:03","modified_gmt":"2022-04-12T04:23:03","slug":"trabajos-orquestales","status":"publish","type":"page","link":"https:\/\/www.retamoza.com.ar\/fr\/trabajos-orquestales\/","title":{"rendered":"Trabajos Orquestales"},"content":{"rendered":"<section class=\"l-section wpb_row height_custom\"><div class=\"l-section-h i-cf\"><div class=\"g-cols vc_row via_grid cols_1 laptops-cols_inherit tablets-cols_inherit mobiles-cols_1 valign_top type_default stacking_default\"><div class=\"wpb_column vc_column_container\"><div class=\"vc_column-inner\"><h2 class=\"w-post-elm post_title align_center entry-title color_link_inherit\">Trabajos Orquestales<\/h2><div class=\"wpb_text_column\"><div class=\"wpb_wrapper\"><p align=\"justify\">Retamoza ha tocado como solista o con su grupo frente a importantes orquestas sinf\u00f3nicas y bandas sinf\u00f3nicas de Argentina y el extranjero. En este campo acad\u00e9mico estren\u00f3 sus obras: <strong><em>Concierto para Saxo Tenor, Bandone\u00f3n y Banda Sinf\u00f3nica<\/em><\/strong>, <strong><em>Tres Escenas Porte\u00f1as<\/em><\/strong> (para dos clarinetes bajo y banda sinf\u00f3nica),<strong><em> En Blanco y Negro Buenos Aires<\/em><\/strong> (para bandone\u00f3n y seis percusionistas). <em><strong>Concertango para Saxo Bar\u00edtono y Orquesta<\/strong><\/em>, Premio Fondo Nacional de las Artes de Argentina 2016. Es el primer saxofonista argentino en grabar \u00edntegramente los Seis Estudios de Tangu\u00edsticos de Piazzolla, siendo esta la primera grabaci\u00f3n mundial de la obra en versi\u00f3n para saxof\u00f3n solo y orquesta de cuerdas. Grabaci\u00f3n realizada en Alemania en co-producci\u00f3n con la prestigiosa SR de ese pa\u00eds.<\/p>\n<p align=\"justify\">En b\u00fasqueda permanente por ampliar las posibilidades de su instrumento dentro del lenguaje del tango, el trabajo con organismos orquestales, orquestas sinf\u00f3nicas, conjuntos, big bands, as\u00ed como los arreglos para cuartetos de saxo tienen un lugar importante en la actividad art\u00edstica del saxofonista.<\/p>\n<p align=\"justify\">Varias de estas obras que forman parte del repertorio orquestal han sido grabadas en los diferentes <a href=\"https:\/\/www.retamoza.com.ar\/fr\/discos\/\">CD editados por Retamoza<\/a>.<\/p>\n<\/div><\/div><div class=\"w-separator size_large\"><\/div><div class=\"w-tabs layout_ver navwidth_auto navpos_left style_default switch_click has_scrolling\" style=\"--sections-title-size:1em\"><div class=\"w-tabs-list items_4 align_none\"><div class=\"w-tabs-list-h\"><button class=\"w-tabs-item active with_icon\" aria-controls=\"content-fd4e\" aria-expanded=\"false\"><i class=\"fab fa-youtube\"><\/i><span class=\"w-tabs-item-title\">Piazzolla Six Tango Etudes #6<\/span><\/button><button class=\"w-tabs-item with_icon\" aria-controls=\"content-aeea\" aria-expanded=\"false\"><i class=\"fab fa-youtube\"><\/i><span class=\"w-tabs-item-title\">Piazzolla Six Tango Etudes #5<\/span><\/button><button class=\"w-tabs-item with_icon\" aria-controls=\"content-n079\" aria-expanded=\"false\"><i class=\"fab fa-youtube\"><\/i><span class=\"w-tabs-item-title\">Piazzolla Six Tango Etudes #1<\/span><\/button><button class=\"w-tabs-item with_icon\" aria-controls=\"content-i20d\" aria-expanded=\"false\"><i class=\"fab fa-youtube\"><\/i><span class=\"w-tabs-item-title\">Plaza Miserere<\/span><\/button><\/div><\/div><div class=\"w-tabs-sections titles-align_none icon_chevron cpos_right\"><div class=\"w-tabs-section active\" id=\"fd4e\"><button class=\"w-tabs-section-header active with_icon\" aria-controls=\"content-fd4e\" aria-expanded=\"true\"><i class=\"fab fa-youtube\"><\/i><div class=\"w-tabs-section-title\">Piazzolla Six Tango Etudes #6<\/div><div class=\"w-tabs-section-control\"><\/div><\/button><div  class=\"w-tabs-section-content\" id=\"content-fd4e\"><div class=\"w-tabs-section-content-h i-cf\"><div class=\"w-video align_none ratio_16x9 has_iframe\"><div class=\"w-video-h\"><iframe title=\"Youtube video player\" src=\"\/\/www.youtube.com\/embed\/zJUsTaPM4xo?autoplay=0&controls=0&origin=https:\/\/www.retamoza.com.ar\/fr&loop=0&mute=0\" allowfullscreen=\"1\" loading=\"lazy\"><\/iframe><\/div><div class=\"w-video-icon\" style=\"font-size:1.5rem;background:rgba(0,0,0,0.5);color:#fff\"><\/div><\/div><\/div><\/div><\/div><div class=\"w-tabs-section\" id=\"aeea\"><button class=\"w-tabs-section-header with_icon\" aria-controls=\"content-aeea\" aria-expanded=\"false\"><i class=\"fab fa-youtube\"><\/i><div class=\"w-tabs-section-title\">Piazzolla Six Tango Etudes #5<\/div><div class=\"w-tabs-section-control\"><\/div><\/button><div  class=\"w-tabs-section-content\" id=\"content-aeea\"><div class=\"w-tabs-section-content-h i-cf\"><div class=\"w-video align_none ratio_16x9 has_iframe\"><div class=\"w-video-h\"><iframe title=\"Youtube video player\" src=\"\/\/www.youtube.com\/embed\/MGx4LLdpAHg?autoplay=0&controls=0&origin=https:\/\/www.retamoza.com.ar\/fr&loop=0&mute=0\" allowfullscreen=\"1\" loading=\"lazy\"><\/iframe><\/div><div class=\"w-video-icon\" style=\"font-size:1.5rem;background:rgba(0,0,0,0.5);color:#fff\"><\/div><\/div><\/div><\/div><\/div><div class=\"w-tabs-section\" id=\"n079\"><button class=\"w-tabs-section-header with_icon\" aria-controls=\"content-n079\" aria-expanded=\"false\"><i class=\"fab fa-youtube\"><\/i><div class=\"w-tabs-section-title\">Piazzolla Six Tango Etudes #1<\/div><div class=\"w-tabs-section-control\"><\/div><\/button><div  class=\"w-tabs-section-content\" id=\"content-n079\"><div class=\"w-tabs-section-content-h i-cf\"><div class=\"w-video align_none ratio_16x9 has_iframe\"><div class=\"w-video-h\"><iframe title=\"Youtube video player\" src=\"\/\/www.youtube.com\/embed\/xRkJLVfqbnw?autoplay=0&controls=0&origin=https:\/\/www.retamoza.com.ar\/fr&loop=0&mute=0\" allowfullscreen=\"1\" loading=\"lazy\"><\/iframe><\/div><div class=\"w-video-icon\" style=\"font-size:1.5rem;background:rgba(0,0,0,0.5);color:#fff\"><\/div><\/div><\/div><\/div><\/div><div class=\"w-tabs-section\" id=\"i20d\"><button class=\"w-tabs-section-header with_icon\" aria-controls=\"content-i20d\" aria-expanded=\"false\"><i class=\"fab fa-youtube\"><\/i><div class=\"w-tabs-section-title\">Plaza Miserere<\/div><div class=\"w-tabs-section-control\"><\/div><\/button><div  class=\"w-tabs-section-content\" id=\"content-i20d\"><div class=\"w-tabs-section-content-h i-cf\"><div class=\"w-video align_none ratio_16x9 has_iframe\"><div class=\"w-video-h\"><iframe title=\"Youtube video player\" src=\"\/\/www.youtube.com\/embed\/ou71AbJUqDY?autoplay=0&controls=0&origin=https:\/\/www.retamoza.com.ar\/fr&loop=0&mute=0\" allowfullscreen=\"1\" loading=\"lazy\"><\/iframe><\/div><div class=\"w-video-icon\" style=\"font-size:1.5rem;background:rgba(0,0,0,0.5);color:#fff\"><\/div><\/div><\/div><\/div><\/div><\/div><\/div><\/div><\/div><\/div><\/div><\/section>","protected":false},"excerpt":{"rendered":"Trabajos OrquestalesRetamoza ha tocado como solista o con su grupo frente a importantes orquestas sinf\u00f3nicas y bandas sinf\u00f3nicas de Argentina y el extranjero. En este campo acad\u00e9mico estren\u00f3 sus obras: Concierto para Saxo Tenor, Bandone\u00f3n y Banda Sinf\u00f3nica, Tres Escenas Porte\u00f1as (para dos clarinetes bajo y banda sinf\u00f3nica), En Blanco y Negro Buenos Aires (para...","protected":false},"author":1,"featured_media":0,"parent":0,"menu_order":0,"comment_status":"closed","ping_status":"closed","template":"","meta":{"footnotes":""},"class_list":["post-143","page","type-page","status-publish","hentry"],"yoast_head":"<!-- This site is optimized with the Yoast SEO plugin v23.0 - https:\/\/yoast.com\/wordpress\/plugins\/seo\/ -->\n<title>Trabajos Orquestales - Jorge Retamoza<\/title>\n<meta name=\"robots\" content=\"index, follow, max-snippet:-1, max-image-preview:large, max-video-preview:-1\" \/>\n<link rel=\"canonical\" href=\"https:\/\/www.retamoza.com.ar\/fr\/trabajos-orquestales\/\" \/>\n<meta property=\"og:locale\" content=\"fr_FR\" \/>\n<meta property=\"og:type\" content=\"article\" \/>\n<meta property=\"og:title\" content=\"Trabajos Orquestales - Jorge Retamoza\" \/>\n<meta property=\"og:url\" content=\"https:\/\/www.retamoza.com.ar\/fr\/trabajos-orquestales\/\" \/>\n<meta property=\"og:site_name\" content=\"Jorge Retamoza\" \/>\n<meta property=\"article:modified_time\" content=\"2022-04-12T04:23:03+00:00\" \/>\n<meta name=\"twitter:card\" content=\"summary_large_image\" \/>\n<meta name=\"twitter:label1\" content=\"Est. reading time\" \/>\n\t<meta name=\"twitter:data1\" content=\"2 minutes\" \/>\n<script type=\"application\/ld+json\" class=\"yoast-schema-graph\">{\"@context\":\"https:\/\/schema.org\",\"@graph\":[{\"@type\":\"WebPage\",\"@id\":\"https:\/\/www.retamoza.com.ar\/trabajos-orquestales\/\",\"url\":\"https:\/\/www.retamoza.com.ar\/trabajos-orquestales\/\",\"name\":\"Trabajos Orquestales - Jorge Retamoza\",\"isPartOf\":{\"@id\":\"https:\/\/www.retamoza.com.ar\/#website\"},\"datePublished\":\"2022-04-12T02:57:15+00:00\",\"dateModified\":\"2022-04-12T04:23:03+00:00\",\"breadcrumb\":{\"@id\":\"https:\/\/www.retamoza.com.ar\/trabajos-orquestales\/#breadcrumb\"},\"inLanguage\":\"fr-FR\",\"potentialAction\":[{\"@type\":\"ReadAction\",\"target\":[\"https:\/\/www.retamoza.com.ar\/trabajos-orquestales\/\"]}]},{\"@type\":\"BreadcrumbList\",\"@id\":\"https:\/\/www.retamoza.com.ar\/trabajos-orquestales\/#breadcrumb\",\"itemListElement\":[{\"@type\":\"ListItem\",\"position\":1,\"name\":\"Inicio\",\"item\":\"https:\/\/www.retamoza.com.ar\/\"},{\"@type\":\"ListItem\",\"position\":2,\"name\":\"Trabajos Orquestales\"}]},{\"@type\":\"WebSite\",\"@id\":\"https:\/\/www.retamoza.com.ar\/#website\",\"url\":\"https:\/\/www.retamoza.com.ar\/\",\"name\":\"Jorge Retamoza\",\"description\":\"Saxofonista Compositor\",\"publisher\":{\"@id\":\"https:\/\/www.retamoza.com.ar\/#organization\"},\"potentialAction\":[{\"@type\":\"SearchAction\",\"target\":{\"@type\":\"EntryPoint\",\"urlTemplate\":\"https:\/\/www.retamoza.com.ar\/?s={search_term_string}\"},\"query-input\":\"required name=search_term_string\"}],\"inLanguage\":\"fr-FR\"},{\"@type\":\"Organization\",\"@id\":\"https:\/\/www.retamoza.com.ar\/#organization\",\"name\":\"Jorge Retamoza\",\"url\":\"https:\/\/www.retamoza.com.ar\/\",\"logo\":{\"@type\":\"ImageObject\",\"inLanguage\":\"fr-FR\",\"@id\":\"https:\/\/www.retamoza.com.ar\/#\/schema\/logo\/image\/\",\"url\":\"https:\/\/www.retamoza.com.ar\/wp-content\/uploads\/Saxo_tenor_cpk_nikel1-e1651888892642.png\",\"contentUrl\":\"https:\/\/www.retamoza.com.ar\/wp-content\/uploads\/Saxo_tenor_cpk_nikel1-e1651888892642.png\",\"width\":1000,\"height\":1000,\"caption\":\"Jorge Retamoza\"},\"image\":{\"@id\":\"https:\/\/www.retamoza.com.ar\/#\/schema\/logo\/image\/\"}}]}<\/script>\n<!-- \/ Yoast SEO plugin. -->","yoast_head_json":{"title":"Trabajos Orquestales - Jorge Retamoza","robots":{"index":"index","follow":"follow","max-snippet":"max-snippet:-1","max-image-preview":"max-image-preview:large","max-video-preview":"max-video-preview:-1"},"canonical":"https:\/\/www.retamoza.com.ar\/fr\/trabajos-orquestales\/","og_locale":"fr_FR","og_type":"article","og_title":"Trabajos Orquestales - Jorge Retamoza","og_url":"https:\/\/www.retamoza.com.ar\/fr\/trabajos-orquestales\/","og_site_name":"Jorge Retamoza","article_modified_time":"2022-04-12T04:23:03+00:00","twitter_card":"summary_large_image","twitter_misc":{"Est. reading time":"2 minutes"},"schema":{"@context":"https:\/\/schema.org","@graph":[{"@type":"WebPage","@id":"https:\/\/www.retamoza.com.ar\/trabajos-orquestales\/","url":"https:\/\/www.retamoza.com.ar\/trabajos-orquestales\/","name":"Trabajos Orquestales - Jorge Retamoza","isPartOf":{"@id":"https:\/\/www.retamoza.com.ar\/#website"},"datePublished":"2022-04-12T02:57:15+00:00","dateModified":"2022-04-12T04:23:03+00:00","breadcrumb":{"@id":"https:\/\/www.retamoza.com.ar\/trabajos-orquestales\/#breadcrumb"},"inLanguage":"fr-FR","potentialAction":[{"@type":"ReadAction","target":["https:\/\/www.retamoza.com.ar\/trabajos-orquestales\/"]}]},{"@type":"BreadcrumbList","@id":"https:\/\/www.retamoza.com.ar\/trabajos-orquestales\/#breadcrumb","itemListElement":[{"@type":"ListItem","position":1,"name":"Inicio","item":"https:\/\/www.retamoza.com.ar\/"},{"@type":"ListItem","position":2,"name":"Trabajos Orquestales"}]},{"@type":"WebSite","@id":"https:\/\/www.retamoza.com.ar\/#website","url":"https:\/\/www.retamoza.com.ar\/","name":"Jorge Retamoza","description":"Saxofonista Compositor","publisher":{"@id":"https:\/\/www.retamoza.com.ar\/#organization"},"potentialAction":[{"@type":"SearchAction","target":{"@type":"EntryPoint","urlTemplate":"https:\/\/www.retamoza.com.ar\/?s={search_term_string}"},"query-input":"required name=search_term_string"}],"inLanguage":"fr-FR"},{"@type":"Organization","@id":"https:\/\/www.retamoza.com.ar\/#organization","name":"Jorge Retamoza","url":"https:\/\/www.retamoza.com.ar\/","logo":{"@type":"ImageObject","inLanguage":"fr-FR","@id":"https:\/\/www.retamoza.com.ar\/#\/schema\/logo\/image\/","url":"https:\/\/www.retamoza.com.ar\/wp-content\/uploads\/Saxo_tenor_cpk_nikel1-e1651888892642.png","contentUrl":"https:\/\/www.retamoza.com.ar\/wp-content\/uploads\/Saxo_tenor_cpk_nikel1-e1651888892642.png","width":1000,"height":1000,"caption":"Jorge Retamoza"},"image":{"@id":"https:\/\/www.retamoza.com.ar\/#\/schema\/logo\/image\/"}}]}},"_links":{"self":[{"href":"https:\/\/www.retamoza.com.ar\/fr\/wp-json\/wp\/v2\/pages\/143","targetHints":{"allow":["GET"]}}],"collection":[{"href":"https:\/\/www.retamoza.com.ar\/fr\/wp-json\/wp\/v2\/pages"}],"about":[{"href":"https:\/\/www.retamoza.com.ar\/fr\/wp-json\/wp\/v2\/types\/page"}],"author":[{"embeddable":true,"href":"https:\/\/www.retamoza.com.ar\/fr\/wp-json\/wp\/v2\/users\/1"}],"replies":[{"embeddable":true,"href":"https:\/\/www.retamoza.com.ar\/fr\/wp-json\/wp\/v2\/comments?post=143"}],"version-history":[{"count":8,"href":"https:\/\/www.retamoza.com.ar\/fr\/wp-json\/wp\/v2\/pages\/143\/revisions"}],"predecessor-version":[{"id":224,"href":"https:\/\/www.retamoza.com.ar\/fr\/wp-json\/wp\/v2\/pages\/143\/revisions\/224"}],"wp:attachment":[{"href":"https:\/\/www.retamoza.com.ar\/fr\/wp-json\/wp\/v2\/media?parent=143"}],"curies":[{"name":"wp","href":"https:\/\/api.w.org\/{rel}","templated":true}]}}