{"id":1112,"date":"2023-03-16T10:51:13","date_gmt":"2023-03-16T13:51:13","guid":{"rendered":"https:\/\/www.retamoza.com.ar\/?page_id=1112"},"modified":"2023-03-16T15:17:50","modified_gmt":"2023-03-16T18:17:50","slug":"sudamericano","status":"publish","type":"page","link":"https:\/\/www.retamoza.com.ar\/fr\/sudamericano\/","title":{"rendered":"SUDAMERICANO"},"content":{"rendered":"<section class=\"l-section wpb_row height_custom\"><div class=\"l-section-h i-cf\"><div class=\"g-cols vc_row via_grid cols_1 laptops-cols_inherit tablets-cols_inherit mobiles-cols_1 valign_top type_default stacking_default\"><div class=\"wpb_column vc_column_container\"><div class=\"vc_column-inner\"><div class=\"wpb_text_column\"><div class=\"wpb_wrapper\"><h2>SUDAMERICANO est un projet sur la musique folklorique de la r\u00e9gion, men\u00e9 par le saxophoniste argentin Jorge Retamoza.<\/h2>\n<\/div><\/div><div class=\"w-separator size_medium\"><\/div><div class=\"wpb_text_column\"><div class=\"wpb_wrapper\"><p class=\" translation-block\">UN CIELO UNA TARDE (Club del Disco) est un album compos\u00e9 de leurs propres \u0153uvres originales et de celles de Fernando Lerman, Claudio Ceccoli <em>(qui participent \u00e9galement en tant qu'interpr\u00e8tes)<\/em> et d'autres compositeurs qui ont particip\u00e9 \u00e0 ce projet sur musique musique folklorique d'Argentine et d'autres pays de la r\u00e9gion, dans laquelle, dans une douzaine de pi\u00e8ces folkloriques contemporaines, se refl\u00e8te une autre d\u00e9marche sonore pleine d'audace et d'identit\u00e9.<\/p>\n<p>Les invit\u00e9s qui faisaient partie de ce nouveau disque constituent une s\u00e9lection de musiciens admir\u00e9s, qui ont apport\u00e9 leur talent de compositeurs et\/ou d'interpr\u00e8tes :<br \/>\nAbel Homer \u2013 Claudio Ceccoli \u2013 Daniel Corrado \u2013 Daniel M\u00edguez \u2013 David Marcos \u2013 Ernestina Inverinato -Ezequiel Finger \u2013 Fefe Botti \u2013 Fernando Lerman \u2013 Germ\u00e1n G\u00f3mez \u2013 Javier Portero \u2013 Javier Weintraub \u2013 Juli\u00e1n Graciano \u2013 Lilian Saba \u2013 Lucas Monz\u00f3n \u2013 Marina Ruiz Matta \u2013 Mauro Ciavattini \u2013 N\u00e9stor G\u00f3mez \u2013 Pablo Motta \u2013 Pablo Ponce \u2013 Patricio Villarejo \u2013 Pedro Rossi \u2013 Pope Gonz\u00e1lez \u2013 Santiago Retamoza \u2013 V\u00edctor Carri\u00f3n.<\/p>\n<\/div><\/div><div class=\"w-separator size_medium\"><\/div><div class=\"w-tabs layout_ver navwidth_auto navpos_left style_default switch_click has_scrolling\" style=\"--sections-title-size:1em\"><div class=\"w-tabs-list items_2 align_none\"><div class=\"w-tabs-list-h\"><button class=\"w-tabs-item active defined-active with_icon\" aria-controls=\"content-w6b7\" aria-expanded=\"true\"><i class=\"fab fa-youtube\"><\/i><span class=\"w-tabs-item-title\">El Coco<\/span><\/button><button class=\"w-tabs-item with_icon\" aria-controls=\"content-k84e\" aria-expanded=\"false\"><i class=\"fab fa-youtube\"><\/i><span class=\"w-tabs-item-title\">Un Cielo Una Tarde<\/span><\/button><\/div><\/div><div class=\"w-tabs-sections titles-align_none icon_chevron cpos_right\"><div class=\"w-tabs-section active\" id=\"w6b7\"><button class=\"w-tabs-section-header active with_icon\" aria-controls=\"content-w6b7\" aria-expanded=\"true\"><i class=\"fab fa-youtube\"><\/i><div class=\"w-tabs-section-title\">El Coco<\/div><div class=\"w-tabs-section-control\"><\/div><\/button><div  class=\"w-tabs-section-content\" id=\"content-w6b7\"><div class=\"w-tabs-section-content-h i-cf\"><div class=\"w-video align_none ratio_16x9 has_iframe\"><div class=\"w-video-h\"><iframe title=\"Youtube video player\" src=\"\/\/www.youtube.com\/embed\/o7klsVezn60?autoplay=0&controls=0&origin=https:\/\/www.retamoza.com.ar\/fr&loop=0&mute=0\" allowfullscreen=\"1\" loading=\"lazy\"><\/iframe><\/div><div class=\"w-video-icon\" style=\"font-size:1.5rem;background:rgba(0,0,0,0.5);color:#fff\"><\/div><\/div><\/div><\/div><\/div><div class=\"w-tabs-section\" id=\"k84e\"><button class=\"w-tabs-section-header with_icon\" aria-controls=\"content-k84e\" aria-expanded=\"false\"><i class=\"fab fa-youtube\"><\/i><div class=\"w-tabs-section-title\">Un Cielo Una Tarde<\/div><div class=\"w-tabs-section-control\"><\/div><\/button><div  class=\"w-tabs-section-content\" id=\"content-k84e\"><div class=\"w-tabs-section-content-h i-cf\"><div class=\"w-video align_none ratio_16x9 has_iframe\"><div class=\"w-video-h\"><iframe title=\"Youtube video player\" src=\"\/\/www.youtube.com\/embed\/4qMk1Q_Kcxc?autoplay=0&controls=0&origin=https:\/\/www.retamoza.com.ar\/fr&loop=0&mute=0\" allowfullscreen=\"1\" loading=\"lazy\"><\/iframe><\/div><div class=\"w-video-icon\" style=\"font-size:1.5rem;background:rgba(0,0,0,0.5);color:#fff\"><\/div><\/div><\/div><\/div><\/div><\/div><\/div><\/div><\/div><\/div><\/div><\/section><section class=\"l-section wpb_row height_custom\"><div class=\"l-section-h i-cf\"><div class=\"g-cols vc_row via_grid cols_1 laptops-cols_inherit tablets-cols_inherit mobiles-cols_1 valign_top type_default stacking_default\"><div class=\"wpb_column vc_column_container\"><div class=\"vc_column-inner\"><div class=\"w-separator size_small with_line width_default thick_1 style_solid color_border align_center\"><div class=\"w-separator-h\"><\/div><\/div><div class=\"w-hwrapper valign_top align_none\"><h3 class=\"w-post-elm post_title align_center entry-title color_link_inherit\">SUDAMERICANO<\/h3><div class=\"wpb_text_column\"><div class=\"wpb_wrapper\"><h3>dans les m\u00e9dias:<\/h3>\n<\/div><\/div><\/div><div class=\"w-grid type_grid layout_37 cols_3 open_items_in_popup ratio_1x1\" id=\"us_grid_1\" style=\"--gap:1.5rem;\"><style>@media (max-width:1024px){#us_grid_1 .w-grid-item{width:50%}#us_grid_1 .w-grid-item.size_2x1,#us_grid_1 .w-grid-item.size_2x2{width:100%}}@media (max-width:600px){#us_grid_1 .w-grid-list{margin:0}#us_grid_1 .w-grid-item{width:100%;padding:0;margin-bottom:var(--gap,0px)}}.layout_37 .w-grid-item-h:before{padding-bottom:100%}@media (min-width:601px){.layout_37 .w-grid-item.size_1x2 .w-grid-item-h:before{padding-bottom:calc(200% + var(--gap,0px) * 2)}.layout_37 .w-grid-item.size_2x1 .w-grid-item-h:before{padding-bottom:calc(50% - var(--gap,0px) * 1)}.layout_37 .w-grid-item.size_2x2 .w-grid-item-h:before{padding-bottom:calc(100% - var(--gap,0px) * 0)}}.layout_37 .w-grid-item-h{border-radius:0.5rem}.layout_37 .usg_post_image_1{transition-duration:0.4s;transform-origin:50% 50%;transform:scale(1.1) translate(0%,0%);opacity:0.25}.layout_37 .w-grid-item-h:hover .usg_post_image_1{transform:scale(1) translate(0%,0%);opacity:1}.layout_37 .usg_post_title_1{transition-duration:0.3s;transform-origin:50% 50%;transform:scale(1) translate(0%,0%)}.layout_37 .w-grid-item-h:hover .usg_post_title_1{transform:scale(1) translate(0%,-100%);opacity:0}.layout_37 .usg_post_taxonomy_1{transition-duration:0.3s;transform-origin:50% 50%;transform:scale(1) translate(0%,0%)}.layout_37 .w-grid-item-h:hover .usg_post_taxonomy_1{transform:scale(1) translate(0%,100%);opacity:0}.layout_37 .usg_post_date_1{transition-duration:0.3s;transform-origin:50% 50%;transform:scale(1) translate(0%,0%)}.layout_37 .w-grid-item-h:hover .usg_post_date_1{transform:scale(1) translate(100%,0%);opacity:0}.layout_37 .usg_post_image_1{border-radius:0.5rem!important;position:absolute!important;left:0!important;top:0!important;bottom:0!important;right:0!important;border:1px solid var(--color-content-primary)!important}.layout_37 .usg_vwrapper_1{position:absolute!important;left:0!important;top:0!important;bottom:0!important;right:0!important;padding:2rem!important}.layout_37 .usg_post_title_1{color:#ffffff!important;font-size:1.4rem!important}@media (min-width:1025px) and (max-width:1280px){.layout_37 .usg_post_image_1{border-radius:0.5rem!important;position:absolute!important;left:0!important;top:0!important;bottom:0!important;right:0!important;border:1px solid var(--color-content-primary)!important}.layout_37 .usg_vwrapper_1{position:absolute!important;left:0!important;top:0!important;bottom:0!important;right:0!important;padding:2rem!important}.layout_37 .usg_post_title_1{color:#ffffff!important;font-size:1.4rem!important}}@media (min-width:601px) and (max-width:1024px){.layout_37 .usg_post_image_1{border-radius:0.5rem!important;position:absolute!important;left:0!important;top:0!important;bottom:0!important;right:0!important;border:1px solid var(--color-content-primary)!important}.layout_37 .usg_vwrapper_1{position:absolute!important;left:0!important;top:0!important;bottom:0!important;right:0!important;padding:2rem!important}.layout_37 .usg_post_title_1{color:#ffffff!important;font-size:1.4rem!important}}@media (max-width:600px){.layout_37 .usg_post_image_1{border-radius:0.5rem!important;position:absolute!important;left:0!important;top:0!important;bottom:0!important;right:0!important;border:1px solid var(--color-content-primary)!important}.layout_37 .usg_vwrapper_1{position:absolute!important;left:0!important;top:0!important;bottom:0!important;right:0!important;padding:2rem!important}.layout_37 .usg_post_title_1{color:#ffffff!important;font-size:1.4rem!important}}<\/style><div class=\"w-grid-list\">\t<article class=\"w-grid-item size_1x1 post-1051 us_portfolio type-us_portfolio status-publish has-post-thumbnail hentry\" data-id=\"1051\">\n\t\t<div class=\"w-grid-item-h\">\n\t\t\t\t\t\t\t<a href=\"https:\/\/www.retamoza.com.ar\/fr\/prensa\/nota-telam-un-cielo-una-tarde\/\" class=\"w-grid-item-anchor\" aria-label=\"Nota Telam Un Cielo Una Tarde\"><\/a>\n\t\t\t\t\t\t<div class=\"w-post-elm post_image usg_post_image_1 stretched\"><img loading=\"lazy\" decoding=\"async\" width=\"900\" height=\"900\" src=\"https:\/\/www.retamoza.com.ar\/wp-content\/uploads\/channels4_profile.jpg\" class=\"attachment-shop_single size-shop_single wp-post-image\" alt=\"\" srcset=\"https:\/\/www.retamoza.com.ar\/wp-content\/uploads\/channels4_profile.jpg 900w, https:\/\/www.retamoza.com.ar\/wp-content\/uploads\/channels4_profile-300x300.jpg 300w, https:\/\/www.retamoza.com.ar\/wp-content\/uploads\/channels4_profile-150x150.jpg 150w, https:\/\/www.retamoza.com.ar\/wp-content\/uploads\/channels4_profile-600x600.jpg 600w\" sizes=\"auto, (max-width: 900px) 100vw, 900px\" \/><\/div><div class=\"w-vwrapper usg_vwrapper_1 align_center valign_middle\"><h2 class=\"w-post-elm post_title usg_post_title_1 has_text_color entry-title color_link_inherit\">Nota Telam Un Cielo Una Tarde<\/h2><time class=\"w-post-elm post_date usg_post_date_1 entry-date published\" datetime=\"2022-09-23T14:51:48-03:00\"><i class=\"fal fa-calendar-day\"><\/i>23 September 2022<\/time><\/div>\t\t<\/div>\n\t<\/article>\n\t<article class=\"w-grid-item size_1x1 post-1048 us_portfolio type-us_portfolio status-publish has-post-thumbnail hentry\" data-id=\"1048\">\n\t\t<div class=\"w-grid-item-h\">\n\t\t\t\t\t\t\t<a href=\"https:\/\/www.retamoza.com.ar\/fr\/prensa\/comentario-el-liberal-santiago-del-estero\/\" class=\"w-grid-item-anchor\" aria-label=\"Comentario El Liberal. Santiago del Estero\"><\/a>\n\t\t\t\t\t\t<div class=\"w-post-elm post_image usg_post_image_1 stretched\"><img loading=\"lazy\" decoding=\"async\" width=\"991\" height=\"743\" src=\"https:\/\/www.retamoza.com.ar\/wp-content\/uploads\/NOTA-STGO-EST.jpg\" class=\"attachment-shop_single size-shop_single wp-post-image\" alt=\"\" srcset=\"https:\/\/www.retamoza.com.ar\/wp-content\/uploads\/NOTA-STGO-EST.jpg 991w, https:\/\/www.retamoza.com.ar\/wp-content\/uploads\/NOTA-STGO-EST-600x450.jpg 600w, https:\/\/www.retamoza.com.ar\/wp-content\/uploads\/NOTA-STGO-EST-300x225.jpg 300w\" sizes=\"auto, (max-width: 991px) 100vw, 991px\" \/><\/div><div class=\"w-vwrapper usg_vwrapper_1 align_center valign_middle\"><h2 class=\"w-post-elm post_title usg_post_title_1 has_text_color entry-title color_link_inherit\">Comentario El Liberal. Santiago del Estero<\/h2><time class=\"w-post-elm post_date usg_post_date_1 entry-date published\" datetime=\"2022-08-28T12:22:06-03:00\"><i class=\"fal fa-calendar-day\"><\/i>28 August 2022<\/time><\/div>\t\t<\/div>\n\t<\/article>\n\t<article class=\"w-grid-item size_1x1 post-1040 us_portfolio type-us_portfolio status-publish has-post-thumbnail hentry\" data-id=\"1040\">\n\t\t<div class=\"w-grid-item-h\">\n\t\t\t\t\t\t\t<a href=\"https:\/\/www.retamoza.com.ar\/fr\/prensa\/entrevista-el-mirador-provincial-santa-fe\/\" class=\"w-grid-item-anchor\" aria-label=\"Entrevista El Mirador Provincial. Santa F\u00e9\"><\/a>\n\t\t\t\t\t\t<div class=\"w-post-elm post_image usg_post_image_1 stretched\"><img loading=\"lazy\" decoding=\"async\" width=\"610\" height=\"1170\" src=\"https:\/\/www.retamoza.com.ar\/wp-content\/uploads\/FOTO-OK-AVELLA.jpg\" class=\"attachment-shop_single size-shop_single wp-post-image\" alt=\"\" srcset=\"https:\/\/www.retamoza.com.ar\/wp-content\/uploads\/FOTO-OK-AVELLA.jpg 610w, https:\/\/www.retamoza.com.ar\/wp-content\/uploads\/FOTO-OK-AVELLA-600x1151.jpg 600w, https:\/\/www.retamoza.com.ar\/wp-content\/uploads\/FOTO-OK-AVELLA-156x300.jpg 156w, https:\/\/www.retamoza.com.ar\/wp-content\/uploads\/FOTO-OK-AVELLA-534x1024.jpg 534w\" sizes=\"auto, (max-width: 610px) 100vw, 610px\" \/><\/div><div class=\"w-vwrapper usg_vwrapper_1 align_center valign_middle\"><h2 class=\"w-post-elm post_title usg_post_title_1 has_text_color entry-title color_link_inherit\">Entrevista El Mirador Provincial. Santa F\u00e9<\/h2><time class=\"w-post-elm post_date usg_post_date_1 entry-date published\" datetime=\"2022-09-22T10:44:19-03:00\"><i class=\"fal fa-calendar-day\"><\/i>22 September 2022<\/time><\/div>\t\t<\/div>\n\t<\/article>\n\t<article class=\"w-grid-item size_1x1 post-678 us_portfolio type-us_portfolio status-publish has-post-thumbnail hentry\" data-id=\"678\">\n\t\t<div class=\"w-grid-item-h\">\n\t\t\t\t\t\t\t<a href=\"https:\/\/www.retamoza.com.ar\/fr\/prensa\/revista-el-amante\/\" class=\"w-grid-item-anchor\" aria-label=\"Revista El Amante\"><\/a>\n\t\t\t\t\t\t<div class=\"w-post-elm post_image usg_post_image_1 stretched\"><img loading=\"lazy\" decoding=\"async\" width=\"600\" height=\"612\" src=\"https:\/\/www.retamoza.com.ar\/wp-content\/uploads\/Critica-de-Jorge-Retamoza-en-El-Amante1-600x612.jpg\" class=\"attachment-shop_single size-shop_single wp-post-image\" alt=\"\" srcset=\"https:\/\/www.retamoza.com.ar\/wp-content\/uploads\/Critica-de-Jorge-Retamoza-en-El-Amante1-600x612.jpg 600w, https:\/\/www.retamoza.com.ar\/wp-content\/uploads\/Critica-de-Jorge-Retamoza-en-El-Amante1-294x300.jpg 294w, https:\/\/www.retamoza.com.ar\/wp-content\/uploads\/Critica-de-Jorge-Retamoza-en-El-Amante1.jpg 674w\" sizes=\"auto, (max-width: 600px) 100vw, 600px\" \/><\/div><div class=\"w-vwrapper usg_vwrapper_1 align_center valign_middle\"><h2 class=\"w-post-elm post_title usg_post_title_1 has_text_color entry-title color_link_inherit\">Revista El Amante<\/h2><time class=\"w-post-elm post_date usg_post_date_1 entry-date published\" datetime=\"2015-07-16T17:58:43-03:00\"><i class=\"fal fa-calendar-day\"><\/i>16 July 2015<\/time><\/div>\t\t<\/div>\n\t<\/article>\n<\/div><div class=\"w-grid-preloader\">\t<div class=\"g-preloader type_1\">\n\t\t<div><\/div>\n\t<\/div>\n\t<\/div>\t<div class=\"w-grid-json hidden\" onclick='return {&quot;action&quot;:&quot;us_ajax_grid&quot;,&quot;ajax_url&quot;:&quot;https:\\\/\\\/www.retamoza.com.ar\\\/wp-admin\\\/admin-ajax.php&quot;,&quot;infinite_scroll&quot;:0,&quot;max_num_pages&quot;:1,&quot;pagination&quot;:&quot;none&quot;,&quot;template_vars&quot;:{&quot;columns&quot;:&quot;3&quot;,&quot;exclude_items&quot;:&quot;none&quot;,&quot;img_size&quot;:&quot;default&quot;,&quot;ignore_items_size&quot;:0,&quot;items_layout&quot;:&quot;37&quot;,&quot;items_offset&quot;:&quot;1&quot;,&quot;load_animation&quot;:&quot;none&quot;,&quot;overriding_link&quot;:&quot;%7B%22type%22%3A%22popup_post%22%7D&quot;,&quot;post_id&quot;:0,&quot;query_args&quot;:{&quot;ignore_sticky_posts&quot;:1,&quot;post_type&quot;:&quot;any&quot;,&quot;post__in&quot;:[&quot;1040&quot;,&quot;1051&quot;,&quot;678&quot;,&quot;1048&quot;],&quot;tax_query&quot;:[{&quot;taxonomy&quot;:&quot;product_visibility&quot;,&quot;field&quot;:&quot;slug&quot;,&quot;terms&quot;:[&quot;exclude-from-catalog&quot;],&quot;operator&quot;:&quot;NOT IN&quot;}],&quot;posts_per_page&quot;:&quot;6&quot;},&quot;orderby_query_args&quot;:{&quot;orderby&quot;:&quot;RAND(1543671206)&quot;},&quot;type&quot;:&quot;grid&quot;,&quot;us_grid_ajax_index&quot;:1,&quot;us_grid_filter_params&quot;:[],&quot;us_grid_index&quot;:1,&quot;_us_grid_post_type&quot;:&quot;ids&quot;,&quot;page_args&quot;:[]}}'><\/div>\n\t\t<div class=\"l-popup\">\n\t\t<div class=\"l-popup-overlay\"><\/div>\n\t\t<div class=\"l-popup-wrap\">\n\t\t\t<div class=\"l-popup-box\">\n\t\t\t\t<div class=\"l-popup-box-content\">\n\t\t\t\t\t<div class=\"g-preloader type_1\">\n\t\t\t\t\t\t<div><\/div>\n\t\t\t\t\t<\/div>\n\t\t\t\t\t<iframe class=\"l-popup-box-content-frame\" allowfullscreen><\/iframe>\n\t\t\t\t<\/div>\n\t\t\t<\/div>\n\t\t\t\t\t\t\t<div class=\"l-popup-arrow to_next\" title=\"Next\"><\/div>\n\t\t\t\t<div class=\"l-popup-arrow to_prev\" title=\"Previous\"><\/div>\n\t\t\t\t\t\t<div class=\"l-popup-closer\"><\/div>\n\t\t<\/div>\n\t<\/div>\n\t<\/div><\/div><\/div><\/div><\/div><\/section>","protected":false},"excerpt":{"rendered":"","protected":false},"author":1,"featured_media":0,"parent":0,"menu_order":0,"comment_status":"closed","ping_status":"closed","template":"","meta":{"footnotes":""},"class_list":["post-1112","page","type-page","status-publish","hentry"],"yoast_head":"<!-- This site is optimized with the Yoast SEO plugin v23.0 - https:\/\/yoast.com\/wordpress\/plugins\/seo\/ -->\n<title>SUDAMERICANO - Jorge Retamoza<\/title>\n<meta name=\"robots\" content=\"index, follow, max-snippet:-1, max-image-preview:large, max-video-preview:-1\" \/>\n<link rel=\"canonical\" href=\"https:\/\/www.retamoza.com.ar\/fr\/sudamericano\/\" \/>\n<meta property=\"og:locale\" content=\"fr_FR\" \/>\n<meta property=\"og:type\" content=\"article\" \/>\n<meta property=\"og:title\" content=\"SUDAMERICANO - Jorge Retamoza\" \/>\n<meta property=\"og:url\" content=\"https:\/\/www.retamoza.com.ar\/fr\/sudamericano\/\" \/>\n<meta property=\"og:site_name\" content=\"Jorge Retamoza\" \/>\n<meta property=\"article:modified_time\" content=\"2023-03-16T18:17:50+00:00\" \/>\n<meta name=\"twitter:card\" content=\"summary_large_image\" \/>\n<meta name=\"twitter:label1\" content=\"Est. reading time\" \/>\n\t<meta name=\"twitter:data1\" content=\"2 minutes\" \/>\n<script type=\"application\/ld+json\" class=\"yoast-schema-graph\">{\"@context\":\"https:\/\/schema.org\",\"@graph\":[{\"@type\":\"WebPage\",\"@id\":\"https:\/\/www.retamoza.com.ar\/sudamericano\/\",\"url\":\"https:\/\/www.retamoza.com.ar\/sudamericano\/\",\"name\":\"SUDAMERICANO - Jorge Retamoza\",\"isPartOf\":{\"@id\":\"https:\/\/www.retamoza.com.ar\/#website\"},\"datePublished\":\"2023-03-16T13:51:13+00:00\",\"dateModified\":\"2023-03-16T18:17:50+00:00\",\"breadcrumb\":{\"@id\":\"https:\/\/www.retamoza.com.ar\/sudamericano\/#breadcrumb\"},\"inLanguage\":\"fr-FR\",\"potentialAction\":[{\"@type\":\"ReadAction\",\"target\":[\"https:\/\/www.retamoza.com.ar\/sudamericano\/\"]}]},{\"@type\":\"BreadcrumbList\",\"@id\":\"https:\/\/www.retamoza.com.ar\/sudamericano\/#breadcrumb\",\"itemListElement\":[{\"@type\":\"ListItem\",\"position\":1,\"name\":\"Inicio\",\"item\":\"https:\/\/www.retamoza.com.ar\/\"},{\"@type\":\"ListItem\",\"position\":2,\"name\":\"SUDAMERICANO\"}]},{\"@type\":\"WebSite\",\"@id\":\"https:\/\/www.retamoza.com.ar\/#website\",\"url\":\"https:\/\/www.retamoza.com.ar\/\",\"name\":\"Jorge Retamoza\",\"description\":\"Saxofonista Compositor\",\"publisher\":{\"@id\":\"https:\/\/www.retamoza.com.ar\/#organization\"},\"potentialAction\":[{\"@type\":\"SearchAction\",\"target\":{\"@type\":\"EntryPoint\",\"urlTemplate\":\"https:\/\/www.retamoza.com.ar\/?s={search_term_string}\"},\"query-input\":\"required name=search_term_string\"}],\"inLanguage\":\"fr-FR\"},{\"@type\":\"Organization\",\"@id\":\"https:\/\/www.retamoza.com.ar\/#organization\",\"name\":\"Jorge Retamoza\",\"url\":\"https:\/\/www.retamoza.com.ar\/\",\"logo\":{\"@type\":\"ImageObject\",\"inLanguage\":\"fr-FR\",\"@id\":\"https:\/\/www.retamoza.com.ar\/#\/schema\/logo\/image\/\",\"url\":\"https:\/\/www.retamoza.com.ar\/wp-content\/uploads\/Saxo_tenor_cpk_nikel1-e1651888892642.png\",\"contentUrl\":\"https:\/\/www.retamoza.com.ar\/wp-content\/uploads\/Saxo_tenor_cpk_nikel1-e1651888892642.png\",\"width\":1000,\"height\":1000,\"caption\":\"Jorge Retamoza\"},\"image\":{\"@id\":\"https:\/\/www.retamoza.com.ar\/#\/schema\/logo\/image\/\"}}]}<\/script>\n<!-- \/ Yoast SEO plugin. -->","yoast_head_json":{"title":"SUDAMERICANO - Jorge Retamoza","robots":{"index":"index","follow":"follow","max-snippet":"max-snippet:-1","max-image-preview":"max-image-preview:large","max-video-preview":"max-video-preview:-1"},"canonical":"https:\/\/www.retamoza.com.ar\/fr\/sudamericano\/","og_locale":"fr_FR","og_type":"article","og_title":"SUDAMERICANO - Jorge Retamoza","og_url":"https:\/\/www.retamoza.com.ar\/fr\/sudamericano\/","og_site_name":"Jorge Retamoza","article_modified_time":"2023-03-16T18:17:50+00:00","twitter_card":"summary_large_image","twitter_misc":{"Est. reading time":"2 minutes"},"schema":{"@context":"https:\/\/schema.org","@graph":[{"@type":"WebPage","@id":"https:\/\/www.retamoza.com.ar\/sudamericano\/","url":"https:\/\/www.retamoza.com.ar\/sudamericano\/","name":"SUDAMERICANO - Jorge Retamoza","isPartOf":{"@id":"https:\/\/www.retamoza.com.ar\/#website"},"datePublished":"2023-03-16T13:51:13+00:00","dateModified":"2023-03-16T18:17:50+00:00","breadcrumb":{"@id":"https:\/\/www.retamoza.com.ar\/sudamericano\/#breadcrumb"},"inLanguage":"fr-FR","potentialAction":[{"@type":"ReadAction","target":["https:\/\/www.retamoza.com.ar\/sudamericano\/"]}]},{"@type":"BreadcrumbList","@id":"https:\/\/www.retamoza.com.ar\/sudamericano\/#breadcrumb","itemListElement":[{"@type":"ListItem","position":1,"name":"Inicio","item":"https:\/\/www.retamoza.com.ar\/"},{"@type":"ListItem","position":2,"name":"SUDAMERICANO"}]},{"@type":"WebSite","@id":"https:\/\/www.retamoza.com.ar\/#website","url":"https:\/\/www.retamoza.com.ar\/","name":"Jorge Retamoza","description":"Saxofonista Compositor","publisher":{"@id":"https:\/\/www.retamoza.com.ar\/#organization"},"potentialAction":[{"@type":"SearchAction","target":{"@type":"EntryPoint","urlTemplate":"https:\/\/www.retamoza.com.ar\/?s={search_term_string}"},"query-input":"required name=search_term_string"}],"inLanguage":"fr-FR"},{"@type":"Organization","@id":"https:\/\/www.retamoza.com.ar\/#organization","name":"Jorge Retamoza","url":"https:\/\/www.retamoza.com.ar\/","logo":{"@type":"ImageObject","inLanguage":"fr-FR","@id":"https:\/\/www.retamoza.com.ar\/#\/schema\/logo\/image\/","url":"https:\/\/www.retamoza.com.ar\/wp-content\/uploads\/Saxo_tenor_cpk_nikel1-e1651888892642.png","contentUrl":"https:\/\/www.retamoza.com.ar\/wp-content\/uploads\/Saxo_tenor_cpk_nikel1-e1651888892642.png","width":1000,"height":1000,"caption":"Jorge Retamoza"},"image":{"@id":"https:\/\/www.retamoza.com.ar\/#\/schema\/logo\/image\/"}}]}},"_links":{"self":[{"href":"https:\/\/www.retamoza.com.ar\/fr\/wp-json\/wp\/v2\/pages\/1112","targetHints":{"allow":["GET"]}}],"collection":[{"href":"https:\/\/www.retamoza.com.ar\/fr\/wp-json\/wp\/v2\/pages"}],"about":[{"href":"https:\/\/www.retamoza.com.ar\/fr\/wp-json\/wp\/v2\/types\/page"}],"author":[{"embeddable":true,"href":"https:\/\/www.retamoza.com.ar\/fr\/wp-json\/wp\/v2\/users\/1"}],"replies":[{"embeddable":true,"href":"https:\/\/www.retamoza.com.ar\/fr\/wp-json\/wp\/v2\/comments?post=1112"}],"version-history":[{"count":12,"href":"https:\/\/www.retamoza.com.ar\/fr\/wp-json\/wp\/v2\/pages\/1112\/revisions"}],"predecessor-version":[{"id":1126,"href":"https:\/\/www.retamoza.com.ar\/fr\/wp-json\/wp\/v2\/pages\/1112\/revisions\/1126"}],"wp:attachment":[{"href":"https:\/\/www.retamoza.com.ar\/fr\/wp-json\/wp\/v2\/media?parent=1112"}],"curies":[{"name":"wp","href":"https:\/\/api.w.org\/{rel}","templated":true}]}}