{"id":79,"date":"2022-09-24T10:00:39","date_gmt":"2022-09-24T13:00:39","guid":{"rendered":"https:\/\/efece.com.ar\/retamoza\/?post_type=product&#038;p=79"},"modified":"2024-09-18T14:53:52","modified_gmt":"2024-09-18T17:53:52","slug":"mas-tango-para-el-saxo","status":"publish","type":"product","link":"https:\/\/www.retamoza.com.ar\/en\/producciones\/mas-tango-para-el-saxo\/","title":{"rendered":"More tango for sax"},"content":{"rendered":"<p><strong>MORE TANGO FOR THE SAX<\/strong> the new book of <strong>Jorge Retamoza<\/strong> and <strong>Jer\u00f3nimo\u00a0Guirrieri<\/strong> contains a compendium of historical variations, original variations, solos, orchestral studies extracted note by note from recordings by the main artists of the genre. The book will lead you to play all the scores together with the orchestras of An\u00edbal Troilo or Juan D'Arienzo, Astor Piazzolla or Horacio Salg\u00e1n, Roberto Grela and Leopoldo Federico, since all the variations, solos and studies are linked to a playlist . In addition, it contains accompaniment tracks played on the piano on milonga rhythms and on cadences used in emblematic tango themes, which will allow you to practice improvisation and apply to those tracks what you have learned in the previous chapters of M\u00c1S TANGO PARA EL SAXO.<\/p>\n<p><video id=\"efecear_1650985831214\" style=\"border-radius: 1rem;\" src=\"https:\/\/www.retamoza.com.ar\/wp-content\/uploads\/mas-tango-para-el-saxo.mp4\" controls=\"controls\" width=\"100%;\" height=\"100%;\" data-yt2html5=\"HO73gUhiYe0\"><\/video><\/p>","protected":false},"excerpt":{"rendered":"<p>M\u00c1S TANGO PARA EL SAXO el nuevo libro de Jorge Retamoza y Jer\u00f3nimo\u00a0Guirrieri contiene un compendio de variaciones hist\u00f3ricas, variaciones originales, solos, estudios orquestales extra\u00eddos nota a nota de grabaciones de los principales artistas del g\u00e9nero. El libro te llevar\u00e1 a tocar todas las partituras junto a las orquestas de An\u00edbal Troilo o Juan D\u2019Arienzo,&#8230;<\/p>","protected":false},"featured_media":80,"template":"","meta":[],"product_brand":[],"product_cat":[18],"product_tag":[19],"class_list":{"0":"post-79","1":"product","2":"type-product","3":"status-publish","4":"has-post-thumbnail","6":"product_cat-libros","7":"product_tag-edicion-digital","9":"first","10":"instock","11":"downloadable","12":"virtual","13":"sold-individually","14":"purchasable","15":"product-type-simple"},"yoast_head":"<!-- This site is optimized with the Yoast SEO plugin v23.0 - https:\/\/yoast.com\/wordpress\/plugins\/seo\/ -->\n<title>M\u00e1s tango para el saxo - Jorge Retamoza<\/title>\n<meta name=\"robots\" content=\"index, follow, max-snippet:-1, max-image-preview:large, max-video-preview:-1\" \/>\n<link rel=\"canonical\" href=\"https:\/\/www.retamoza.com.ar\/en\/producciones\/mas-tango-para-el-saxo\/\" \/>\n<meta property=\"og:locale\" content=\"en_US\" \/>\n<meta property=\"og:type\" content=\"article\" \/>\n<meta property=\"og:title\" content=\"M\u00e1s tango para el saxo - Jorge Retamoza\" \/>\n<meta property=\"og:description\" content=\"M\u00c1S TANGO PARA EL SAXO el nuevo libro de Jorge Retamoza y Jer\u00f3nimo\u00a0Guirrieri contiene un compendio de variaciones hist\u00f3ricas, variaciones originales, solos, estudios orquestales extra\u00eddos nota a nota de grabaciones de los principales artistas del g\u00e9nero. El libro te llevar\u00e1 a tocar todas las partituras junto a las orquestas de An\u00edbal Troilo o Juan D\u2019Arienzo,...\" \/>\n<meta property=\"og:url\" content=\"https:\/\/www.retamoza.com.ar\/en\/producciones\/mas-tango-para-el-saxo\/\" \/>\n<meta property=\"og:site_name\" content=\"Jorge Retamoza\" \/>\n<meta property=\"article:modified_time\" content=\"2024-09-18T17:53:52+00:00\" \/>\n<meta property=\"og:image\" content=\"https:\/\/www.retamoza.com.ar\/wp-content\/uploads\/mas-tango-para-el-saxo-11.png\" \/>\n\t<meta property=\"og:image:width\" content=\"667\" \/>\n\t<meta property=\"og:image:height\" content=\"667\" \/>\n\t<meta property=\"og:image:type\" content=\"image\/png\" \/>\n<meta name=\"twitter:card\" content=\"summary_large_image\" \/>\n<meta name=\"twitter:label1\" content=\"Est. reading time\" \/>\n\t<meta name=\"twitter:data1\" content=\"1 minute\" \/>\n<script type=\"application\/ld+json\" class=\"yoast-schema-graph\">{\"@context\":\"https:\/\/schema.org\",\"@graph\":[{\"@type\":\"WebPage\",\"@id\":\"https:\/\/www.retamoza.com.ar\/producciones\/mas-tango-para-el-saxo\/\",\"url\":\"https:\/\/www.retamoza.com.ar\/producciones\/mas-tango-para-el-saxo\/\",\"name\":\"M\u00e1s tango para el saxo - Jorge Retamoza\",\"isPartOf\":{\"@id\":\"https:\/\/www.retamoza.com.ar\/#website\"},\"primaryImageOfPage\":{\"@id\":\"https:\/\/www.retamoza.com.ar\/producciones\/mas-tango-para-el-saxo\/#primaryimage\"},\"image\":{\"@id\":\"https:\/\/www.retamoza.com.ar\/producciones\/mas-tango-para-el-saxo\/#primaryimage\"},\"thumbnailUrl\":\"https:\/\/www.retamoza.com.ar\/wp-content\/uploads\/mas-tango-para-el-saxo-11.png\",\"datePublished\":\"2022-09-24T13:00:39+00:00\",\"dateModified\":\"2024-09-18T17:53:52+00:00\",\"breadcrumb\":{\"@id\":\"https:\/\/www.retamoza.com.ar\/producciones\/mas-tango-para-el-saxo\/#breadcrumb\"},\"inLanguage\":\"en-US\",\"potentialAction\":[{\"@type\":\"ReadAction\",\"target\":[\"https:\/\/www.retamoza.com.ar\/producciones\/mas-tango-para-el-saxo\/\"]}]},{\"@type\":\"ImageObject\",\"inLanguage\":\"en-US\",\"@id\":\"https:\/\/www.retamoza.com.ar\/producciones\/mas-tango-para-el-saxo\/#primaryimage\",\"url\":\"https:\/\/www.retamoza.com.ar\/wp-content\/uploads\/mas-tango-para-el-saxo-11.png\",\"contentUrl\":\"https:\/\/www.retamoza.com.ar\/wp-content\/uploads\/mas-tango-para-el-saxo-11.png\",\"width\":667,\"height\":667},{\"@type\":\"BreadcrumbList\",\"@id\":\"https:\/\/www.retamoza.com.ar\/producciones\/mas-tango-para-el-saxo\/#breadcrumb\",\"itemListElement\":[{\"@type\":\"ListItem\",\"position\":1,\"name\":\"Inicio\",\"item\":\"https:\/\/www.retamoza.com.ar\/\"},{\"@type\":\"ListItem\",\"position\":2,\"name\":\"Tienda\",\"item\":\"https:\/\/www.retamoza.com.ar\/tienda\/\"},{\"@type\":\"ListItem\",\"position\":3,\"name\":\"M\u00e1s tango para el saxo\"}]},{\"@type\":\"WebSite\",\"@id\":\"https:\/\/www.retamoza.com.ar\/#website\",\"url\":\"https:\/\/www.retamoza.com.ar\/\",\"name\":\"Jorge Retamoza\",\"description\":\"Saxofonista Compositor\",\"publisher\":{\"@id\":\"https:\/\/www.retamoza.com.ar\/#organization\"},\"potentialAction\":[{\"@type\":\"SearchAction\",\"target\":{\"@type\":\"EntryPoint\",\"urlTemplate\":\"https:\/\/www.retamoza.com.ar\/?s={search_term_string}\"},\"query-input\":\"required name=search_term_string\"}],\"inLanguage\":\"en-US\"},{\"@type\":\"Organization\",\"@id\":\"https:\/\/www.retamoza.com.ar\/#organization\",\"name\":\"Jorge Retamoza\",\"url\":\"https:\/\/www.retamoza.com.ar\/\",\"logo\":{\"@type\":\"ImageObject\",\"inLanguage\":\"en-US\",\"@id\":\"https:\/\/www.retamoza.com.ar\/#\/schema\/logo\/image\/\",\"url\":\"https:\/\/www.retamoza.com.ar\/wp-content\/uploads\/Saxo_tenor_cpk_nikel1-e1651888892642.png\",\"contentUrl\":\"https:\/\/www.retamoza.com.ar\/wp-content\/uploads\/Saxo_tenor_cpk_nikel1-e1651888892642.png\",\"width\":1000,\"height\":1000,\"caption\":\"Jorge Retamoza\"},\"image\":{\"@id\":\"https:\/\/www.retamoza.com.ar\/#\/schema\/logo\/image\/\"}}]}<\/script>\n<!-- \/ Yoast SEO plugin. -->","yoast_head_json":{"title":"M\u00e1s tango para el saxo - Jorge Retamoza","robots":{"index":"index","follow":"follow","max-snippet":"max-snippet:-1","max-image-preview":"max-image-preview:large","max-video-preview":"max-video-preview:-1"},"canonical":"https:\/\/www.retamoza.com.ar\/en\/producciones\/mas-tango-para-el-saxo\/","og_locale":"en_US","og_type":"article","og_title":"M\u00e1s tango para el saxo - Jorge Retamoza","og_description":"M\u00c1S TANGO PARA EL SAXO el nuevo libro de Jorge Retamoza y Jer\u00f3nimo\u00a0Guirrieri contiene un compendio de variaciones hist\u00f3ricas, variaciones originales, solos, estudios orquestales extra\u00eddos nota a nota de grabaciones de los principales artistas del g\u00e9nero. El libro te llevar\u00e1 a tocar todas las partituras junto a las orquestas de An\u00edbal Troilo o Juan D\u2019Arienzo,...","og_url":"https:\/\/www.retamoza.com.ar\/en\/producciones\/mas-tango-para-el-saxo\/","og_site_name":"Jorge Retamoza","article_modified_time":"2024-09-18T17:53:52+00:00","og_image":[{"width":667,"height":667,"url":"https:\/\/www.retamoza.com.ar\/wp-content\/uploads\/mas-tango-para-el-saxo-11.png","type":"image\/png"}],"twitter_card":"summary_large_image","twitter_misc":{"Est. reading time":"1 minute"},"schema":{"@context":"https:\/\/schema.org","@graph":[{"@type":"WebPage","@id":"https:\/\/www.retamoza.com.ar\/producciones\/mas-tango-para-el-saxo\/","url":"https:\/\/www.retamoza.com.ar\/producciones\/mas-tango-para-el-saxo\/","name":"M\u00e1s tango para el saxo - Jorge Retamoza","isPartOf":{"@id":"https:\/\/www.retamoza.com.ar\/#website"},"primaryImageOfPage":{"@id":"https:\/\/www.retamoza.com.ar\/producciones\/mas-tango-para-el-saxo\/#primaryimage"},"image":{"@id":"https:\/\/www.retamoza.com.ar\/producciones\/mas-tango-para-el-saxo\/#primaryimage"},"thumbnailUrl":"https:\/\/www.retamoza.com.ar\/wp-content\/uploads\/mas-tango-para-el-saxo-11.png","datePublished":"2022-09-24T13:00:39+00:00","dateModified":"2024-09-18T17:53:52+00:00","breadcrumb":{"@id":"https:\/\/www.retamoza.com.ar\/producciones\/mas-tango-para-el-saxo\/#breadcrumb"},"inLanguage":"en-US","potentialAction":[{"@type":"ReadAction","target":["https:\/\/www.retamoza.com.ar\/producciones\/mas-tango-para-el-saxo\/"]}]},{"@type":"ImageObject","inLanguage":"en-US","@id":"https:\/\/www.retamoza.com.ar\/producciones\/mas-tango-para-el-saxo\/#primaryimage","url":"https:\/\/www.retamoza.com.ar\/wp-content\/uploads\/mas-tango-para-el-saxo-11.png","contentUrl":"https:\/\/www.retamoza.com.ar\/wp-content\/uploads\/mas-tango-para-el-saxo-11.png","width":667,"height":667},{"@type":"BreadcrumbList","@id":"https:\/\/www.retamoza.com.ar\/producciones\/mas-tango-para-el-saxo\/#breadcrumb","itemListElement":[{"@type":"ListItem","position":1,"name":"Inicio","item":"https:\/\/www.retamoza.com.ar\/"},{"@type":"ListItem","position":2,"name":"Tienda","item":"https:\/\/www.retamoza.com.ar\/tienda\/"},{"@type":"ListItem","position":3,"name":"M\u00e1s tango para el saxo"}]},{"@type":"WebSite","@id":"https:\/\/www.retamoza.com.ar\/#website","url":"https:\/\/www.retamoza.com.ar\/","name":"Jorge Retamoza","description":"Saxofonista Compositor","publisher":{"@id":"https:\/\/www.retamoza.com.ar\/#organization"},"potentialAction":[{"@type":"SearchAction","target":{"@type":"EntryPoint","urlTemplate":"https:\/\/www.retamoza.com.ar\/?s={search_term_string}"},"query-input":"required name=search_term_string"}],"inLanguage":"en-US"},{"@type":"Organization","@id":"https:\/\/www.retamoza.com.ar\/#organization","name":"Jorge Retamoza","url":"https:\/\/www.retamoza.com.ar\/","logo":{"@type":"ImageObject","inLanguage":"en-US","@id":"https:\/\/www.retamoza.com.ar\/#\/schema\/logo\/image\/","url":"https:\/\/www.retamoza.com.ar\/wp-content\/uploads\/Saxo_tenor_cpk_nikel1-e1651888892642.png","contentUrl":"https:\/\/www.retamoza.com.ar\/wp-content\/uploads\/Saxo_tenor_cpk_nikel1-e1651888892642.png","width":1000,"height":1000,"caption":"Jorge Retamoza"},"image":{"@id":"https:\/\/www.retamoza.com.ar\/#\/schema\/logo\/image\/"}}]}},"_links":{"self":[{"href":"https:\/\/www.retamoza.com.ar\/en\/wp-json\/wp\/v2\/product\/79","targetHints":{"allow":["GET"]}}],"collection":[{"href":"https:\/\/www.retamoza.com.ar\/en\/wp-json\/wp\/v2\/product"}],"about":[{"href":"https:\/\/www.retamoza.com.ar\/en\/wp-json\/wp\/v2\/types\/product"}],"wp:featuredmedia":[{"embeddable":true,"href":"https:\/\/www.retamoza.com.ar\/en\/wp-json\/wp\/v2\/media\/80"}],"wp:attachment":[{"href":"https:\/\/www.retamoza.com.ar\/en\/wp-json\/wp\/v2\/media?parent=79"}],"wp:term":[{"taxonomy":"product_brand","embeddable":true,"href":"https:\/\/www.retamoza.com.ar\/en\/wp-json\/wp\/v2\/product_brand?post=79"},{"taxonomy":"product_cat","embeddable":true,"href":"https:\/\/www.retamoza.com.ar\/en\/wp-json\/wp\/v2\/product_cat?post=79"},{"taxonomy":"product_tag","embeddable":true,"href":"https:\/\/www.retamoza.com.ar\/en\/wp-json\/wp\/v2\/product_tag?post=79"}],"curies":[{"name":"wp","href":"https:\/\/api.w.org\/{rel}","templated":true}]}}