{"id":337,"date":"2010-01-01T00:00:47","date_gmt":"2010-01-01T03:00:47","guid":{"rendered":"https:\/\/retamoza.efece.ar\/?post_type=product&#038;p=337"},"modified":"2022-05-02T23:01:39","modified_gmt":"2022-05-03T02:01:39","slug":"vientos-de-tango","status":"publish","type":"product","link":"https:\/\/www.retamoza.com.ar\/en\/producciones\/vientos-de-tango\/","title":{"rendered":"Vientos De Tango"},"content":{"rendered":"<p><iframe loading=\"lazy\" style=\"border-radius:12px\" src=\"https:\/\/open.spotify.com\/embed\/album\/7wmQyBFmIbMzpIkbbypQjX?utm_source=generator\" width=\"100%\" height=\"380\" frameborder=\"0\" allowfullscreen=\"\" allow=\"autoplay; clipboard-write; encrypted-media; fullscreen; picture-in-picture\"><\/iframe><\/p>\n<ol>\n<li>Cafe 1930 (Astor Piazzolla)<\/li>\n<li>Buscando el marroco (Jorge Retamoza)<\/li>\n<li>Duelo criollo (J.Rezzano \u2013 L.Vayardo)<\/li>\n<li>Polaroid (Jorge Retamoza)<\/li>\n<li>Vientos de tango (Jorge Retamoza)<\/li>\n<li>Mayo (Jorge Retamoza)<\/li>\n<li>Oblivion (Astor Piazzolla)<\/li>\n<li>Tango alocado (Jorge Retamoza)<\/li>\n<li>Ma\u00f1ana zarpa un barco (L.Demare-H.Manzi)<\/li>\n<li>Repetici\u00f3n (Jorge Retamoza)<\/li>\n<li>Milonga alocada (Jorge Retamoza)<\/li>\n<li>Desvestuarios (J.Retamoza-C.Capella)<\/li>\n<\/ol>\n<p>Toda la m\u00fasica arreglada por Jorge Retamoza<br \/>\nJorge Retamoza: saxo bar\u00edtono(1,2,4,10) y saxo tenor (3,5,6,7,8,9) Mat\u00edas Rubino: bandone\u00f3n Alejandro Kalinoski: piano Lautaro Guida: contrabajo Daniel M\u00edguez: bater\u00eda<\/p>\n<p>Invitados<\/p>\n<p>Lu\u00eds Roggero, Gustavo Mul\u00e9, Sergio Polizzi, Alejandro Elijovich, Natalia Chiambaretta, Catriel Galv\u00e1n y Rub\u00e9n Polizzi: violines Javier Portero y Claudio Melone: violas Jorge Perez Tedesco: cello<\/p>\n<p>Bernardo Baraj: saxo soprano, Gustavo Bergalli: trompeta, Daniel G\u00f3mez: guitarra, Franco Luciani: arm\u00f3nica, Ezequiel Finger: vibr\u00e1fono, Tabar\u00e9 Leyton: voz<\/p>\n<p>Grabado en Estudio Concreto por Marco Baylo y Daniel Ovi\u00e9, Fort Music por Norberto Villagra, Puntoar por Ariel Gato<br \/>\nMarzo 2009; marzo, junio y julio 2010<br \/>\nMezcla Ariel Gato en Puntoar<br \/>\nMastering Carlos Laurenz en Santa Cecilia Sound<br \/>\nProducido por Jorge Retamoza<\/p>","protected":false},"excerpt":{"rendered":"<p>Cafe 1930 (Astor Piazzolla) Buscando el marroco (Jorge Retamoza) Duelo criollo (J.Rezzano \u2013 L.Vayardo) Polaroid (Jorge Retamoza) Vientos de tango (Jorge Retamoza) Mayo (Jorge Retamoza) Oblivion (Astor Piazzolla) Tango alocado (Jorge Retamoza) Ma\u00f1ana zarpa un barco (L.Demare-H.Manzi) Repetici\u00f3n (Jorge Retamoza) Milonga alocada (Jorge Retamoza) Desvestuarios (J.Retamoza-C.Capella) Toda la m\u00fasica arreglada por Jorge Retamoza Jorge Retamoza:&#8230;<\/p>","protected":false},"featured_media":338,"template":"","meta":[],"product_brand":[],"product_cat":[49],"product_tag":[19,51],"class_list":{"0":"post-337","1":"product","2":"type-product","3":"status-publish","4":"has-post-thumbnail","6":"product_cat-discos","7":"product_tag-edicion-digital","8":"product_tag-edicion-fisica","10":"first","11":"instock","12":"shipping-taxable","13":"product-type-simple"},"yoast_head":"<!-- This site is optimized with the Yoast SEO plugin v23.0 - https:\/\/yoast.com\/wordpress\/plugins\/seo\/ -->\n<title>Vientos De Tango - Jorge Retamoza<\/title>\n<meta name=\"robots\" content=\"index, follow, max-snippet:-1, max-image-preview:large, max-video-preview:-1\" \/>\n<link rel=\"canonical\" href=\"https:\/\/www.retamoza.com.ar\/en\/producciones\/vientos-de-tango\/\" \/>\n<meta property=\"og:locale\" content=\"en_US\" \/>\n<meta property=\"og:type\" content=\"article\" \/>\n<meta property=\"og:title\" content=\"Vientos De Tango - Jorge Retamoza\" \/>\n<meta property=\"og:description\" content=\"Cafe 1930 (Astor Piazzolla) Buscando el marroco (Jorge Retamoza) Duelo criollo (J.Rezzano \u2013 L.Vayardo) Polaroid (Jorge Retamoza) Vientos de tango (Jorge Retamoza) Mayo (Jorge Retamoza) Oblivion (Astor Piazzolla) Tango alocado (Jorge Retamoza) Ma\u00f1ana zarpa un barco (L.Demare-H.Manzi) Repetici\u00f3n (Jorge Retamoza) Milonga alocada (Jorge Retamoza) Desvestuarios (J.Retamoza-C.Capella) Toda la m\u00fasica arreglada por Jorge Retamoza Jorge Retamoza:...\" \/>\n<meta property=\"og:url\" content=\"https:\/\/www.retamoza.com.ar\/en\/producciones\/vientos-de-tango\/\" \/>\n<meta property=\"og:site_name\" content=\"Jorge Retamoza\" \/>\n<meta property=\"article:modified_time\" content=\"2022-05-03T02:01:39+00:00\" \/>\n<meta property=\"og:image\" content=\"https:\/\/www.retamoza.com.ar\/wp-content\/uploads\/tapa-vientos-de-tango-20121.jpg\" \/>\n\t<meta property=\"og:image:width\" content=\"1200\" \/>\n\t<meta property=\"og:image:height\" content=\"1200\" \/>\n\t<meta property=\"og:image:type\" content=\"image\/jpeg\" \/>\n<meta name=\"twitter:card\" content=\"summary_large_image\" \/>\n<meta name=\"twitter:label1\" content=\"Est. reading time\" \/>\n\t<meta name=\"twitter:data1\" content=\"1 minute\" \/>\n<script type=\"application\/ld+json\" class=\"yoast-schema-graph\">{\"@context\":\"https:\/\/schema.org\",\"@graph\":[{\"@type\":\"WebPage\",\"@id\":\"https:\/\/www.retamoza.com.ar\/producciones\/vientos-de-tango\/\",\"url\":\"https:\/\/www.retamoza.com.ar\/producciones\/vientos-de-tango\/\",\"name\":\"Vientos De Tango - Jorge Retamoza\",\"isPartOf\":{\"@id\":\"https:\/\/www.retamoza.com.ar\/#website\"},\"primaryImageOfPage\":{\"@id\":\"https:\/\/www.retamoza.com.ar\/producciones\/vientos-de-tango\/#primaryimage\"},\"image\":{\"@id\":\"https:\/\/www.retamoza.com.ar\/producciones\/vientos-de-tango\/#primaryimage\"},\"thumbnailUrl\":\"https:\/\/www.retamoza.com.ar\/wp-content\/uploads\/tapa-vientos-de-tango-20121.jpg\",\"datePublished\":\"2010-01-01T03:00:47+00:00\",\"dateModified\":\"2022-05-03T02:01:39+00:00\",\"breadcrumb\":{\"@id\":\"https:\/\/www.retamoza.com.ar\/producciones\/vientos-de-tango\/#breadcrumb\"},\"inLanguage\":\"en-US\",\"potentialAction\":[{\"@type\":\"ReadAction\",\"target\":[\"https:\/\/www.retamoza.com.ar\/producciones\/vientos-de-tango\/\"]}]},{\"@type\":\"ImageObject\",\"inLanguage\":\"en-US\",\"@id\":\"https:\/\/www.retamoza.com.ar\/producciones\/vientos-de-tango\/#primaryimage\",\"url\":\"https:\/\/www.retamoza.com.ar\/wp-content\/uploads\/tapa-vientos-de-tango-20121.jpg\",\"contentUrl\":\"https:\/\/www.retamoza.com.ar\/wp-content\/uploads\/tapa-vientos-de-tango-20121.jpg\",\"width\":1200,\"height\":1200},{\"@type\":\"BreadcrumbList\",\"@id\":\"https:\/\/www.retamoza.com.ar\/producciones\/vientos-de-tango\/#breadcrumb\",\"itemListElement\":[{\"@type\":\"ListItem\",\"position\":1,\"name\":\"Inicio\",\"item\":\"https:\/\/www.retamoza.com.ar\/\"},{\"@type\":\"ListItem\",\"position\":2,\"name\":\"Tienda\",\"item\":\"https:\/\/www.retamoza.com.ar\/tienda\/\"},{\"@type\":\"ListItem\",\"position\":3,\"name\":\"Vientos De Tango\"}]},{\"@type\":\"WebSite\",\"@id\":\"https:\/\/www.retamoza.com.ar\/#website\",\"url\":\"https:\/\/www.retamoza.com.ar\/\",\"name\":\"Jorge Retamoza\",\"description\":\"Saxofonista Compositor\",\"publisher\":{\"@id\":\"https:\/\/www.retamoza.com.ar\/#organization\"},\"potentialAction\":[{\"@type\":\"SearchAction\",\"target\":{\"@type\":\"EntryPoint\",\"urlTemplate\":\"https:\/\/www.retamoza.com.ar\/?s={search_term_string}\"},\"query-input\":\"required name=search_term_string\"}],\"inLanguage\":\"en-US\"},{\"@type\":\"Organization\",\"@id\":\"https:\/\/www.retamoza.com.ar\/#organization\",\"name\":\"Jorge Retamoza\",\"url\":\"https:\/\/www.retamoza.com.ar\/\",\"logo\":{\"@type\":\"ImageObject\",\"inLanguage\":\"en-US\",\"@id\":\"https:\/\/www.retamoza.com.ar\/#\/schema\/logo\/image\/\",\"url\":\"https:\/\/www.retamoza.com.ar\/wp-content\/uploads\/Saxo_tenor_cpk_nikel1-e1651888892642.png\",\"contentUrl\":\"https:\/\/www.retamoza.com.ar\/wp-content\/uploads\/Saxo_tenor_cpk_nikel1-e1651888892642.png\",\"width\":1000,\"height\":1000,\"caption\":\"Jorge Retamoza\"},\"image\":{\"@id\":\"https:\/\/www.retamoza.com.ar\/#\/schema\/logo\/image\/\"}}]}<\/script>\n<!-- \/ Yoast SEO plugin. -->","yoast_head_json":{"title":"Vientos De Tango - Jorge Retamoza","robots":{"index":"index","follow":"follow","max-snippet":"max-snippet:-1","max-image-preview":"max-image-preview:large","max-video-preview":"max-video-preview:-1"},"canonical":"https:\/\/www.retamoza.com.ar\/en\/producciones\/vientos-de-tango\/","og_locale":"en_US","og_type":"article","og_title":"Vientos De Tango - Jorge Retamoza","og_description":"Cafe 1930 (Astor Piazzolla) Buscando el marroco (Jorge Retamoza) Duelo criollo (J.Rezzano \u2013 L.Vayardo) Polaroid (Jorge Retamoza) Vientos de tango (Jorge Retamoza) Mayo (Jorge Retamoza) Oblivion (Astor Piazzolla) Tango alocado (Jorge Retamoza) Ma\u00f1ana zarpa un barco (L.Demare-H.Manzi) Repetici\u00f3n (Jorge Retamoza) Milonga alocada (Jorge Retamoza) Desvestuarios (J.Retamoza-C.Capella) Toda la m\u00fasica arreglada por Jorge Retamoza Jorge Retamoza:...","og_url":"https:\/\/www.retamoza.com.ar\/en\/producciones\/vientos-de-tango\/","og_site_name":"Jorge Retamoza","article_modified_time":"2022-05-03T02:01:39+00:00","og_image":[{"width":1200,"height":1200,"url":"https:\/\/www.retamoza.com.ar\/wp-content\/uploads\/tapa-vientos-de-tango-20121.jpg","type":"image\/jpeg"}],"twitter_card":"summary_large_image","twitter_misc":{"Est. reading time":"1 minute"},"schema":{"@context":"https:\/\/schema.org","@graph":[{"@type":"WebPage","@id":"https:\/\/www.retamoza.com.ar\/producciones\/vientos-de-tango\/","url":"https:\/\/www.retamoza.com.ar\/producciones\/vientos-de-tango\/","name":"Vientos De Tango - Jorge Retamoza","isPartOf":{"@id":"https:\/\/www.retamoza.com.ar\/#website"},"primaryImageOfPage":{"@id":"https:\/\/www.retamoza.com.ar\/producciones\/vientos-de-tango\/#primaryimage"},"image":{"@id":"https:\/\/www.retamoza.com.ar\/producciones\/vientos-de-tango\/#primaryimage"},"thumbnailUrl":"https:\/\/www.retamoza.com.ar\/wp-content\/uploads\/tapa-vientos-de-tango-20121.jpg","datePublished":"2010-01-01T03:00:47+00:00","dateModified":"2022-05-03T02:01:39+00:00","breadcrumb":{"@id":"https:\/\/www.retamoza.com.ar\/producciones\/vientos-de-tango\/#breadcrumb"},"inLanguage":"en-US","potentialAction":[{"@type":"ReadAction","target":["https:\/\/www.retamoza.com.ar\/producciones\/vientos-de-tango\/"]}]},{"@type":"ImageObject","inLanguage":"en-US","@id":"https:\/\/www.retamoza.com.ar\/producciones\/vientos-de-tango\/#primaryimage","url":"https:\/\/www.retamoza.com.ar\/wp-content\/uploads\/tapa-vientos-de-tango-20121.jpg","contentUrl":"https:\/\/www.retamoza.com.ar\/wp-content\/uploads\/tapa-vientos-de-tango-20121.jpg","width":1200,"height":1200},{"@type":"BreadcrumbList","@id":"https:\/\/www.retamoza.com.ar\/producciones\/vientos-de-tango\/#breadcrumb","itemListElement":[{"@type":"ListItem","position":1,"name":"Inicio","item":"https:\/\/www.retamoza.com.ar\/"},{"@type":"ListItem","position":2,"name":"Tienda","item":"https:\/\/www.retamoza.com.ar\/tienda\/"},{"@type":"ListItem","position":3,"name":"Vientos De Tango"}]},{"@type":"WebSite","@id":"https:\/\/www.retamoza.com.ar\/#website","url":"https:\/\/www.retamoza.com.ar\/","name":"Jorge Retamoza","description":"Saxofonista Compositor","publisher":{"@id":"https:\/\/www.retamoza.com.ar\/#organization"},"potentialAction":[{"@type":"SearchAction","target":{"@type":"EntryPoint","urlTemplate":"https:\/\/www.retamoza.com.ar\/?s={search_term_string}"},"query-input":"required name=search_term_string"}],"inLanguage":"en-US"},{"@type":"Organization","@id":"https:\/\/www.retamoza.com.ar\/#organization","name":"Jorge Retamoza","url":"https:\/\/www.retamoza.com.ar\/","logo":{"@type":"ImageObject","inLanguage":"en-US","@id":"https:\/\/www.retamoza.com.ar\/#\/schema\/logo\/image\/","url":"https:\/\/www.retamoza.com.ar\/wp-content\/uploads\/Saxo_tenor_cpk_nikel1-e1651888892642.png","contentUrl":"https:\/\/www.retamoza.com.ar\/wp-content\/uploads\/Saxo_tenor_cpk_nikel1-e1651888892642.png","width":1000,"height":1000,"caption":"Jorge Retamoza"},"image":{"@id":"https:\/\/www.retamoza.com.ar\/#\/schema\/logo\/image\/"}}]}},"_links":{"self":[{"href":"https:\/\/www.retamoza.com.ar\/en\/wp-json\/wp\/v2\/product\/337","targetHints":{"allow":["GET"]}}],"collection":[{"href":"https:\/\/www.retamoza.com.ar\/en\/wp-json\/wp\/v2\/product"}],"about":[{"href":"https:\/\/www.retamoza.com.ar\/en\/wp-json\/wp\/v2\/types\/product"}],"wp:featuredmedia":[{"embeddable":true,"href":"https:\/\/www.retamoza.com.ar\/en\/wp-json\/wp\/v2\/media\/338"}],"wp:attachment":[{"href":"https:\/\/www.retamoza.com.ar\/en\/wp-json\/wp\/v2\/media?parent=337"}],"wp:term":[{"taxonomy":"product_brand","embeddable":true,"href":"https:\/\/www.retamoza.com.ar\/en\/wp-json\/wp\/v2\/product_brand?post=337"},{"taxonomy":"product_cat","embeddable":true,"href":"https:\/\/www.retamoza.com.ar\/en\/wp-json\/wp\/v2\/product_cat?post=337"},{"taxonomy":"product_tag","embeddable":true,"href":"https:\/\/www.retamoza.com.ar\/en\/wp-json\/wp\/v2\/product_tag?post=337"}],"curies":[{"name":"wp","href":"https:\/\/api.w.org\/{rel}","templated":true}]}}