{"id":600,"date":"2022-05-05T22:35:52","date_gmt":"2022-05-06T01:35:52","guid":{"rendered":"https:\/\/jorge.retamoza.com.ar\/?page_id=600"},"modified":"2022-05-05T23:35:42","modified_gmt":"2022-05-06T02:35:42","slug":"arreglos","status":"publish","type":"page","link":"https:\/\/www.retamoza.com.ar\/en\/arreglos\/","title":{"rendered":"Arrangements"},"content":{"rendered":"<section class=\"l-section wpb_row height_custom\"><div class=\"l-section-h i-cf\"><div class=\"g-cols vc_row via_grid cols_1 laptops-cols_inherit tablets-cols_inherit mobiles-cols_1 valign_top type_default stacking_default\"><div class=\"wpb_column vc_column_container\"><div class=\"vc_column-inner\"><div class=\"w-grid us_custom_89a917f4 type_grid layout_612 valign_center open_items_in_popup\" id=\"us_grid_1\" style=\"--gap:1.5rem;\" data-filterable=\"true\"><style>.layout_612 .w-grid-item-h{}@media(max-width:479px){.layout_612 .usg_post_image_1{display:none!important}}.layout_612 .usg_hwrapper_1{color:var(--color-content-text)!important;margin-right:10%!important;padding-top:6%!important;padding-bottom:6%!important;border-radius:0.3em!important;background:var(--color-content-bg-alt)!important;box-shadow:0 0 0.05em 0.05em #967444!important}.layout_612 .usg_vwrapper_1{width:48%!important;margin-left:6%!important;margin-right:0!important}.layout_612 .usg_post_image_1{width:50%!important;margin-left:7%!important;margin-right:-11%!important;border-radius:0.3em!important;box-shadow:0 0 0.5rem 0.05rem #967444!important}.layout_612 .usg_post_title_1{line-height:1.2!important;font-weight:700!important;text-shadow:0 0 0.05em #967444!important}.layout_612 .usg_post_content_1{font-size:0.9rem!important}@media (min-width:1025px) and (max-width:1280px){.layout_612 .usg_hwrapper_1{color:var(--color-content-text)!important;margin-right:10%!important;padding-top:6%!important;padding-bottom:6%!important;border-radius:0.3em!important;background:var(--color-content-bg-alt)!important;box-shadow:0 0 0.05em 0.05em #967444!important}.layout_612 .usg_vwrapper_1{width:48%!important;margin-left:6%!important;margin-right:0!important}.layout_612 .usg_post_image_1{width:50%!important;margin-left:7%!important;margin-right:-11%!important;border-radius:0.3em!important;box-shadow:0 0 0.5rem 0.05rem #967444!important}.layout_612 .usg_post_title_1{line-height:1.2!important;font-weight:700!important;text-shadow:0 0 0.05em #967444!important}.layout_612 .usg_post_content_1{font-size:0.9rem!important}}@media (min-width:601px) and (max-width:1024px){.layout_612 .usg_hwrapper_1{color:var(--color-content-text)!important;margin-right:10%!important;padding-top:6%!important;padding-bottom:6%!important;border-radius:0.3em!important;background:var(--color-content-bg-alt)!important;box-shadow:0 0 0.05em 0.05em #967444!important}.layout_612 .usg_vwrapper_1{width:48%!important;margin-left:6%!important;margin-right:0!important}.layout_612 .usg_post_image_1{width:50%!important;margin-left:7%!important;margin-right:-11%!important;border-radius:0.3em!important;box-shadow:0 0 0.5rem 0.05rem #967444!important}.layout_612 .usg_post_title_1{line-height:1.2!important;font-weight:700!important;text-shadow:0 0 0.05em #967444!important}.layout_612 .usg_post_content_1{font-size:0.9rem!important}}@media (max-width:600px){.layout_612 .usg_hwrapper_1{margin-left:0!important;margin-right:0!important;padding-top:0!important;padding-bottom:0!important}.layout_612 .usg_vwrapper_1{width:86%!important;margin:7% 7% 5% 7%!important}.layout_612 .usg_post_image_1{width:100%!important;margin-left:0!important;margin-right:0!important}}<\/style><div class=\"w-grid-list\">\t<article class=\"w-grid-item size_1x1 post-1258 product type-product status-publish has-post-thumbnail product_cat-arreglos first instock shipping-taxable product-type-simple\" data-id=\"1258\">\n\t\t<div class=\"w-grid-item-h\">\n\t\t\t\t\t\t\t<a href=\"https:\/\/www.retamoza.com.ar\/en\/producciones\/milonga-loca-astor-piazzolla-cuarteto-de-saxofones\/\" class=\"w-grid-item-anchor\" aria-label=\"MILONGA LOCA &#8211; Astor Piazzolla, Cuarteto de Saxofones\"><\/a>\n\t\t\t\t\t\t<div class=\"w-hwrapper usg_hwrapper_1 has_text_color align_none valign_top wrap\" style=\"--hwrapper-gap:1.20rem\"><div class=\"w-vwrapper usg_vwrapper_1 align_none valign_top\"><h2 class=\"w-post-elm post_title usg_post_title_1 woocommerce-loop-product__title color_link_inherit\"><a href=\"https:\/\/www.retamoza.com.ar\/en\/producciones\/milonga-loca-astor-piazzolla-cuarteto-de-saxofones\/\">MILONGA LOCA &#8211; Astor Piazzolla, Cuarteto de Saxofones<\/a><\/h2><div class=\"w-post-elm post_content usg_post_content_1\">Adaptaci\u00f3n y arreglo de Jorge Retamoza Score, Saxo Soprano, Saxo Alto, Saxo Tenor, Saxo Bar\u00edtono https:\/\/open.spotify.com\/intl-es\/track\/4sOj7W7WbKQdEtXGjvk3Ar?si=c60659fbfb67416b MILONGA LOCA SCORE TRANSP MILONGA LOCA &#8211; Saxo Tenor MILONGA LOCA &#8211; Saxo Soprano MILONGA LOCA &#8211; Saxo Bar\u00edtono MILONGA LOCA &#8211; Saxo Alto &nbsp;<\/div><\/div><div class=\"w-post-elm post_image usg_post_image_1 has_width stretched\"><a href=\"https:\/\/www.retamoza.com.ar\/en\/producciones\/milonga-loca-astor-piazzolla-cuarteto-de-saxofones\/\" aria-label=\"MILONGA LOCA &#8211; Astor Piazzolla, Cuarteto de Saxofones\"><img loading=\"lazy\" decoding=\"async\" width=\"1024\" height=\"724\" src=\"https:\/\/www.retamoza.com.ar\/wp-content\/uploads\/MILONGA-LOCA-SCORE-TRANSP-1-pdf-1024x724.jpg\" class=\"attachment-large size-large wp-post-image\" alt=\"\" \/><\/a><\/div><\/div>\t\t<\/div>\n\t<\/article>\n\t<article class=\"w-grid-item size_1x1 post-590 product type-product status-publish has-post-thumbnail product_cat-arreglos  instock downloadable virtual purchasable product-type-simple\" data-id=\"590\">\n\t\t<div class=\"w-grid-item-h\">\n\t\t\t\t\t\t\t<a href=\"https:\/\/www.retamoza.com.ar\/en\/producciones\/escolaso-astor-piazzolla-cuarteto-de-saxofones\/\" class=\"w-grid-item-anchor\" aria-label=\"Escolaso \u2013 Astor Piazzolla, Cuarteto de Saxofones\"><\/a>\n\t\t\t\t\t\t<div class=\"w-hwrapper usg_hwrapper_1 has_text_color align_none valign_top wrap\" style=\"--hwrapper-gap:1.20rem\"><div class=\"w-vwrapper usg_vwrapper_1 align_none valign_top\"><h2 class=\"w-post-elm post_title usg_post_title_1 woocommerce-loop-product__title color_link_inherit\"><a href=\"https:\/\/www.retamoza.com.ar\/en\/producciones\/escolaso-astor-piazzolla-cuarteto-de-saxofones\/\">Escolaso \u2013 Astor Piazzolla, Cuarteto de Saxofones<\/a><\/h2><div class=\"w-post-elm post_content usg_post_content_1\">Adaptation and arrangement: Luis Chiurco y Jorge Retamoza Score, Saxo Soprano, Saxo Alto, SaxoTenor, Saxo Bar\u00edtono<\/div><\/div><div class=\"w-post-elm post_image usg_post_image_1 has_width stretched\"><a href=\"https:\/\/www.retamoza.com.ar\/en\/producciones\/escolaso-astor-piazzolla-cuarteto-de-saxofones\/\" aria-label=\"Escolaso \u2013 Astor Piazzolla, Cuarteto de Saxofones\"><img loading=\"lazy\" decoding=\"async\" width=\"543\" height=\"543\" src=\"https:\/\/www.retamoza.com.ar\/wp-content\/uploads\/Screenshot-2022-05-03-at-00-35-39-Web-del-saxofonista-Jorge-Retamoza.png\" class=\"attachment-large size-large wp-post-image\" alt=\"\" srcset=\"https:\/\/www.retamoza.com.ar\/wp-content\/uploads\/Screenshot-2022-05-03-at-00-35-39-Web-del-saxofonista-Jorge-Retamoza.png 543w, https:\/\/www.retamoza.com.ar\/wp-content\/uploads\/Screenshot-2022-05-03-at-00-35-39-Web-del-saxofonista-Jorge-Retamoza-300x300.png 300w, https:\/\/www.retamoza.com.ar\/wp-content\/uploads\/Screenshot-2022-05-03-at-00-35-39-Web-del-saxofonista-Jorge-Retamoza-150x150.png 150w\" sizes=\"auto, (max-width: 543px) 100vw, 543px\" \/><\/a><\/div><\/div>\t\t<\/div>\n\t<\/article>\n\t<article class=\"w-grid-item size_1x1 post-629 product type-product status-publish has-post-thumbnail product_cat-arreglos last instock downloadable virtual sold-individually purchasable product-type-simple\" data-id=\"629\">\n\t\t<div class=\"w-grid-item-h\">\n\t\t\t\t\t\t\t<a href=\"https:\/\/www.retamoza.com.ar\/en\/producciones\/estudio-1\/\" class=\"w-grid-item-anchor\" aria-label=\"Estudio 1\"><\/a>\n\t\t\t\t\t\t<div class=\"w-hwrapper usg_hwrapper_1 has_text_color align_none valign_top wrap\" style=\"--hwrapper-gap:1.20rem\"><div class=\"w-vwrapper usg_vwrapper_1 align_none valign_top\"><h2 class=\"w-post-elm post_title usg_post_title_1 woocommerce-loop-product__title color_link_inherit\"><a href=\"https:\/\/www.retamoza.com.ar\/en\/producciones\/estudio-1\/\">Estudio 1<\/a><\/h2><div class=\"w-post-elm post_content usg_post_content_1\">Versi\u00f3n a d\u00fao para saxo alto o bar\u00edtono y piano del tema grabado en Colores del Oto\u00f1o por el Jorge Retamoza Cuarteto<\/div><\/div><div class=\"w-post-elm post_image usg_post_image_1 has_width stretched\"><a href=\"https:\/\/www.retamoza.com.ar\/en\/producciones\/estudio-1\/\" aria-label=\"Estudio 1\"><img loading=\"lazy\" decoding=\"async\" width=\"921\" height=\"921\" src=\"https:\/\/www.retamoza.com.ar\/wp-content\/uploads\/Screenshot-2022-05-05-at-23-10-22-EStudio-1-Baritone-Sax.-EStudio-1-Alto-Baritone-Sax-.pdf.png\" class=\"attachment-large size-large wp-post-image\" alt=\"\" srcset=\"https:\/\/www.retamoza.com.ar\/wp-content\/uploads\/Screenshot-2022-05-05-at-23-10-22-EStudio-1-Baritone-Sax.-EStudio-1-Alto-Baritone-Sax-.pdf.png 921w, https:\/\/www.retamoza.com.ar\/wp-content\/uploads\/Screenshot-2022-05-05-at-23-10-22-EStudio-1-Baritone-Sax.-EStudio-1-Alto-Baritone-Sax-.pdf-300x300.png 300w, https:\/\/www.retamoza.com.ar\/wp-content\/uploads\/Screenshot-2022-05-05-at-23-10-22-EStudio-1-Baritone-Sax.-EStudio-1-Alto-Baritone-Sax-.pdf-150x150.png 150w, https:\/\/www.retamoza.com.ar\/wp-content\/uploads\/Screenshot-2022-05-05-at-23-10-22-EStudio-1-Baritone-Sax.-EStudio-1-Alto-Baritone-Sax-.pdf-600x600.png 600w\" sizes=\"auto, (max-width: 921px) 100vw, 921px\" \/><\/a><\/div><\/div>\t\t<\/div>\n\t<\/article>\n\t<article class=\"w-grid-item size_1x1 post-588 product type-product status-publish has-post-thumbnail product_cat-arreglos first instock downloadable virtual sold-individually purchasable product-type-simple\" data-id=\"588\">\n\t\t<div class=\"w-grid-item-h\">\n\t\t\t\t\t\t\t<a href=\"https:\/\/www.retamoza.com.ar\/en\/producciones\/de-algun-modo-jorge-retamoza-cuarteto-de-saxofones\/\" class=\"w-grid-item-anchor\" aria-label=\"Somehow \u2013 Jorge Retamoza, Saxophone Quartet\"><\/a>\n\t\t\t\t\t\t<div class=\"w-hwrapper usg_hwrapper_1 has_text_color align_none valign_top wrap\" style=\"--hwrapper-gap:1.20rem\"><div class=\"w-vwrapper usg_vwrapper_1 align_none valign_top\"><h2 class=\"w-post-elm post_title usg_post_title_1 woocommerce-loop-product__title color_link_inherit\"><a href=\"https:\/\/www.retamoza.com.ar\/en\/producciones\/de-algun-modo-jorge-retamoza-cuarteto-de-saxofones\/\">Somehow \u2013 Jorge Retamoza, Saxophone Quartet<\/a><\/h2><div class=\"w-post-elm post_content usg_post_content_1\">Composici\u00f3n y arreglo: Jorge Retamoza Score, Saxo Soprano, Saxo Alto, Saxo Tenor, Saxo Bar\u00edtono<\/div><\/div><div class=\"w-post-elm post_image usg_post_image_1 has_width stretched\"><a href=\"https:\/\/www.retamoza.com.ar\/en\/producciones\/de-algun-modo-jorge-retamoza-cuarteto-de-saxofones\/\" aria-label=\"Somehow \u2013 Jorge Retamoza, Saxophone Quartet\"><img loading=\"lazy\" decoding=\"async\" width=\"544\" height=\"544\" src=\"https:\/\/www.retamoza.com.ar\/wp-content\/uploads\/de-algun-modo.png\" class=\"attachment-large size-large wp-post-image\" alt=\"\" srcset=\"https:\/\/www.retamoza.com.ar\/wp-content\/uploads\/de-algun-modo.png 544w, https:\/\/www.retamoza.com.ar\/wp-content\/uploads\/de-algun-modo-300x300.png 300w, https:\/\/www.retamoza.com.ar\/wp-content\/uploads\/de-algun-modo-150x150.png 150w\" sizes=\"auto, (max-width: 544px) 100vw, 544px\" \/><\/a><\/div><\/div>\t\t<\/div>\n\t<\/article>\n\t<article class=\"w-grid-item size_1x1 post-586 product type-product status-publish has-post-thumbnail product_cat-arreglos  instock downloadable virtual sold-individually purchasable product-type-simple\" data-id=\"586\">\n\t\t<div class=\"w-grid-item-h\">\n\t\t\t\t\t\t\t<a href=\"https:\/\/www.retamoza.com.ar\/en\/producciones\/michelangelo-70-astor-piazzolla-cuarteto-de-saxofones\/\" class=\"w-grid-item-anchor\" aria-label=\"Michelangelo 70 \u2013 Astor Piazzolla, Cuarteto de Saxofones\"><\/a>\n\t\t\t\t\t\t<div class=\"w-hwrapper usg_hwrapper_1 has_text_color align_none valign_top wrap\" style=\"--hwrapper-gap:1.20rem\"><div class=\"w-vwrapper usg_vwrapper_1 align_none valign_top\"><h2 class=\"w-post-elm post_title usg_post_title_1 woocommerce-loop-product__title color_link_inherit\"><a href=\"https:\/\/www.retamoza.com.ar\/en\/producciones\/michelangelo-70-astor-piazzolla-cuarteto-de-saxofones\/\">Michelangelo 70 \u2013 Astor Piazzolla, Cuarteto de Saxofones<\/a><\/h2><div class=\"w-post-elm post_content usg_post_content_1\">Adaptaci\u00f3n y arreglo: Jorge Retamoza Score, Saxo Soprano, Saxo Alto, Saxo Tenor, Saxo Bar\u00edtono<\/div><\/div><div class=\"w-post-elm post_image usg_post_image_1 has_width stretched\"><a href=\"https:\/\/www.retamoza.com.ar\/en\/producciones\/michelangelo-70-astor-piazzolla-cuarteto-de-saxofones\/\" aria-label=\"Michelangelo 70 \u2013 Astor Piazzolla, Cuarteto de Saxofones\"><img loading=\"lazy\" decoding=\"async\" width=\"770\" height=\"769\" src=\"https:\/\/www.retamoza.com.ar\/wp-content\/uploads\/michelangelo-70.png\" class=\"attachment-large size-large wp-post-image\" alt=\"\" srcset=\"https:\/\/www.retamoza.com.ar\/wp-content\/uploads\/michelangelo-70.png 770w, https:\/\/www.retamoza.com.ar\/wp-content\/uploads\/michelangelo-70-300x300.png 300w, https:\/\/www.retamoza.com.ar\/wp-content\/uploads\/michelangelo-70-150x150.png 150w, https:\/\/www.retamoza.com.ar\/wp-content\/uploads\/michelangelo-70-600x599.png 600w\" sizes=\"auto, (max-width: 770px) 100vw, 770px\" \/><\/a><\/div><\/div>\t\t<\/div>\n\t<\/article>\n<\/div><div class=\"w-grid-preloader\">\t<div class=\"g-preloader type_1\">\n\t\t<div><\/div>\n\t<\/div>\n\t<\/div>\t<div class=\"w-grid-json hidden\" onclick='return {&quot;action&quot;:&quot;us_ajax_grid&quot;,&quot;ajax_url&quot;:&quot;https:\\\/\\\/www.retamoza.com.ar\\\/wp-admin\\\/admin-ajax.php&quot;,&quot;infinite_scroll&quot;:0,&quot;max_num_pages&quot;:1,&quot;pagination&quot;:&quot;none&quot;,&quot;template_vars&quot;:{&quot;columns&quot;:&quot;1&quot;,&quot;exclude_items&quot;:&quot;none&quot;,&quot;img_size&quot;:&quot;default&quot;,&quot;ignore_items_size&quot;:0,&quot;items_layout&quot;:&quot;612&quot;,&quot;items_offset&quot;:&quot;1&quot;,&quot;load_animation&quot;:&quot;none&quot;,&quot;overriding_link&quot;:&quot;%7B%22type%22%3A%22popup_post%22%7D&quot;,&quot;post_id&quot;:0,&quot;query_args&quot;:{&quot;post_type&quot;:[&quot;product&quot;],&quot;tax_query&quot;:[{&quot;taxonomy&quot;:&quot;product_cat&quot;,&quot;field&quot;:&quot;slug&quot;,&quot;terms&quot;:[&quot;arreglos&quot;]},{&quot;taxonomy&quot;:&quot;product_visibility&quot;,&quot;field&quot;:&quot;slug&quot;,&quot;terms&quot;:[&quot;exclude-from-catalog&quot;],&quot;operator&quot;:&quot;NOT IN&quot;}],&quot;post_status&quot;:[&quot;publish&quot;],&quot;meta_query&quot;:[],&quot;posts_per_page&quot;:&quot;20&quot;},&quot;orderby_query_args&quot;:{&quot;orderby&quot;:&quot;RAND(2143558207)&quot;},&quot;type&quot;:&quot;grid&quot;,&quot;us_grid_ajax_index&quot;:1,&quot;us_grid_filter_params&quot;:[],&quot;us_grid_index&quot;:1,&quot;_us_grid_post_type&quot;:&quot;product&quot;,&quot;page_args&quot;:[]}}'><\/div>\n\t\t<div class=\"l-popup\">\n\t\t<div class=\"l-popup-overlay\"><\/div>\n\t\t<div class=\"l-popup-wrap\">\n\t\t\t<div class=\"l-popup-box\">\n\t\t\t\t<div class=\"l-popup-box-content\" style=\"max-width:65%;\">\n\t\t\t\t\t<div class=\"g-preloader type_1\">\n\t\t\t\t\t\t<div><\/div>\n\t\t\t\t\t<\/div>\n\t\t\t\t\t<iframe class=\"l-popup-box-content-frame\" allowfullscreen><\/iframe>\n\t\t\t\t<\/div>\n\t\t\t<\/div>\n\t\t\t\t\t\t<div class=\"l-popup-closer\"><\/div>\n\t\t<\/div>\n\t<\/div>\n\t<\/div><\/div><\/div><\/div><\/div><\/section>","protected":false},"excerpt":{"rendered":"Adaptaci\u00f3n y arreglo: Jorge Retamoza Score, Saxo Soprano, Saxo Alto, Saxo Tenor, Saxo Bar\u00edtono https:\/\/open.spotify.com\/intl-es\/track\/6UFY3VM617OhYc6MJG7k7I?si=ee4dca26cb8d48e5","protected":false},"author":1,"featured_media":0,"parent":0,"menu_order":0,"comment_status":"closed","ping_status":"closed","template":"","meta":{"footnotes":""},"class_list":["post-600","page","type-page","status-publish","hentry"],"yoast_head":"<!-- This site is optimized with the Yoast SEO plugin v23.0 - https:\/\/yoast.com\/wordpress\/plugins\/seo\/ -->\n<title>Arreglos - Jorge Retamoza<\/title>\n<meta name=\"robots\" content=\"index, follow, max-snippet:-1, max-image-preview:large, max-video-preview:-1\" \/>\n<link rel=\"canonical\" href=\"https:\/\/www.retamoza.com.ar\/en\/arreglos\/\" \/>\n<meta property=\"og:locale\" content=\"en_US\" \/>\n<meta property=\"og:type\" content=\"article\" \/>\n<meta property=\"og:title\" content=\"Arreglos - Jorge Retamoza\" \/>\n<meta property=\"og:url\" content=\"https:\/\/www.retamoza.com.ar\/en\/arreglos\/\" \/>\n<meta property=\"og:site_name\" content=\"Jorge Retamoza\" \/>\n<meta property=\"article:modified_time\" content=\"2022-05-06T02:35:42+00:00\" \/>\n<meta name=\"twitter:card\" content=\"summary_large_image\" \/>\n<meta name=\"twitter:label1\" content=\"Est. reading time\" \/>\n\t<meta name=\"twitter:data1\" content=\"1 minute\" \/>\n<script type=\"application\/ld+json\" class=\"yoast-schema-graph\">{\"@context\":\"https:\/\/schema.org\",\"@graph\":[{\"@type\":\"WebPage\",\"@id\":\"https:\/\/www.retamoza.com.ar\/arreglos\/\",\"url\":\"https:\/\/www.retamoza.com.ar\/arreglos\/\",\"name\":\"Arreglos - Jorge Retamoza\",\"isPartOf\":{\"@id\":\"https:\/\/www.retamoza.com.ar\/#website\"},\"datePublished\":\"2022-05-06T01:35:52+00:00\",\"dateModified\":\"2022-05-06T02:35:42+00:00\",\"breadcrumb\":{\"@id\":\"https:\/\/www.retamoza.com.ar\/arreglos\/#breadcrumb\"},\"inLanguage\":\"en-US\",\"potentialAction\":[{\"@type\":\"ReadAction\",\"target\":[\"https:\/\/www.retamoza.com.ar\/arreglos\/\"]}]},{\"@type\":\"BreadcrumbList\",\"@id\":\"https:\/\/www.retamoza.com.ar\/arreglos\/#breadcrumb\",\"itemListElement\":[{\"@type\":\"ListItem\",\"position\":1,\"name\":\"Inicio\",\"item\":\"https:\/\/www.retamoza.com.ar\/\"},{\"@type\":\"ListItem\",\"position\":2,\"name\":\"Arreglos\"}]},{\"@type\":\"WebSite\",\"@id\":\"https:\/\/www.retamoza.com.ar\/#website\",\"url\":\"https:\/\/www.retamoza.com.ar\/\",\"name\":\"Jorge Retamoza\",\"description\":\"Saxofonista Compositor\",\"publisher\":{\"@id\":\"https:\/\/www.retamoza.com.ar\/#organization\"},\"potentialAction\":[{\"@type\":\"SearchAction\",\"target\":{\"@type\":\"EntryPoint\",\"urlTemplate\":\"https:\/\/www.retamoza.com.ar\/?s={search_term_string}\"},\"query-input\":\"required name=search_term_string\"}],\"inLanguage\":\"en-US\"},{\"@type\":\"Organization\",\"@id\":\"https:\/\/www.retamoza.com.ar\/#organization\",\"name\":\"Jorge Retamoza\",\"url\":\"https:\/\/www.retamoza.com.ar\/\",\"logo\":{\"@type\":\"ImageObject\",\"inLanguage\":\"en-US\",\"@id\":\"https:\/\/www.retamoza.com.ar\/#\/schema\/logo\/image\/\",\"url\":\"https:\/\/www.retamoza.com.ar\/wp-content\/uploads\/Saxo_tenor_cpk_nikel1-e1651888892642.png\",\"contentUrl\":\"https:\/\/www.retamoza.com.ar\/wp-content\/uploads\/Saxo_tenor_cpk_nikel1-e1651888892642.png\",\"width\":1000,\"height\":1000,\"caption\":\"Jorge Retamoza\"},\"image\":{\"@id\":\"https:\/\/www.retamoza.com.ar\/#\/schema\/logo\/image\/\"}}]}<\/script>\n<!-- \/ Yoast SEO plugin. -->","yoast_head_json":{"title":"Arreglos - Jorge Retamoza","robots":{"index":"index","follow":"follow","max-snippet":"max-snippet:-1","max-image-preview":"max-image-preview:large","max-video-preview":"max-video-preview:-1"},"canonical":"https:\/\/www.retamoza.com.ar\/en\/arreglos\/","og_locale":"en_US","og_type":"article","og_title":"Arreglos - Jorge Retamoza","og_url":"https:\/\/www.retamoza.com.ar\/en\/arreglos\/","og_site_name":"Jorge Retamoza","article_modified_time":"2022-05-06T02:35:42+00:00","twitter_card":"summary_large_image","twitter_misc":{"Est. reading time":"1 minute"},"schema":{"@context":"https:\/\/schema.org","@graph":[{"@type":"WebPage","@id":"https:\/\/www.retamoza.com.ar\/arreglos\/","url":"https:\/\/www.retamoza.com.ar\/arreglos\/","name":"Arreglos - Jorge Retamoza","isPartOf":{"@id":"https:\/\/www.retamoza.com.ar\/#website"},"datePublished":"2022-05-06T01:35:52+00:00","dateModified":"2022-05-06T02:35:42+00:00","breadcrumb":{"@id":"https:\/\/www.retamoza.com.ar\/arreglos\/#breadcrumb"},"inLanguage":"en-US","potentialAction":[{"@type":"ReadAction","target":["https:\/\/www.retamoza.com.ar\/arreglos\/"]}]},{"@type":"BreadcrumbList","@id":"https:\/\/www.retamoza.com.ar\/arreglos\/#breadcrumb","itemListElement":[{"@type":"ListItem","position":1,"name":"Inicio","item":"https:\/\/www.retamoza.com.ar\/"},{"@type":"ListItem","position":2,"name":"Arreglos"}]},{"@type":"WebSite","@id":"https:\/\/www.retamoza.com.ar\/#website","url":"https:\/\/www.retamoza.com.ar\/","name":"Jorge Retamoza","description":"Saxofonista Compositor","publisher":{"@id":"https:\/\/www.retamoza.com.ar\/#organization"},"potentialAction":[{"@type":"SearchAction","target":{"@type":"EntryPoint","urlTemplate":"https:\/\/www.retamoza.com.ar\/?s={search_term_string}"},"query-input":"required name=search_term_string"}],"inLanguage":"en-US"},{"@type":"Organization","@id":"https:\/\/www.retamoza.com.ar\/#organization","name":"Jorge Retamoza","url":"https:\/\/www.retamoza.com.ar\/","logo":{"@type":"ImageObject","inLanguage":"en-US","@id":"https:\/\/www.retamoza.com.ar\/#\/schema\/logo\/image\/","url":"https:\/\/www.retamoza.com.ar\/wp-content\/uploads\/Saxo_tenor_cpk_nikel1-e1651888892642.png","contentUrl":"https:\/\/www.retamoza.com.ar\/wp-content\/uploads\/Saxo_tenor_cpk_nikel1-e1651888892642.png","width":1000,"height":1000,"caption":"Jorge Retamoza"},"image":{"@id":"https:\/\/www.retamoza.com.ar\/#\/schema\/logo\/image\/"}}]}},"_links":{"self":[{"href":"https:\/\/www.retamoza.com.ar\/en\/wp-json\/wp\/v2\/pages\/600","targetHints":{"allow":["GET"]}}],"collection":[{"href":"https:\/\/www.retamoza.com.ar\/en\/wp-json\/wp\/v2\/pages"}],"about":[{"href":"https:\/\/www.retamoza.com.ar\/en\/wp-json\/wp\/v2\/types\/page"}],"author":[{"embeddable":true,"href":"https:\/\/www.retamoza.com.ar\/en\/wp-json\/wp\/v2\/users\/1"}],"replies":[{"embeddable":true,"href":"https:\/\/www.retamoza.com.ar\/en\/wp-json\/wp\/v2\/comments?post=600"}],"version-history":[{"count":14,"href":"https:\/\/www.retamoza.com.ar\/en\/wp-json\/wp\/v2\/pages\/600\/revisions"}],"predecessor-version":[{"id":634,"href":"https:\/\/www.retamoza.com.ar\/en\/wp-json\/wp\/v2\/pages\/600\/revisions\/634"}],"wp:attachment":[{"href":"https:\/\/www.retamoza.com.ar\/en\/wp-json\/wp\/v2\/media?parent=600"}],"curies":[{"name":"wp","href":"https:\/\/api.w.org\/{rel}","templated":true}]}}